{"id":25070,"date":"2024-09-11T09:47:29","date_gmt":"2024-09-11T07:47:29","guid":{"rendered":"https:\/\/www.lassociation.fr\/?post_type=product&#038;p=25070"},"modified":"2026-04-29T15:38:11","modified_gmt":"2026-04-29T13:38:11","slug":"jeu-memory-48-paires","status":"publish","type":"product","link":"https:\/\/www.lassociation.fr\/en\/catalogue\/jeu-memory-48-paires\/","title":{"rendered":"Jeu Memory \u2013 48 paires"},"content":{"rendered":"<p>Qui d\u2019autre que Julie Doucet pour r\u00e9aliser le premier jeu de Memory de L\u2019Association\u00a0? Collage, dessin, po\u00e9sie concr\u00e8te, ces 48 paires de cartes constituent autant de fen\u00eatres sur les univers graphiques de l\u2019artiste qu\u00e9b\u00e9coise, <a href=\"https:\/\/www.bdangouleme.com\/grand-prix-festival-angouleme-2022\" target=\"_blank\" rel=\"noopener\">Grand prix de la ville d\u2019Angoul\u00eame en 2022<\/a>, qui a \u0153uvr\u00e9 tant dans le domaine de la bande dessin\u00e9e, que dans ceux de la po\u00e9sie, de la micro\u00e9dition et des arts plastiques.<\/p>\n<p>Une premi\u00e8re version du jeu avait \u00e9t\u00e9 r\u00e9alis\u00e9e en s\u00e9rigraphie et tir\u00e9e \u00e0 25 exemplaires par Julie Doucet en 2007.<\/p>\n<p>Chaque pion soulev\u00e9 suscitera l\u2019\u00e9merveillement et s\u2019imprimera durablement sur votre r\u00e9tine.<br \/>\nH\u00e2tez-vous, car il s\u2019agit d\u2019une \u00e9dition limit\u00e9e \u00e0 1 500 exemplaires.<\/p>\n<p>Les cartes humoristiques, po\u00e9tiques et color\u00e9es de ce jeu (fabriqu\u00e9 en France) se rangent dans une bo\u00eete cartonn\u00e9e mesurant 17x17x5cm.<\/p>\n","protected":false},"excerpt":{"rendered":"<p>Qui d\u2019autre que Julie Doucet pour r\u00e9aliser le premier jeu de Memory de L\u2019Association\u00a0? Collage, dessin, po\u00e9sie concr\u00e8te, ces 48 paires de cartes constituent autant de fen\u00eatres sur les univers graphiques de l\u2019artiste qu\u00e9b\u00e9coise, Grand prix de la ville d\u2019Angoul\u00eame en 2022, qui a \u0153uvr\u00e9 tant dans le domaine de la bande dessin\u00e9e, que dans [&hellip;]<\/p>\n","protected":false},"featured_media":25071,"template":"","meta":{"_acf_changed":false},"product_cat":[48],"product_tag":[],"class_list":{"0":"post-25070","1":"product","2":"type-product","3":"status-publish","4":"has-post-thumbnail","6":"product_cat-hors-collection","7":"product_shipping_class-avec-signature","8":"member-discount","9":"discount-restricted","11":"first","12":"instock","13":"taxable","14":"shipping-taxable","15":"purchasable","16":"product-type-simple"},"acf":[],"yoast_head":"<title>Jeu Memory \u2013 48 paires - L\u2019Association<\/title>\n<meta name=\"robots\" content=\"index, follow, max-snippet:-1, max-image-preview:large, max-video-preview:-1\" \/>\n<link rel=\"canonical\" href=\"https:\/\/www.lassociation.fr\/en\/catalogue\/jeu-memory-48-paires\/\" \/>\n<meta property=\"og:locale\" content=\"en_US\" \/>\n<meta property=\"og:type\" content=\"article\" \/>\n<meta property=\"og:title\" content=\"Jeu Memory \u2013 48 paires - L\u2019Association\" \/>\n<meta property=\"og:description\" content=\"Qui d\u2019autre que Julie Doucet pour r\u00e9aliser le premier jeu de Memory de L\u2019Association\u00a0? Collage, dessin, po\u00e9sie concr\u00e8te, ces 48 paires de cartes constituent autant de fen\u00eatres sur les univers graphiques de l\u2019artiste qu\u00e9b\u00e9coise, Grand prix de la ville d\u2019Angoul\u00eame en 2022, qui a \u0153uvr\u00e9 tant dans le domaine de la bande dessin\u00e9e, que dans [&hellip;]\" \/>\n<meta property=\"og:url\" content=\"https:\/\/www.lassociation.fr\/en\/catalogue\/jeu-memory-48-paires\/\" \/>\n<meta property=\"og:site_name\" content=\"L\u2019Association\" \/>\n<meta property=\"article:publisher\" content=\"https:\/\/www.facebook.com\/lhydrelasso\/\" \/>\n<meta property=\"article:modified_time\" content=\"2026-04-29T13:38:11+00:00\" \/>\n<meta property=\"og:image\" content=\"https:\/\/www.lassociation.fr\/backoffice\/wp-content\/uploads\/2024\/05\/Memory_boite_1_DEF.jpg\" \/>\n\t<meta property=\"og:image:width\" content=\"1000\" \/>\n\t<meta property=\"og:image:height\" content=\"724\" \/>\n\t<meta property=\"og:image:type\" content=\"image\/jpeg\" \/>\n<meta name=\"twitter:card\" content=\"summary_large_image\" \/>\n<meta name=\"twitter:site\" content=\"@lassociation\" \/>\n<script type=\"application\/ld+json\" class=\"yoast-schema-graph\">{\"@context\":\"https:\\\/\\\/schema.org\",\"@graph\":[{\"@type\":\"WebPage\",\"@id\":\"https:\\\/\\\/www.lassociation.fr\\\/en\\\/catalogue\\\/jeu-memory-48-paires\\\/\",\"url\":\"https:\\\/\\\/www.lassociation.fr\\\/en\\\/catalogue\\\/jeu-memory-48-paires\\\/\",\"name\":\"Jeu Memory \u2013 48 paires - L\u2019Association\",\"isPartOf\":{\"@id\":\"https:\\\/\\\/www.lassociation.fr\\\/en\\\/#website\"},\"primaryImageOfPage\":{\"@id\":\"https:\\\/\\\/www.lassociation.fr\\\/en\\\/catalogue\\\/jeu-memory-48-paires\\\/#primaryimage\"},\"image\":{\"@id\":\"https:\\\/\\\/www.lassociation.fr\\\/en\\\/catalogue\\\/jeu-memory-48-paires\\\/#primaryimage\"},\"thumbnailUrl\":\"https:\\\/\\\/www.lassociation.fr\\\/backoffice\\\/wp-content\\\/uploads\\\/2024\\\/05\\\/Memory_boite_1_DEF.jpg\",\"datePublished\":\"2024-09-11T07:47:29+00:00\",\"dateModified\":\"2026-04-29T13:38:11+00:00\",\"breadcrumb\":{\"@id\":\"https:\\\/\\\/www.lassociation.fr\\\/en\\\/catalogue\\\/jeu-memory-48-paires\\\/#breadcrumb\"},\"inLanguage\":\"en-US\",\"potentialAction\":[{\"@type\":\"ReadAction\",\"target\":[\"https:\\\/\\\/www.lassociation.fr\\\/en\\\/catalogue\\\/jeu-memory-48-paires\\\/\"]}]},{\"@type\":\"ImageObject\",\"inLanguage\":\"en-US\",\"@id\":\"https:\\\/\\\/www.lassociation.fr\\\/en\\\/catalogue\\\/jeu-memory-48-paires\\\/#primaryimage\",\"url\":\"https:\\\/\\\/www.lassociation.fr\\\/backoffice\\\/wp-content\\\/uploads\\\/2024\\\/05\\\/Memory_boite_1_DEF.jpg\",\"contentUrl\":\"https:\\\/\\\/www.lassociation.fr\\\/backoffice\\\/wp-content\\\/uploads\\\/2024\\\/05\\\/Memory_boite_1_DEF.jpg\",\"width\":1000,\"height\":724},{\"@type\":\"BreadcrumbList\",\"@id\":\"https:\\\/\\\/www.lassociation.fr\\\/en\\\/catalogue\\\/jeu-memory-48-paires\\\/#breadcrumb\",\"itemListElement\":[{\"@type\":\"ListItem\",\"position\":1,\"name\":\"Accueil\",\"item\":\"https:\\\/\\\/www.lassociation.fr\\\/en\\\/\"},{\"@type\":\"ListItem\",\"position\":2,\"name\":\"Catalog\",\"item\":\"https:\\\/\\\/www.lassociation.fr\\\/en\\\/catalogue\\\/\"},{\"@type\":\"ListItem\",\"position\":3,\"name\":\"Jeu Memory \u2013 48 paires\"}]},{\"@type\":\"WebSite\",\"@id\":\"https:\\\/\\\/www.lassociation.fr\\\/en\\\/#website\",\"url\":\"https:\\\/\\\/www.lassociation.fr\\\/en\\\/\",\"name\":\"L\u2019Association\",\"description\":\"Maison d\u2019\u00e9dition fran\u00e7aise de bande dessin\u00e9e, fond\u00e9e en 1990.\",\"publisher\":{\"@id\":\"https:\\\/\\\/www.lassociation.fr\\\/en\\\/#organization\"},\"potentialAction\":[{\"@type\":\"SearchAction\",\"target\":{\"@type\":\"EntryPoint\",\"urlTemplate\":\"https:\\\/\\\/www.lassociation.fr\\\/en\\\/?s={search_term_string}\"},\"query-input\":{\"@type\":\"PropertyValueSpecification\",\"valueRequired\":true,\"valueName\":\"search_term_string\"}}],\"inLanguage\":\"en-US\"},{\"@type\":\"Organization\",\"@id\":\"https:\\\/\\\/www.lassociation.fr\\\/en\\\/#organization\",\"name\":\"L\u2019Association\",\"url\":\"https:\\\/\\\/www.lassociation.fr\\\/en\\\/\",\"logo\":{\"@type\":\"ImageObject\",\"inLanguage\":\"en-US\",\"@id\":\"https:\\\/\\\/www.lassociation.fr\\\/en\\\/#\\\/schema\\\/logo\\\/image\\\/\",\"url\":\"https:\\\/\\\/www.lassociation.fr\\\/backoffice\\\/wp-content\\\/uploads\\\/2019\\\/11\\\/asso_large.png\",\"contentUrl\":\"https:\\\/\\\/www.lassociation.fr\\\/backoffice\\\/wp-content\\\/uploads\\\/2019\\\/11\\\/asso_large.png\",\"width\":1200,\"height\":630,\"caption\":\"L\u2019Association\"},\"image\":{\"@id\":\"https:\\\/\\\/www.lassociation.fr\\\/en\\\/#\\\/schema\\\/logo\\\/image\\\/\"},\"sameAs\":[\"https:\\\/\\\/www.facebook.com\\\/lhydrelasso\\\/\",\"https:\\\/\\\/x.com\\\/lassociation\",\"https:\\\/\\\/www.instagram.com\\\/editions_lassociation\",\"https:\\\/\\\/fr.wikipedia.org\\\/wiki\\\/LAssociation\",\"https:\\\/\\\/www.youtube.com\\\/@editions_lassociation\"]}]}<\/script>","yoast_head_json":{"title":"Jeu Memory \u2013 48 paires - L\u2019Association","robots":{"index":"index","follow":"follow","max-snippet":"max-snippet:-1","max-image-preview":"max-image-preview:large","max-video-preview":"max-video-preview:-1"},"canonical":"https:\/\/www.lassociation.fr\/en\/catalogue\/jeu-memory-48-paires\/","og_locale":"en_US","og_type":"article","og_title":"Jeu Memory \u2013 48 paires - L\u2019Association","og_description":"Qui d\u2019autre que Julie Doucet pour r\u00e9aliser le premier jeu de Memory de L\u2019Association\u00a0? Collage, dessin, po\u00e9sie concr\u00e8te, ces 48 paires de cartes constituent autant de fen\u00eatres sur les univers graphiques de l\u2019artiste qu\u00e9b\u00e9coise, Grand prix de la ville d\u2019Angoul\u00eame en 2022, qui a \u0153uvr\u00e9 tant dans le domaine de la bande dessin\u00e9e, que dans [&hellip;]","og_url":"https:\/\/www.lassociation.fr\/en\/catalogue\/jeu-memory-48-paires\/","og_site_name":"L\u2019Association","article_publisher":"https:\/\/www.facebook.com\/lhydrelasso\/","article_modified_time":"2026-04-29T13:38:11+00:00","og_image":[{"width":1000,"height":724,"url":"https:\/\/www.lassociation.fr\/backoffice\/wp-content\/uploads\/2024\/05\/Memory_boite_1_DEF.jpg","type":"image\/jpeg"}],"twitter_card":"summary_large_image","twitter_site":"@lassociation","schema":{"@context":"https:\/\/schema.org","@graph":[{"@type":"WebPage","@id":"https:\/\/www.lassociation.fr\/en\/catalogue\/jeu-memory-48-paires\/","url":"https:\/\/www.lassociation.fr\/en\/catalogue\/jeu-memory-48-paires\/","name":"Jeu Memory \u2013 48 paires - L\u2019Association","isPartOf":{"@id":"https:\/\/www.lassociation.fr\/en\/#website"},"primaryImageOfPage":{"@id":"https:\/\/www.lassociation.fr\/en\/catalogue\/jeu-memory-48-paires\/#primaryimage"},"image":{"@id":"https:\/\/www.lassociation.fr\/en\/catalogue\/jeu-memory-48-paires\/#primaryimage"},"thumbnailUrl":"https:\/\/www.lassociation.fr\/backoffice\/wp-content\/uploads\/2024\/05\/Memory_boite_1_DEF.jpg","datePublished":"2024-09-11T07:47:29+00:00","dateModified":"2026-04-29T13:38:11+00:00","breadcrumb":{"@id":"https:\/\/www.lassociation.fr\/en\/catalogue\/jeu-memory-48-paires\/#breadcrumb"},"inLanguage":"en-US","potentialAction":[{"@type":"ReadAction","target":["https:\/\/www.lassociation.fr\/en\/catalogue\/jeu-memory-48-paires\/"]}]},{"@type":"ImageObject","inLanguage":"en-US","@id":"https:\/\/www.lassociation.fr\/en\/catalogue\/jeu-memory-48-paires\/#primaryimage","url":"https:\/\/www.lassociation.fr\/backoffice\/wp-content\/uploads\/2024\/05\/Memory_boite_1_DEF.jpg","contentUrl":"https:\/\/www.lassociation.fr\/backoffice\/wp-content\/uploads\/2024\/05\/Memory_boite_1_DEF.jpg","width":1000,"height":724},{"@type":"BreadcrumbList","@id":"https:\/\/www.lassociation.fr\/en\/catalogue\/jeu-memory-48-paires\/#breadcrumb","itemListElement":[{"@type":"ListItem","position":1,"name":"Accueil","item":"https:\/\/www.lassociation.fr\/en\/"},{"@type":"ListItem","position":2,"name":"Catalog","item":"https:\/\/www.lassociation.fr\/en\/catalogue\/"},{"@type":"ListItem","position":3,"name":"Jeu Memory \u2013 48 paires"}]},{"@type":"WebSite","@id":"https:\/\/www.lassociation.fr\/en\/#website","url":"https:\/\/www.lassociation.fr\/en\/","name":"L\u2019Association","description":"Maison d\u2019\u00e9dition fran\u00e7aise de bande dessin\u00e9e, fond\u00e9e en 1990.","publisher":{"@id":"https:\/\/www.lassociation.fr\/en\/#organization"},"potentialAction":[{"@type":"SearchAction","target":{"@type":"EntryPoint","urlTemplate":"https:\/\/www.lassociation.fr\/en\/?s={search_term_string}"},"query-input":{"@type":"PropertyValueSpecification","valueRequired":true,"valueName":"search_term_string"}}],"inLanguage":"en-US"},{"@type":"Organization","@id":"https:\/\/www.lassociation.fr\/en\/#organization","name":"L\u2019Association","url":"https:\/\/www.lassociation.fr\/en\/","logo":{"@type":"ImageObject","inLanguage":"en-US","@id":"https:\/\/www.lassociation.fr\/en\/#\/schema\/logo\/image\/","url":"https:\/\/www.lassociation.fr\/backoffice\/wp-content\/uploads\/2019\/11\/asso_large.png","contentUrl":"https:\/\/www.lassociation.fr\/backoffice\/wp-content\/uploads\/2019\/11\/asso_large.png","width":1200,"height":630,"caption":"L\u2019Association"},"image":{"@id":"https:\/\/www.lassociation.fr\/en\/#\/schema\/logo\/image\/"},"sameAs":["https:\/\/www.facebook.com\/lhydrelasso\/","https:\/\/x.com\/lassociation","https:\/\/www.instagram.com\/editions_lassociation","https:\/\/fr.wikipedia.org\/wiki\/LAssociation","https:\/\/www.youtube.com\/@editions_lassociation"]}]}},"_links":{"self":[{"href":"https:\/\/www.lassociation.fr\/en\/wp-json\/wp\/v2\/product\/25070","targetHints":{"allow":["GET"]}}],"collection":[{"href":"https:\/\/www.lassociation.fr\/en\/wp-json\/wp\/v2\/product"}],"about":[{"href":"https:\/\/www.lassociation.fr\/en\/wp-json\/wp\/v2\/types\/product"}],"wp:featuredmedia":[{"embeddable":true,"href":"https:\/\/www.lassociation.fr\/en\/wp-json\/wp\/v2\/media\/25071"}],"wp:attachment":[{"href":"https:\/\/www.lassociation.fr\/en\/wp-json\/wp\/v2\/media?parent=25070"}],"wp:term":[{"taxonomy":"product_cat","embeddable":true,"href":"https:\/\/www.lassociation.fr\/en\/wp-json\/wp\/v2\/product_cat?post=25070"},{"taxonomy":"product_tag","embeddable":true,"href":"https:\/\/www.lassociation.fr\/en\/wp-json\/wp\/v2\/product_tag?post=25070"}],"curies":[{"name":"wp","href":"https:\/\/api.w.org\/{rel}","templated":true}]}}