{"id":25162,"date":"2024-09-11T10:01:10","date_gmt":"2024-09-11T08:01:10","guid":{"rendered":"https:\/\/www.lassociation.fr\/?post_type=product&#038;p=25162"},"modified":"2026-01-22T11:39:37","modified_gmt":"2026-01-22T10:39:37","slug":"poulet-aux-prunes-relie","status":"publish","type":"product","link":"https:\/\/www.lassociation.fr\/en\/catalogue\/poulet-aux-prunes-relie\/","title":{"rendered":"Poulet aux prunes [reli\u00e9]"},"content":{"rendered":"<p><strong>\u00c0 l\u2019occasion de ses vingt ans, <em>Poulet aux prunes<\/em><\/strong> <strong>fait l\u2019objet d\u2019une nouvelle \u00e9dition reli\u00e9e cartonn\u00e9e, aux tranches recouvertes d\u2019un jaspage rouge.<\/strong><\/p>\n<p>Nasser Ali Khan a d\u00e9cid\u00e9 de se laisser mourir. Au cours d\u2019une de leurs disputes, sa femme a cass\u00e9 son tar qu\u2019il ch\u00e9rit comme la prunelle de ses yeux. Priv\u00e9 de son pr\u00e9cieux instrument de musique, Nasser reste alit\u00e9. C\u2019est alors que d\u00e9filent les fant\u00f4mes du pass\u00e9\u2026 M\u00ealant bribes de souvenirs au pr\u00e9sent, Marjane Satrapi superpose magistralement les temporalit\u00e9s afin d\u2019\u00e9voquer la perte de go\u00fbt pour la vie du musicien \u2013 car \u00ab\u00a0pour vivre, il ne suffit pas d\u2019\u00eatre vivant\u00a0\u00bb (sic). Un drame m\u00e9lancolique que rel\u00e8vent avec brio le mordant et l\u2019humour de l\u2019autrice iranienne.<\/p>\n<p>Apr\u00e8s<em> Persepolis<\/em> et <em>Broderies<\/em> \u2013 parus respectivement en 2002 et 2003, Marjane Satrapi \u00e9voque de nouveau l\u2019Iran et sa famille. Publi\u00e9 pour la premi\u00e8re fois en 2004,<em> Poulet aux prunes <\/em>a re\u00e7u le Prix du meilleur album \u00e0 Angoul\u00eame en 2005 avant d\u2019\u00eatre adapt\u00e9 au cin\u00e9ma par Marjane Satrapi et Vincent Paronnaud en 2011.<\/p>\n<p>Cette \u00e9dition anniversaire a re\u00e7u en 2024 le soutien de la r\u00e9gion \u00cele-de-France.<\/p>\n","protected":false},"excerpt":{"rendered":"<p>\u00c0 l\u2019occasion de ses vingt ans, Poulet aux prunes fait l\u2019objet d\u2019une nouvelle \u00e9dition reli\u00e9e cartonn\u00e9e, aux tranches recouvertes d\u2019un jaspage rouge. Nasser Ali Khan a d\u00e9cid\u00e9 de se laisser mourir. Au cours d\u2019une de leurs disputes, sa femme a cass\u00e9 son tar qu\u2019il ch\u00e9rit comme la prunelle de ses yeux. Priv\u00e9 de son pr\u00e9cieux [&hellip;]<\/p>\n","protected":false},"featured_media":25218,"template":"","meta":{"_acf_changed":false},"product_cat":[48],"product_tag":[],"class_list":{"0":"post-25162","1":"product","2":"type-product","3":"status-publish","4":"has-post-thumbnail","6":"product_cat-hors-collection","7":"member-discount","8":"discount-restricted","10":"first","11":"instock","12":"taxable","13":"shipping-taxable","14":"purchasable","15":"product-type-simple"},"acf":[],"yoast_head":"<title>Poulet aux prunes [reli\u00e9] - L\u2019Association<\/title>\n<meta name=\"robots\" content=\"index, follow, max-snippet:-1, max-image-preview:large, max-video-preview:-1\" \/>\n<link rel=\"canonical\" href=\"https:\/\/www.lassociation.fr\/en\/catalogue\/poulet-aux-prunes-relie\/\" \/>\n<meta property=\"og:locale\" content=\"en_US\" \/>\n<meta property=\"og:type\" content=\"article\" \/>\n<meta property=\"og:title\" content=\"Poulet aux prunes [reli\u00e9] - L\u2019Association\" \/>\n<meta property=\"og:description\" content=\"\u00c0 l\u2019occasion de ses vingt ans, Poulet aux prunes fait l\u2019objet d\u2019une nouvelle \u00e9dition reli\u00e9e cartonn\u00e9e, aux tranches recouvertes d\u2019un jaspage rouge. Nasser Ali Khan a d\u00e9cid\u00e9 de se laisser mourir. Au cours d\u2019une de leurs disputes, sa femme a cass\u00e9 son tar qu\u2019il ch\u00e9rit comme la prunelle de ses yeux. Priv\u00e9 de son pr\u00e9cieux [&hellip;]\" \/>\n<meta property=\"og:url\" content=\"https:\/\/www.lassociation.fr\/en\/catalogue\/poulet-aux-prunes-relie\/\" \/>\n<meta property=\"og:site_name\" content=\"L\u2019Association\" \/>\n<meta property=\"article:publisher\" content=\"https:\/\/www.facebook.com\/lhydrelasso\/\" \/>\n<meta property=\"article:modified_time\" content=\"2026-01-22T10:39:37+00:00\" \/>\n<meta property=\"og:image\" content=\"https:\/\/www.lassociation.fr\/backoffice\/wp-content\/uploads\/2024\/06\/PouletAuxPrunes_luxe_couv3D.jpg\" \/>\n\t<meta property=\"og:image:width\" content=\"638\" \/>\n\t<meta property=\"og:image:height\" content=\"1000\" \/>\n\t<meta property=\"og:image:type\" content=\"image\/jpeg\" \/>\n<meta name=\"twitter:card\" content=\"summary_large_image\" \/>\n<meta name=\"twitter:site\" content=\"@lassociation\" \/>\n<script type=\"application\/ld+json\" class=\"yoast-schema-graph\">{\"@context\":\"https:\\\/\\\/schema.org\",\"@graph\":[{\"@type\":\"WebPage\",\"@id\":\"https:\\\/\\\/www.lassociation.fr\\\/en\\\/catalogue\\\/poulet-aux-prunes-relie\\\/\",\"url\":\"https:\\\/\\\/www.lassociation.fr\\\/en\\\/catalogue\\\/poulet-aux-prunes-relie\\\/\",\"name\":\"Poulet aux prunes [reli\u00e9] - L\u2019Association\",\"isPartOf\":{\"@id\":\"https:\\\/\\\/www.lassociation.fr\\\/en\\\/#website\"},\"primaryImageOfPage\":{\"@id\":\"https:\\\/\\\/www.lassociation.fr\\\/en\\\/catalogue\\\/poulet-aux-prunes-relie\\\/#primaryimage\"},\"image\":{\"@id\":\"https:\\\/\\\/www.lassociation.fr\\\/en\\\/catalogue\\\/poulet-aux-prunes-relie\\\/#primaryimage\"},\"thumbnailUrl\":\"https:\\\/\\\/www.lassociation.fr\\\/backoffice\\\/wp-content\\\/uploads\\\/2024\\\/06\\\/PouletAuxPrunes_luxe_couv3D.jpg\",\"datePublished\":\"2024-09-11T08:01:10+00:00\",\"dateModified\":\"2026-01-22T10:39:37+00:00\",\"breadcrumb\":{\"@id\":\"https:\\\/\\\/www.lassociation.fr\\\/en\\\/catalogue\\\/poulet-aux-prunes-relie\\\/#breadcrumb\"},\"inLanguage\":\"en-US\",\"potentialAction\":[{\"@type\":\"ReadAction\",\"target\":[\"https:\\\/\\\/www.lassociation.fr\\\/en\\\/catalogue\\\/poulet-aux-prunes-relie\\\/\"]}]},{\"@type\":\"ImageObject\",\"inLanguage\":\"en-US\",\"@id\":\"https:\\\/\\\/www.lassociation.fr\\\/en\\\/catalogue\\\/poulet-aux-prunes-relie\\\/#primaryimage\",\"url\":\"https:\\\/\\\/www.lassociation.fr\\\/backoffice\\\/wp-content\\\/uploads\\\/2024\\\/06\\\/PouletAuxPrunes_luxe_couv3D.jpg\",\"contentUrl\":\"https:\\\/\\\/www.lassociation.fr\\\/backoffice\\\/wp-content\\\/uploads\\\/2024\\\/06\\\/PouletAuxPrunes_luxe_couv3D.jpg\",\"width\":638,\"height\":1000},{\"@type\":\"BreadcrumbList\",\"@id\":\"https:\\\/\\\/www.lassociation.fr\\\/en\\\/catalogue\\\/poulet-aux-prunes-relie\\\/#breadcrumb\",\"itemListElement\":[{\"@type\":\"ListItem\",\"position\":1,\"name\":\"Accueil\",\"item\":\"https:\\\/\\\/www.lassociation.fr\\\/en\\\/\"},{\"@type\":\"ListItem\",\"position\":2,\"name\":\"Catalog\",\"item\":\"https:\\\/\\\/www.lassociation.fr\\\/en\\\/catalogue\\\/\"},{\"@type\":\"ListItem\",\"position\":3,\"name\":\"Poulet aux prunes [reli\u00e9]\"}]},{\"@type\":\"WebSite\",\"@id\":\"https:\\\/\\\/www.lassociation.fr\\\/en\\\/#website\",\"url\":\"https:\\\/\\\/www.lassociation.fr\\\/en\\\/\",\"name\":\"L\u2019Association\",\"description\":\"Maison d\u2019\u00e9dition fran\u00e7aise de bande dessin\u00e9e, fond\u00e9e en 1990.\",\"publisher\":{\"@id\":\"https:\\\/\\\/www.lassociation.fr\\\/en\\\/#organization\"},\"potentialAction\":[{\"@type\":\"SearchAction\",\"target\":{\"@type\":\"EntryPoint\",\"urlTemplate\":\"https:\\\/\\\/www.lassociation.fr\\\/en\\\/?s={search_term_string}\"},\"query-input\":{\"@type\":\"PropertyValueSpecification\",\"valueRequired\":true,\"valueName\":\"search_term_string\"}}],\"inLanguage\":\"en-US\"},{\"@type\":\"Organization\",\"@id\":\"https:\\\/\\\/www.lassociation.fr\\\/en\\\/#organization\",\"name\":\"L\u2019Association\",\"url\":\"https:\\\/\\\/www.lassociation.fr\\\/en\\\/\",\"logo\":{\"@type\":\"ImageObject\",\"inLanguage\":\"en-US\",\"@id\":\"https:\\\/\\\/www.lassociation.fr\\\/en\\\/#\\\/schema\\\/logo\\\/image\\\/\",\"url\":\"https:\\\/\\\/www.lassociation.fr\\\/backoffice\\\/wp-content\\\/uploads\\\/2019\\\/11\\\/asso_large.png\",\"contentUrl\":\"https:\\\/\\\/www.lassociation.fr\\\/backoffice\\\/wp-content\\\/uploads\\\/2019\\\/11\\\/asso_large.png\",\"width\":1200,\"height\":630,\"caption\":\"L\u2019Association\"},\"image\":{\"@id\":\"https:\\\/\\\/www.lassociation.fr\\\/en\\\/#\\\/schema\\\/logo\\\/image\\\/\"},\"sameAs\":[\"https:\\\/\\\/www.facebook.com\\\/lhydrelasso\\\/\",\"https:\\\/\\\/x.com\\\/lassociation\",\"https:\\\/\\\/www.instagram.com\\\/editions_lassociation\",\"https:\\\/\\\/fr.wikipedia.org\\\/wiki\\\/LAssociation\",\"https:\\\/\\\/www.youtube.com\\\/@editions_lassociation\"]}]}<\/script>","yoast_head_json":{"title":"Poulet aux prunes [reli\u00e9] - L\u2019Association","robots":{"index":"index","follow":"follow","max-snippet":"max-snippet:-1","max-image-preview":"max-image-preview:large","max-video-preview":"max-video-preview:-1"},"canonical":"https:\/\/www.lassociation.fr\/en\/catalogue\/poulet-aux-prunes-relie\/","og_locale":"en_US","og_type":"article","og_title":"Poulet aux prunes [reli\u00e9] - L\u2019Association","og_description":"\u00c0 l\u2019occasion de ses vingt ans, Poulet aux prunes fait l\u2019objet d\u2019une nouvelle \u00e9dition reli\u00e9e cartonn\u00e9e, aux tranches recouvertes d\u2019un jaspage rouge. Nasser Ali Khan a d\u00e9cid\u00e9 de se laisser mourir. Au cours d\u2019une de leurs disputes, sa femme a cass\u00e9 son tar qu\u2019il ch\u00e9rit comme la prunelle de ses yeux. Priv\u00e9 de son pr\u00e9cieux [&hellip;]","og_url":"https:\/\/www.lassociation.fr\/en\/catalogue\/poulet-aux-prunes-relie\/","og_site_name":"L\u2019Association","article_publisher":"https:\/\/www.facebook.com\/lhydrelasso\/","article_modified_time":"2026-01-22T10:39:37+00:00","og_image":[{"width":638,"height":1000,"url":"https:\/\/www.lassociation.fr\/backoffice\/wp-content\/uploads\/2024\/06\/PouletAuxPrunes_luxe_couv3D.jpg","type":"image\/jpeg"}],"twitter_card":"summary_large_image","twitter_site":"@lassociation","schema":{"@context":"https:\/\/schema.org","@graph":[{"@type":"WebPage","@id":"https:\/\/www.lassociation.fr\/en\/catalogue\/poulet-aux-prunes-relie\/","url":"https:\/\/www.lassociation.fr\/en\/catalogue\/poulet-aux-prunes-relie\/","name":"Poulet aux prunes [reli\u00e9] - L\u2019Association","isPartOf":{"@id":"https:\/\/www.lassociation.fr\/en\/#website"},"primaryImageOfPage":{"@id":"https:\/\/www.lassociation.fr\/en\/catalogue\/poulet-aux-prunes-relie\/#primaryimage"},"image":{"@id":"https:\/\/www.lassociation.fr\/en\/catalogue\/poulet-aux-prunes-relie\/#primaryimage"},"thumbnailUrl":"https:\/\/www.lassociation.fr\/backoffice\/wp-content\/uploads\/2024\/06\/PouletAuxPrunes_luxe_couv3D.jpg","datePublished":"2024-09-11T08:01:10+00:00","dateModified":"2026-01-22T10:39:37+00:00","breadcrumb":{"@id":"https:\/\/www.lassociation.fr\/en\/catalogue\/poulet-aux-prunes-relie\/#breadcrumb"},"inLanguage":"en-US","potentialAction":[{"@type":"ReadAction","target":["https:\/\/www.lassociation.fr\/en\/catalogue\/poulet-aux-prunes-relie\/"]}]},{"@type":"ImageObject","inLanguage":"en-US","@id":"https:\/\/www.lassociation.fr\/en\/catalogue\/poulet-aux-prunes-relie\/#primaryimage","url":"https:\/\/www.lassociation.fr\/backoffice\/wp-content\/uploads\/2024\/06\/PouletAuxPrunes_luxe_couv3D.jpg","contentUrl":"https:\/\/www.lassociation.fr\/backoffice\/wp-content\/uploads\/2024\/06\/PouletAuxPrunes_luxe_couv3D.jpg","width":638,"height":1000},{"@type":"BreadcrumbList","@id":"https:\/\/www.lassociation.fr\/en\/catalogue\/poulet-aux-prunes-relie\/#breadcrumb","itemListElement":[{"@type":"ListItem","position":1,"name":"Accueil","item":"https:\/\/www.lassociation.fr\/en\/"},{"@type":"ListItem","position":2,"name":"Catalog","item":"https:\/\/www.lassociation.fr\/en\/catalogue\/"},{"@type":"ListItem","position":3,"name":"Poulet aux prunes [reli\u00e9]"}]},{"@type":"WebSite","@id":"https:\/\/www.lassociation.fr\/en\/#website","url":"https:\/\/www.lassociation.fr\/en\/","name":"L\u2019Association","description":"Maison d\u2019\u00e9dition fran\u00e7aise de bande dessin\u00e9e, fond\u00e9e en 1990.","publisher":{"@id":"https:\/\/www.lassociation.fr\/en\/#organization"},"potentialAction":[{"@type":"SearchAction","target":{"@type":"EntryPoint","urlTemplate":"https:\/\/www.lassociation.fr\/en\/?s={search_term_string}"},"query-input":{"@type":"PropertyValueSpecification","valueRequired":true,"valueName":"search_term_string"}}],"inLanguage":"en-US"},{"@type":"Organization","@id":"https:\/\/www.lassociation.fr\/en\/#organization","name":"L\u2019Association","url":"https:\/\/www.lassociation.fr\/en\/","logo":{"@type":"ImageObject","inLanguage":"en-US","@id":"https:\/\/www.lassociation.fr\/en\/#\/schema\/logo\/image\/","url":"https:\/\/www.lassociation.fr\/backoffice\/wp-content\/uploads\/2019\/11\/asso_large.png","contentUrl":"https:\/\/www.lassociation.fr\/backoffice\/wp-content\/uploads\/2019\/11\/asso_large.png","width":1200,"height":630,"caption":"L\u2019Association"},"image":{"@id":"https:\/\/www.lassociation.fr\/en\/#\/schema\/logo\/image\/"},"sameAs":["https:\/\/www.facebook.com\/lhydrelasso\/","https:\/\/x.com\/lassociation","https:\/\/www.instagram.com\/editions_lassociation","https:\/\/fr.wikipedia.org\/wiki\/LAssociation","https:\/\/www.youtube.com\/@editions_lassociation"]}]}},"_links":{"self":[{"href":"https:\/\/www.lassociation.fr\/en\/wp-json\/wp\/v2\/product\/25162","targetHints":{"allow":["GET"]}}],"collection":[{"href":"https:\/\/www.lassociation.fr\/en\/wp-json\/wp\/v2\/product"}],"about":[{"href":"https:\/\/www.lassociation.fr\/en\/wp-json\/wp\/v2\/types\/product"}],"wp:featuredmedia":[{"embeddable":true,"href":"https:\/\/www.lassociation.fr\/en\/wp-json\/wp\/v2\/media\/25218"}],"wp:attachment":[{"href":"https:\/\/www.lassociation.fr\/en\/wp-json\/wp\/v2\/media?parent=25162"}],"wp:term":[{"taxonomy":"product_cat","embeddable":true,"href":"https:\/\/www.lassociation.fr\/en\/wp-json\/wp\/v2\/product_cat?post=25162"},{"taxonomy":"product_tag","embeddable":true,"href":"https:\/\/www.lassociation.fr\/en\/wp-json\/wp\/v2\/product_tag?post=25162"}],"curies":[{"name":"wp","href":"https:\/\/api.w.org\/{rel}","templated":true}]}}