{"id":25163,"date":"2024-04-27T16:51:21","date_gmt":"2024-04-27T14:51:21","guid":{"rendered":"https:\/\/www.lassociation.fr\/?post_type=product&#038;p=25163"},"modified":"2026-01-22T11:39:37","modified_gmt":"2026-01-22T10:39:37","slug":"manga-table","status":"publish","type":"product","link":"https:\/\/www.lassociation.fr\/en\/catalogue\/manga-table\/","title":{"rendered":"ManGa Table"},"content":{"rendered":"<p>Le ManGa Table, un pav\u00e9 de 596 pages de bandes dessin\u00e9es \u00e0 plusieurs, une anthologie unique en son genre, de l\u2019art, du dessin underground pratiqu\u00e9 en groupes, en jams sessions comme pour de la musique : en comix bands !<br \/>\nUn livre d\u00e9lirant, d\u00e9lir\u00e9, un d\u00e9licieux g\u00e2teau en pi\u00e8ces mont\u00e9es de tranches d\u2019art en libert\u00e9 !<\/p>\n<p>Avec :<br \/>\nImagex, JC Menu, Marker, Pierre Maurel, Rico, Bertrand Lecointre, S. Mollet, Josef Kar\u00f4m, Sarah Fistole, Jacques Velay, G. Boulard, Pablo, Raskal, Lilas Mala, Julie Bal Des Chiens, Julia, G\u00e9r\u00f4me Minard, Alex A4 Putevie, Spencer, Megixexo, U235, Willy T\u00e9nia, Madame lapin, Valentin, Freaky Nasa, Skalito Yo, Julie Doucet, Camille Besse, Abstien Gachet, Baladi, Gad, Buster Yanes, Sophie Crumb, Alice, Sandra V\u00e9rine, Louis Cadias, Olivier Josso, Nils Bertho, Eli\u00e9s, Morizio Amarante, Tom Romarin, Mouflon&#8230;<\/p>\n<p>\u00c9dit\u00e9 par LA TABLE, maison d&#8217;\u00e9dition associative fond\u00e9e en octobre 2016 par Mattt Konture et Eric A. Rico.<\/p>\n","protected":false},"excerpt":{"rendered":"<p>Le ManGa Table, un pav\u00e9 de 596 pages de bandes dessin\u00e9es \u00e0 plusieurs, une anthologie unique en son genre, de l\u2019art, du dessin underground pratiqu\u00e9 en groupes, en jams sessions comme pour de la musique : en comix bands ! Un livre d\u00e9lirant, d\u00e9lir\u00e9, un d\u00e9licieux g\u00e2teau en pi\u00e8ces mont\u00e9es de tranches d\u2019art en libert\u00e9 [&hellip;]<\/p>\n","protected":false},"featured_media":25164,"template":"","meta":{"_acf_changed":false},"product_cat":[48],"product_tag":[],"class_list":{"0":"post-25163","1":"product","2":"type-product","3":"status-publish","4":"has-post-thumbnail","6":"product_cat-hors-collection","7":"product_shipping_class-avec-signature","8":"member-discount","9":"discount-restricted","11":"first","12":"outofstock","13":"taxable","14":"shipping-taxable","15":"purchasable","16":"product-type-simple"},"acf":[],"yoast_head":"<title>ManGa Table - L\u2019Association<\/title>\n<meta name=\"robots\" content=\"index, follow, max-snippet:-1, max-image-preview:large, max-video-preview:-1\" \/>\n<link rel=\"canonical\" href=\"https:\/\/www.lassociation.fr\/en\/catalogue\/manga-table\/\" \/>\n<meta property=\"og:locale\" content=\"en_US\" \/>\n<meta property=\"og:type\" content=\"article\" \/>\n<meta property=\"og:title\" content=\"ManGa Table - L\u2019Association\" \/>\n<meta property=\"og:description\" content=\"Le ManGa Table, un pav\u00e9 de 596 pages de bandes dessin\u00e9es \u00e0 plusieurs, une anthologie unique en son genre, de l\u2019art, du dessin underground pratiqu\u00e9 en groupes, en jams sessions comme pour de la musique : en comix bands ! Un livre d\u00e9lirant, d\u00e9lir\u00e9, un d\u00e9licieux g\u00e2teau en pi\u00e8ces mont\u00e9es de tranches d\u2019art en libert\u00e9 [&hellip;]\" \/>\n<meta property=\"og:url\" content=\"https:\/\/www.lassociation.fr\/en\/catalogue\/manga-table\/\" \/>\n<meta property=\"og:site_name\" content=\"L\u2019Association\" \/>\n<meta property=\"article:publisher\" content=\"https:\/\/www.facebook.com\/lhydrelasso\/\" \/>\n<meta property=\"article:modified_time\" content=\"2026-01-22T10:39:37+00:00\" \/>\n<meta property=\"og:image\" content=\"https:\/\/www.lassociation.fr\/backoffice\/wp-content\/uploads\/2024\/06\/MangaT_couv.jpg\" \/>\n\t<meta property=\"og:image:width\" content=\"699\" \/>\n\t<meta property=\"og:image:height\" content=\"1000\" \/>\n\t<meta property=\"og:image:type\" content=\"image\/jpeg\" \/>\n<meta name=\"twitter:card\" content=\"summary_large_image\" \/>\n<meta name=\"twitter:site\" content=\"@lassociation\" \/>\n<script type=\"application\/ld+json\" class=\"yoast-schema-graph\">{\"@context\":\"https:\\\/\\\/schema.org\",\"@graph\":[{\"@type\":\"WebPage\",\"@id\":\"https:\\\/\\\/www.lassociation.fr\\\/en\\\/catalogue\\\/manga-table\\\/\",\"url\":\"https:\\\/\\\/www.lassociation.fr\\\/en\\\/catalogue\\\/manga-table\\\/\",\"name\":\"ManGa Table - L\u2019Association\",\"isPartOf\":{\"@id\":\"https:\\\/\\\/www.lassociation.fr\\\/en\\\/#website\"},\"primaryImageOfPage\":{\"@id\":\"https:\\\/\\\/www.lassociation.fr\\\/en\\\/catalogue\\\/manga-table\\\/#primaryimage\"},\"image\":{\"@id\":\"https:\\\/\\\/www.lassociation.fr\\\/en\\\/catalogue\\\/manga-table\\\/#primaryimage\"},\"thumbnailUrl\":\"https:\\\/\\\/www.lassociation.fr\\\/backoffice\\\/wp-content\\\/uploads\\\/2024\\\/06\\\/MangaT_couv.jpg\",\"datePublished\":\"2024-04-27T14:51:21+00:00\",\"dateModified\":\"2026-01-22T10:39:37+00:00\",\"breadcrumb\":{\"@id\":\"https:\\\/\\\/www.lassociation.fr\\\/en\\\/catalogue\\\/manga-table\\\/#breadcrumb\"},\"inLanguage\":\"en-US\",\"potentialAction\":[{\"@type\":\"ReadAction\",\"target\":[\"https:\\\/\\\/www.lassociation.fr\\\/en\\\/catalogue\\\/manga-table\\\/\"]}]},{\"@type\":\"ImageObject\",\"inLanguage\":\"en-US\",\"@id\":\"https:\\\/\\\/www.lassociation.fr\\\/en\\\/catalogue\\\/manga-table\\\/#primaryimage\",\"url\":\"https:\\\/\\\/www.lassociation.fr\\\/backoffice\\\/wp-content\\\/uploads\\\/2024\\\/06\\\/MangaT_couv.jpg\",\"contentUrl\":\"https:\\\/\\\/www.lassociation.fr\\\/backoffice\\\/wp-content\\\/uploads\\\/2024\\\/06\\\/MangaT_couv.jpg\",\"width\":699,\"height\":1000},{\"@type\":\"BreadcrumbList\",\"@id\":\"https:\\\/\\\/www.lassociation.fr\\\/en\\\/catalogue\\\/manga-table\\\/#breadcrumb\",\"itemListElement\":[{\"@type\":\"ListItem\",\"position\":1,\"name\":\"Accueil\",\"item\":\"https:\\\/\\\/www.lassociation.fr\\\/en\\\/\"},{\"@type\":\"ListItem\",\"position\":2,\"name\":\"Catalog\",\"item\":\"https:\\\/\\\/www.lassociation.fr\\\/en\\\/catalogue\\\/\"},{\"@type\":\"ListItem\",\"position\":3,\"name\":\"ManGa Table\"}]},{\"@type\":\"WebSite\",\"@id\":\"https:\\\/\\\/www.lassociation.fr\\\/en\\\/#website\",\"url\":\"https:\\\/\\\/www.lassociation.fr\\\/en\\\/\",\"name\":\"L\u2019Association\",\"description\":\"Maison d\u2019\u00e9dition fran\u00e7aise de bande dessin\u00e9e, fond\u00e9e en 1990.\",\"publisher\":{\"@id\":\"https:\\\/\\\/www.lassociation.fr\\\/en\\\/#organization\"},\"potentialAction\":[{\"@type\":\"SearchAction\",\"target\":{\"@type\":\"EntryPoint\",\"urlTemplate\":\"https:\\\/\\\/www.lassociation.fr\\\/en\\\/?s={search_term_string}\"},\"query-input\":{\"@type\":\"PropertyValueSpecification\",\"valueRequired\":true,\"valueName\":\"search_term_string\"}}],\"inLanguage\":\"en-US\"},{\"@type\":\"Organization\",\"@id\":\"https:\\\/\\\/www.lassociation.fr\\\/en\\\/#organization\",\"name\":\"L\u2019Association\",\"url\":\"https:\\\/\\\/www.lassociation.fr\\\/en\\\/\",\"logo\":{\"@type\":\"ImageObject\",\"inLanguage\":\"en-US\",\"@id\":\"https:\\\/\\\/www.lassociation.fr\\\/en\\\/#\\\/schema\\\/logo\\\/image\\\/\",\"url\":\"https:\\\/\\\/www.lassociation.fr\\\/backoffice\\\/wp-content\\\/uploads\\\/2019\\\/11\\\/asso_large.png\",\"contentUrl\":\"https:\\\/\\\/www.lassociation.fr\\\/backoffice\\\/wp-content\\\/uploads\\\/2019\\\/11\\\/asso_large.png\",\"width\":1200,\"height\":630,\"caption\":\"L\u2019Association\"},\"image\":{\"@id\":\"https:\\\/\\\/www.lassociation.fr\\\/en\\\/#\\\/schema\\\/logo\\\/image\\\/\"},\"sameAs\":[\"https:\\\/\\\/www.facebook.com\\\/lhydrelasso\\\/\",\"https:\\\/\\\/x.com\\\/lassociation\",\"https:\\\/\\\/www.instagram.com\\\/editions_lassociation\",\"https:\\\/\\\/fr.wikipedia.org\\\/wiki\\\/LAssociation\",\"https:\\\/\\\/www.youtube.com\\\/@editions_lassociation\"]}]}<\/script>","yoast_head_json":{"title":"ManGa Table - L\u2019Association","robots":{"index":"index","follow":"follow","max-snippet":"max-snippet:-1","max-image-preview":"max-image-preview:large","max-video-preview":"max-video-preview:-1"},"canonical":"https:\/\/www.lassociation.fr\/en\/catalogue\/manga-table\/","og_locale":"en_US","og_type":"article","og_title":"ManGa Table - L\u2019Association","og_description":"Le ManGa Table, un pav\u00e9 de 596 pages de bandes dessin\u00e9es \u00e0 plusieurs, une anthologie unique en son genre, de l\u2019art, du dessin underground pratiqu\u00e9 en groupes, en jams sessions comme pour de la musique : en comix bands ! Un livre d\u00e9lirant, d\u00e9lir\u00e9, un d\u00e9licieux g\u00e2teau en pi\u00e8ces mont\u00e9es de tranches d\u2019art en libert\u00e9 [&hellip;]","og_url":"https:\/\/www.lassociation.fr\/en\/catalogue\/manga-table\/","og_site_name":"L\u2019Association","article_publisher":"https:\/\/www.facebook.com\/lhydrelasso\/","article_modified_time":"2026-01-22T10:39:37+00:00","og_image":[{"width":699,"height":1000,"url":"https:\/\/www.lassociation.fr\/backoffice\/wp-content\/uploads\/2024\/06\/MangaT_couv.jpg","type":"image\/jpeg"}],"twitter_card":"summary_large_image","twitter_site":"@lassociation","schema":{"@context":"https:\/\/schema.org","@graph":[{"@type":"WebPage","@id":"https:\/\/www.lassociation.fr\/en\/catalogue\/manga-table\/","url":"https:\/\/www.lassociation.fr\/en\/catalogue\/manga-table\/","name":"ManGa Table - L\u2019Association","isPartOf":{"@id":"https:\/\/www.lassociation.fr\/en\/#website"},"primaryImageOfPage":{"@id":"https:\/\/www.lassociation.fr\/en\/catalogue\/manga-table\/#primaryimage"},"image":{"@id":"https:\/\/www.lassociation.fr\/en\/catalogue\/manga-table\/#primaryimage"},"thumbnailUrl":"https:\/\/www.lassociation.fr\/backoffice\/wp-content\/uploads\/2024\/06\/MangaT_couv.jpg","datePublished":"2024-04-27T14:51:21+00:00","dateModified":"2026-01-22T10:39:37+00:00","breadcrumb":{"@id":"https:\/\/www.lassociation.fr\/en\/catalogue\/manga-table\/#breadcrumb"},"inLanguage":"en-US","potentialAction":[{"@type":"ReadAction","target":["https:\/\/www.lassociation.fr\/en\/catalogue\/manga-table\/"]}]},{"@type":"ImageObject","inLanguage":"en-US","@id":"https:\/\/www.lassociation.fr\/en\/catalogue\/manga-table\/#primaryimage","url":"https:\/\/www.lassociation.fr\/backoffice\/wp-content\/uploads\/2024\/06\/MangaT_couv.jpg","contentUrl":"https:\/\/www.lassociation.fr\/backoffice\/wp-content\/uploads\/2024\/06\/MangaT_couv.jpg","width":699,"height":1000},{"@type":"BreadcrumbList","@id":"https:\/\/www.lassociation.fr\/en\/catalogue\/manga-table\/#breadcrumb","itemListElement":[{"@type":"ListItem","position":1,"name":"Accueil","item":"https:\/\/www.lassociation.fr\/en\/"},{"@type":"ListItem","position":2,"name":"Catalog","item":"https:\/\/www.lassociation.fr\/en\/catalogue\/"},{"@type":"ListItem","position":3,"name":"ManGa Table"}]},{"@type":"WebSite","@id":"https:\/\/www.lassociation.fr\/en\/#website","url":"https:\/\/www.lassociation.fr\/en\/","name":"L\u2019Association","description":"Maison d\u2019\u00e9dition fran\u00e7aise de bande dessin\u00e9e, fond\u00e9e en 1990.","publisher":{"@id":"https:\/\/www.lassociation.fr\/en\/#organization"},"potentialAction":[{"@type":"SearchAction","target":{"@type":"EntryPoint","urlTemplate":"https:\/\/www.lassociation.fr\/en\/?s={search_term_string}"},"query-input":{"@type":"PropertyValueSpecification","valueRequired":true,"valueName":"search_term_string"}}],"inLanguage":"en-US"},{"@type":"Organization","@id":"https:\/\/www.lassociation.fr\/en\/#organization","name":"L\u2019Association","url":"https:\/\/www.lassociation.fr\/en\/","logo":{"@type":"ImageObject","inLanguage":"en-US","@id":"https:\/\/www.lassociation.fr\/en\/#\/schema\/logo\/image\/","url":"https:\/\/www.lassociation.fr\/backoffice\/wp-content\/uploads\/2019\/11\/asso_large.png","contentUrl":"https:\/\/www.lassociation.fr\/backoffice\/wp-content\/uploads\/2019\/11\/asso_large.png","width":1200,"height":630,"caption":"L\u2019Association"},"image":{"@id":"https:\/\/www.lassociation.fr\/en\/#\/schema\/logo\/image\/"},"sameAs":["https:\/\/www.facebook.com\/lhydrelasso\/","https:\/\/x.com\/lassociation","https:\/\/www.instagram.com\/editions_lassociation","https:\/\/fr.wikipedia.org\/wiki\/LAssociation","https:\/\/www.youtube.com\/@editions_lassociation"]}]}},"_links":{"self":[{"href":"https:\/\/www.lassociation.fr\/en\/wp-json\/wp\/v2\/product\/25163","targetHints":{"allow":["GET"]}}],"collection":[{"href":"https:\/\/www.lassociation.fr\/en\/wp-json\/wp\/v2\/product"}],"about":[{"href":"https:\/\/www.lassociation.fr\/en\/wp-json\/wp\/v2\/types\/product"}],"wp:featuredmedia":[{"embeddable":true,"href":"https:\/\/www.lassociation.fr\/en\/wp-json\/wp\/v2\/media\/25164"}],"wp:attachment":[{"href":"https:\/\/www.lassociation.fr\/en\/wp-json\/wp\/v2\/media?parent=25163"}],"wp:term":[{"taxonomy":"product_cat","embeddable":true,"href":"https:\/\/www.lassociation.fr\/en\/wp-json\/wp\/v2\/product_cat?post=25163"},{"taxonomy":"product_tag","embeddable":true,"href":"https:\/\/www.lassociation.fr\/en\/wp-json\/wp\/v2\/product_tag?post=25163"}],"curies":[{"name":"wp","href":"https:\/\/api.w.org\/{rel}","templated":true}]}}