{"id":25419,"date":"2024-09-10T10:59:39","date_gmt":"2024-09-10T08:59:39","guid":{"rendered":"https:\/\/www.lassociation.fr\/?post_type=product&#038;p=25419"},"modified":"2026-01-22T11:39:37","modified_gmt":"2026-01-22T10:39:37","slug":"enveloppe-le-grand-soulagement","status":"publish","type":"product","link":"https:\/\/www.lassociation.fr\/en\/catalogue\/enveloppe-le-grand-soulagement\/","title":{"rendered":"Enveloppe \u00ab Le Grand Soulagement \u00bb"},"content":{"rendered":"<p>Votre gorge est serre\u0301e ? Vous ressentez des nause\u0301es, un poids sur la poitrine, une\u00a0perte de sens de l\u2019orientation, ou un gou\u0302t amer dans la bouche ? Contre tous ces\u00a0maux, et tous les autres, un seul reme\u0300de :\u00a0<em>Le Grand Soulagement<\/em>. Une me\u0301thode simple, efficace et pratique. Des objectifs clairs, a\u0300 atteindre par e\u0301tapes, gra\u0302ce a\u0300 une se\u0301rie de petits gestes pre\u0301cis a\u0300 accomplir au quotidien. De\u0300s les premiers re\u0301sultats obtenus, vous pourrez de\u0301velopper votre me\u0301thode autonome en inventant vos propres gestes apaisants. Biento\u0302t, gra\u0302ce au Grand Soulagement, vos tourments ne\u00a0seront plus qu\u2019un mauvais\u00a0souvenir.<\/p>\n<p>Les affiches du\u00a0<em>Grand Soulagement\u00a0<\/em>sont apparues en avril 2021 sur les murs de diffe\u0301rentes villes en France. Ce projet de relaxation politique a\u0300 objectif tendrement insurrectionnel est instigue\u0301 par Quentin Faucompre\u0301 et Cyril Pedrosa (en co\u00e9dition avec les <a href=\"http:\/\/www.editions-du-sous-sol.com\/\" target=\"_blank\" rel=\"noopener\">\u00c9ditions du sous-sol<\/a>), n\u2019importe qui peut s\u2019en emparer et laisser fleurir les affiches ou\u0300 bon lui semble.<\/p>\n<p>L\u2019enveloppe en papier kraft contient 8 paires d&#8217;affiches monochromes (typo + photo) \u2013 soit 16 au total + 1 affiche monochrome solo (celle avec Monsanto) ainsi qu\u2019un bulletin de vote.<\/p>\n<p><em>Format des affiches 30 x 42 cm, imprim\u00e9es recto seul.<\/em><\/p>\n<p><span style=\"color: #0000ff;\"><strong>\u00c9GALEMENT DISPONIBLES EN LIBRAIRIE \u2013 N&#8217;H\u00c9SITEZ PAS \u00c0 CONTACTER UNE LIBRAIRIE PR\u00c8S DE CHEZ VOUS \u27a1\ufe0f\u00a0<a href=\"https:\/\/www.placedeslibraires.fr\/livre\/9782364686533-le-grand-soulagement-quentin-faucompre-cyril-pedrosa\/\"><span style=\"color: #ff0000;\"> ICI<\/span><\/a><\/strong><\/span><\/p>\n","protected":false},"excerpt":{"rendered":"<p>Votre gorge est serre\u0301e ? Vous ressentez des nause\u0301es, un poids sur la poitrine, une\u00a0perte de sens de l\u2019orientation, ou un gou\u0302t amer dans la bouche ? Contre tous ces\u00a0maux, et tous les autres, un seul reme\u0300de :\u00a0Le Grand Soulagement. Une me\u0301thode simple, efficace et pratique. Des objectifs clairs, a\u0300 atteindre par e\u0301tapes, gra\u0302ce a\u0300 [&hellip;]<\/p>\n","protected":false},"featured_media":20754,"template":"","meta":{"_acf_changed":false},"product_cat":[48],"product_tag":[],"class_list":{"0":"post-25419","1":"product","2":"type-product","3":"status-publish","4":"has-post-thumbnail","6":"product_cat-hors-collection","7":"member-discount","8":"discount-restricted","10":"first","11":"outofstock","12":"taxable","13":"shipping-taxable","14":"purchasable","15":"product-type-simple"},"acf":[],"yoast_head":"<title>Enveloppe \u00ab Le Grand Soulagement \u00bb - L\u2019Association<\/title>\n<meta name=\"robots\" content=\"index, follow, max-snippet:-1, max-image-preview:large, max-video-preview:-1\" \/>\n<link rel=\"canonical\" href=\"https:\/\/www.lassociation.fr\/en\/catalogue\/enveloppe-le-grand-soulagement\/\" \/>\n<meta property=\"og:locale\" content=\"en_US\" \/>\n<meta property=\"og:type\" content=\"article\" \/>\n<meta property=\"og:title\" content=\"Enveloppe \u00ab Le Grand Soulagement \u00bb - L\u2019Association\" \/>\n<meta property=\"og:description\" content=\"Votre gorge est serre\u0301e ? Vous ressentez des nause\u0301es, un poids sur la poitrine, une\u00a0perte de sens de l\u2019orientation, ou un gou\u0302t amer dans la bouche ? Contre tous ces\u00a0maux, et tous les autres, un seul reme\u0300de :\u00a0Le Grand Soulagement. Une me\u0301thode simple, efficace et pratique. Des objectifs clairs, a\u0300 atteindre par e\u0301tapes, gra\u0302ce a\u0300 [&hellip;]\" \/>\n<meta property=\"og:url\" content=\"https:\/\/www.lassociation.fr\/en\/catalogue\/enveloppe-le-grand-soulagement\/\" \/>\n<meta property=\"og:site_name\" content=\"L\u2019Association\" \/>\n<meta property=\"article:publisher\" content=\"https:\/\/www.facebook.com\/lhydrelasso\/\" \/>\n<meta property=\"article:modified_time\" content=\"2026-01-22T10:39:37+00:00\" \/>\n<meta property=\"og:image\" content=\"https:\/\/www.lassociation.fr\/backoffice\/wp-content\/uploads\/2022\/02\/LGS_couv_noir_def_02_11_23.jpg\" \/>\n\t<meta property=\"og:image:width\" content=\"725\" \/>\n\t<meta property=\"og:image:height\" content=\"1000\" \/>\n\t<meta property=\"og:image:type\" content=\"image\/jpeg\" \/>\n<meta name=\"twitter:card\" content=\"summary_large_image\" \/>\n<meta name=\"twitter:site\" content=\"@lassociation\" \/>\n<script type=\"application\/ld+json\" class=\"yoast-schema-graph\">{\"@context\":\"https:\\\/\\\/schema.org\",\"@graph\":[{\"@type\":\"WebPage\",\"@id\":\"https:\\\/\\\/www.lassociation.fr\\\/en\\\/catalogue\\\/enveloppe-le-grand-soulagement\\\/\",\"url\":\"https:\\\/\\\/www.lassociation.fr\\\/en\\\/catalogue\\\/enveloppe-le-grand-soulagement\\\/\",\"name\":\"Enveloppe \u00ab Le Grand Soulagement \u00bb - L\u2019Association\",\"isPartOf\":{\"@id\":\"https:\\\/\\\/www.lassociation.fr\\\/en\\\/#website\"},\"primaryImageOfPage\":{\"@id\":\"https:\\\/\\\/www.lassociation.fr\\\/en\\\/catalogue\\\/enveloppe-le-grand-soulagement\\\/#primaryimage\"},\"image\":{\"@id\":\"https:\\\/\\\/www.lassociation.fr\\\/en\\\/catalogue\\\/enveloppe-le-grand-soulagement\\\/#primaryimage\"},\"thumbnailUrl\":\"https:\\\/\\\/www.lassociation.fr\\\/backoffice\\\/wp-content\\\/uploads\\\/2022\\\/02\\\/LGS_couv_noir_def_02_11_23.jpg\",\"datePublished\":\"2024-09-10T08:59:39+00:00\",\"dateModified\":\"2026-01-22T10:39:37+00:00\",\"breadcrumb\":{\"@id\":\"https:\\\/\\\/www.lassociation.fr\\\/en\\\/catalogue\\\/enveloppe-le-grand-soulagement\\\/#breadcrumb\"},\"inLanguage\":\"en-US\",\"potentialAction\":[{\"@type\":\"ReadAction\",\"target\":[\"https:\\\/\\\/www.lassociation.fr\\\/en\\\/catalogue\\\/enveloppe-le-grand-soulagement\\\/\"]}]},{\"@type\":\"ImageObject\",\"inLanguage\":\"en-US\",\"@id\":\"https:\\\/\\\/www.lassociation.fr\\\/en\\\/catalogue\\\/enveloppe-le-grand-soulagement\\\/#primaryimage\",\"url\":\"https:\\\/\\\/www.lassociation.fr\\\/backoffice\\\/wp-content\\\/uploads\\\/2022\\\/02\\\/LGS_couv_noir_def_02_11_23.jpg\",\"contentUrl\":\"https:\\\/\\\/www.lassociation.fr\\\/backoffice\\\/wp-content\\\/uploads\\\/2022\\\/02\\\/LGS_couv_noir_def_02_11_23.jpg\",\"width\":725,\"height\":1000},{\"@type\":\"BreadcrumbList\",\"@id\":\"https:\\\/\\\/www.lassociation.fr\\\/en\\\/catalogue\\\/enveloppe-le-grand-soulagement\\\/#breadcrumb\",\"itemListElement\":[{\"@type\":\"ListItem\",\"position\":1,\"name\":\"Accueil\",\"item\":\"https:\\\/\\\/www.lassociation.fr\\\/en\\\/\"},{\"@type\":\"ListItem\",\"position\":2,\"name\":\"Catalog\",\"item\":\"https:\\\/\\\/www.lassociation.fr\\\/en\\\/catalogue\\\/\"},{\"@type\":\"ListItem\",\"position\":3,\"name\":\"Enveloppe \u00ab Le Grand Soulagement \u00bb\"}]},{\"@type\":\"WebSite\",\"@id\":\"https:\\\/\\\/www.lassociation.fr\\\/en\\\/#website\",\"url\":\"https:\\\/\\\/www.lassociation.fr\\\/en\\\/\",\"name\":\"L\u2019Association\",\"description\":\"Maison d\u2019\u00e9dition fran\u00e7aise de bande dessin\u00e9e, fond\u00e9e en 1990.\",\"publisher\":{\"@id\":\"https:\\\/\\\/www.lassociation.fr\\\/en\\\/#organization\"},\"potentialAction\":[{\"@type\":\"SearchAction\",\"target\":{\"@type\":\"EntryPoint\",\"urlTemplate\":\"https:\\\/\\\/www.lassociation.fr\\\/en\\\/?s={search_term_string}\"},\"query-input\":{\"@type\":\"PropertyValueSpecification\",\"valueRequired\":true,\"valueName\":\"search_term_string\"}}],\"inLanguage\":\"en-US\"},{\"@type\":\"Organization\",\"@id\":\"https:\\\/\\\/www.lassociation.fr\\\/en\\\/#organization\",\"name\":\"L\u2019Association\",\"url\":\"https:\\\/\\\/www.lassociation.fr\\\/en\\\/\",\"logo\":{\"@type\":\"ImageObject\",\"inLanguage\":\"en-US\",\"@id\":\"https:\\\/\\\/www.lassociation.fr\\\/en\\\/#\\\/schema\\\/logo\\\/image\\\/\",\"url\":\"https:\\\/\\\/www.lassociation.fr\\\/backoffice\\\/wp-content\\\/uploads\\\/2019\\\/11\\\/asso_large.png\",\"contentUrl\":\"https:\\\/\\\/www.lassociation.fr\\\/backoffice\\\/wp-content\\\/uploads\\\/2019\\\/11\\\/asso_large.png\",\"width\":1200,\"height\":630,\"caption\":\"L\u2019Association\"},\"image\":{\"@id\":\"https:\\\/\\\/www.lassociation.fr\\\/en\\\/#\\\/schema\\\/logo\\\/image\\\/\"},\"sameAs\":[\"https:\\\/\\\/www.facebook.com\\\/lhydrelasso\\\/\",\"https:\\\/\\\/x.com\\\/lassociation\",\"https:\\\/\\\/www.instagram.com\\\/editions_lassociation\",\"https:\\\/\\\/fr.wikipedia.org\\\/wiki\\\/LAssociation\",\"https:\\\/\\\/www.youtube.com\\\/@editions_lassociation\"]}]}<\/script>","yoast_head_json":{"title":"Enveloppe \u00ab Le Grand Soulagement \u00bb - L\u2019Association","robots":{"index":"index","follow":"follow","max-snippet":"max-snippet:-1","max-image-preview":"max-image-preview:large","max-video-preview":"max-video-preview:-1"},"canonical":"https:\/\/www.lassociation.fr\/en\/catalogue\/enveloppe-le-grand-soulagement\/","og_locale":"en_US","og_type":"article","og_title":"Enveloppe \u00ab Le Grand Soulagement \u00bb - L\u2019Association","og_description":"Votre gorge est serre\u0301e ? Vous ressentez des nause\u0301es, un poids sur la poitrine, une\u00a0perte de sens de l\u2019orientation, ou un gou\u0302t amer dans la bouche ? Contre tous ces\u00a0maux, et tous les autres, un seul reme\u0300de :\u00a0Le Grand Soulagement. Une me\u0301thode simple, efficace et pratique. Des objectifs clairs, a\u0300 atteindre par e\u0301tapes, gra\u0302ce a\u0300 [&hellip;]","og_url":"https:\/\/www.lassociation.fr\/en\/catalogue\/enveloppe-le-grand-soulagement\/","og_site_name":"L\u2019Association","article_publisher":"https:\/\/www.facebook.com\/lhydrelasso\/","article_modified_time":"2026-01-22T10:39:37+00:00","og_image":[{"width":725,"height":1000,"url":"https:\/\/www.lassociation.fr\/backoffice\/wp-content\/uploads\/2022\/02\/LGS_couv_noir_def_02_11_23.jpg","type":"image\/jpeg"}],"twitter_card":"summary_large_image","twitter_site":"@lassociation","schema":{"@context":"https:\/\/schema.org","@graph":[{"@type":"WebPage","@id":"https:\/\/www.lassociation.fr\/en\/catalogue\/enveloppe-le-grand-soulagement\/","url":"https:\/\/www.lassociation.fr\/en\/catalogue\/enveloppe-le-grand-soulagement\/","name":"Enveloppe \u00ab Le Grand Soulagement \u00bb - L\u2019Association","isPartOf":{"@id":"https:\/\/www.lassociation.fr\/en\/#website"},"primaryImageOfPage":{"@id":"https:\/\/www.lassociation.fr\/en\/catalogue\/enveloppe-le-grand-soulagement\/#primaryimage"},"image":{"@id":"https:\/\/www.lassociation.fr\/en\/catalogue\/enveloppe-le-grand-soulagement\/#primaryimage"},"thumbnailUrl":"https:\/\/www.lassociation.fr\/backoffice\/wp-content\/uploads\/2022\/02\/LGS_couv_noir_def_02_11_23.jpg","datePublished":"2024-09-10T08:59:39+00:00","dateModified":"2026-01-22T10:39:37+00:00","breadcrumb":{"@id":"https:\/\/www.lassociation.fr\/en\/catalogue\/enveloppe-le-grand-soulagement\/#breadcrumb"},"inLanguage":"en-US","potentialAction":[{"@type":"ReadAction","target":["https:\/\/www.lassociation.fr\/en\/catalogue\/enveloppe-le-grand-soulagement\/"]}]},{"@type":"ImageObject","inLanguage":"en-US","@id":"https:\/\/www.lassociation.fr\/en\/catalogue\/enveloppe-le-grand-soulagement\/#primaryimage","url":"https:\/\/www.lassociation.fr\/backoffice\/wp-content\/uploads\/2022\/02\/LGS_couv_noir_def_02_11_23.jpg","contentUrl":"https:\/\/www.lassociation.fr\/backoffice\/wp-content\/uploads\/2022\/02\/LGS_couv_noir_def_02_11_23.jpg","width":725,"height":1000},{"@type":"BreadcrumbList","@id":"https:\/\/www.lassociation.fr\/en\/catalogue\/enveloppe-le-grand-soulagement\/#breadcrumb","itemListElement":[{"@type":"ListItem","position":1,"name":"Accueil","item":"https:\/\/www.lassociation.fr\/en\/"},{"@type":"ListItem","position":2,"name":"Catalog","item":"https:\/\/www.lassociation.fr\/en\/catalogue\/"},{"@type":"ListItem","position":3,"name":"Enveloppe \u00ab Le Grand Soulagement \u00bb"}]},{"@type":"WebSite","@id":"https:\/\/www.lassociation.fr\/en\/#website","url":"https:\/\/www.lassociation.fr\/en\/","name":"L\u2019Association","description":"Maison d\u2019\u00e9dition fran\u00e7aise de bande dessin\u00e9e, fond\u00e9e en 1990.","publisher":{"@id":"https:\/\/www.lassociation.fr\/en\/#organization"},"potentialAction":[{"@type":"SearchAction","target":{"@type":"EntryPoint","urlTemplate":"https:\/\/www.lassociation.fr\/en\/?s={search_term_string}"},"query-input":{"@type":"PropertyValueSpecification","valueRequired":true,"valueName":"search_term_string"}}],"inLanguage":"en-US"},{"@type":"Organization","@id":"https:\/\/www.lassociation.fr\/en\/#organization","name":"L\u2019Association","url":"https:\/\/www.lassociation.fr\/en\/","logo":{"@type":"ImageObject","inLanguage":"en-US","@id":"https:\/\/www.lassociation.fr\/en\/#\/schema\/logo\/image\/","url":"https:\/\/www.lassociation.fr\/backoffice\/wp-content\/uploads\/2019\/11\/asso_large.png","contentUrl":"https:\/\/www.lassociation.fr\/backoffice\/wp-content\/uploads\/2019\/11\/asso_large.png","width":1200,"height":630,"caption":"L\u2019Association"},"image":{"@id":"https:\/\/www.lassociation.fr\/en\/#\/schema\/logo\/image\/"},"sameAs":["https:\/\/www.facebook.com\/lhydrelasso\/","https:\/\/x.com\/lassociation","https:\/\/www.instagram.com\/editions_lassociation","https:\/\/fr.wikipedia.org\/wiki\/LAssociation","https:\/\/www.youtube.com\/@editions_lassociation"]}]}},"_links":{"self":[{"href":"https:\/\/www.lassociation.fr\/en\/wp-json\/wp\/v2\/product\/25419","targetHints":{"allow":["GET"]}}],"collection":[{"href":"https:\/\/www.lassociation.fr\/en\/wp-json\/wp\/v2\/product"}],"about":[{"href":"https:\/\/www.lassociation.fr\/en\/wp-json\/wp\/v2\/types\/product"}],"wp:featuredmedia":[{"embeddable":true,"href":"https:\/\/www.lassociation.fr\/en\/wp-json\/wp\/v2\/media\/20754"}],"wp:attachment":[{"href":"https:\/\/www.lassociation.fr\/en\/wp-json\/wp\/v2\/media?parent=25419"}],"wp:term":[{"taxonomy":"product_cat","embeddable":true,"href":"https:\/\/www.lassociation.fr\/en\/wp-json\/wp\/v2\/product_cat?post=25419"},{"taxonomy":"product_tag","embeddable":true,"href":"https:\/\/www.lassociation.fr\/en\/wp-json\/wp\/v2\/product_tag?post=25419"}],"curies":[{"name":"wp","href":"https:\/\/api.w.org\/{rel}","templated":true}]}}