{"id":25420,"date":"2024-09-10T11:14:00","date_gmt":"2024-09-10T09:14:00","guid":{"rendered":"https:\/\/www.lassociation.fr\/?post_type=product&#038;p=25420"},"modified":"2026-02-02T17:44:22","modified_gmt":"2026-02-02T16:44:22","slug":"parfois-les-ennuis-mettent-un-chapeau-2014","status":"publish","type":"product","link":"https:\/\/www.lassociation.fr\/en\/catalogue\/parfois-les-ennuis-mettent-un-chapeau-2014\/","title":{"rendered":"Parfois les ennuis mettent un chapeau (2014)"},"content":{"rendered":"<p><em>\u201cSi je n&#8217;\u00e9tais pas n\u00e9, ce livre n\u2019aurait pas exist\u00e9 ou alors ce serait un autre qui l\u2019aurait \u00e9crit.\u201d<\/em><\/p>\n<p>Heureusement, la question ne se pose pas et nombreux ont \u00e9t\u00e9 ceux qui ont pr\u00eat\u00e9 une oreille attentive \u00e0 l\u2019exercice sobre et modeste entrepris par Jos\u00e9 Parrondo dans <em>Parfois les ennuis mettent un chapeau<\/em>.<\/p>\n<p><strong>La premi\u00e8re \u00e9dition s\u2019est \u00e9vapor\u00e9e aussi vite qu\u2019elle \u00e9tait arriv\u00e9e en librairie.<\/strong> Voil\u00e0 donc r\u00e9\u00e9dit\u00e9 ce petit carnet, sous une forme sensiblement diff\u00e9rente qui affirme d\u2019autant plus ses qualit\u00e9s de br\u00e9viaire des choses de la vie. Compos\u00e9es d\u2019une phrase attel\u00e9e \u00e0 un dessin synth\u00e9tique au crayon de couleur, ou \u00e0 l\u2019aquarelle, les dessins de Jos\u00e9 Parrondo interrogent avec malice le sens commun et jouent avec les \u00e9chelles de temps, de taille et d&#8217;espace. Corps de m\u00e9tiers, imagerie populaire ou encore cycles de la nature (et si c&#8217;\u00e9tait les feuilles qui perdaient leurs arbres ?), l\u2019auteur recr\u00e9e un rapport au monde quasiment ludique avec un ton qui rappelle parfois le <i>Journal<\/i> de Jules Renard. <i>Parfois les ennuis mettent un chapeau<\/i>, dans la parfaite continuit\u00e9 de <i>La Porte<\/i>, \u00e9claire alors certaines v\u00e9rit\u00e9s d\u2019une lueur tout \u00e0 fait po\u00e9tique.<\/p>\n","protected":false},"excerpt":{"rendered":"<p>\u201cSi je n&#8217;\u00e9tais pas n\u00e9, ce livre n\u2019aurait pas exist\u00e9 ou alors ce serait un autre qui l\u2019aurait \u00e9crit.\u201d Heureusement, la question ne se pose pas et nombreux ont \u00e9t\u00e9 ceux qui ont pr\u00eat\u00e9 une oreille attentive \u00e0 l\u2019exercice sobre et modeste entrepris par Jos\u00e9 Parrondo dans Parfois les ennuis mettent un chapeau. La premi\u00e8re [&hellip;]<\/p>\n","protected":false},"featured_media":2305,"template":"","meta":{"_acf_changed":false},"product_cat":[48],"product_tag":[],"class_list":{"0":"post-25420","1":"product","2":"type-product","3":"status-publish","4":"has-post-thumbnail","6":"product_cat-hors-collection","7":"product_shipping_class-avec-signature","8":"member-discount","9":"discount-restricted","11":"first","12":"instock","13":"featured","14":"taxable","15":"shipping-taxable","16":"purchasable","17":"product-type-simple"},"acf":[],"yoast_head":"<title>Parfois les ennuis mettent un chapeau (2014) - L\u2019Association<\/title>\n<meta name=\"robots\" content=\"index, follow, max-snippet:-1, max-image-preview:large, max-video-preview:-1\" \/>\n<link rel=\"canonical\" href=\"https:\/\/www.lassociation.fr\/en\/catalogue\/parfois-les-ennuis-mettent-un-chapeau-2014\/\" \/>\n<meta property=\"og:locale\" content=\"en_US\" \/>\n<meta property=\"og:type\" content=\"article\" \/>\n<meta property=\"og:title\" content=\"Parfois les ennuis mettent un chapeau (2014) - L\u2019Association\" \/>\n<meta property=\"og:description\" content=\"\u201cSi je n&#8217;\u00e9tais pas n\u00e9, ce livre n\u2019aurait pas exist\u00e9 ou alors ce serait un autre qui l\u2019aurait \u00e9crit.\u201d Heureusement, la question ne se pose pas et nombreux ont \u00e9t\u00e9 ceux qui ont pr\u00eat\u00e9 une oreille attentive \u00e0 l\u2019exercice sobre et modeste entrepris par Jos\u00e9 Parrondo dans Parfois les ennuis mettent un chapeau. La premi\u00e8re [&hellip;]\" \/>\n<meta property=\"og:url\" content=\"https:\/\/www.lassociation.fr\/en\/catalogue\/parfois-les-ennuis-mettent-un-chapeau-2014\/\" \/>\n<meta property=\"og:site_name\" content=\"L\u2019Association\" \/>\n<meta property=\"article:publisher\" content=\"https:\/\/www.facebook.com\/lhydrelasso\/\" \/>\n<meta property=\"article:modified_time\" content=\"2026-02-02T16:44:22+00:00\" \/>\n<meta property=\"og:image\" content=\"https:\/\/www.lassociation.fr\/backoffice\/wp-content\/uploads\/2019\/09\/3173.png\" \/>\n\t<meta property=\"og:image:width\" content=\"276\" \/>\n\t<meta property=\"og:image:height\" content=\"437\" \/>\n\t<meta property=\"og:image:type\" content=\"image\/png\" \/>\n<meta name=\"twitter:card\" content=\"summary_large_image\" \/>\n<meta name=\"twitter:site\" content=\"@lassociation\" \/>\n<script type=\"application\/ld+json\" class=\"yoast-schema-graph\">{\"@context\":\"https:\\\/\\\/schema.org\",\"@graph\":[{\"@type\":\"WebPage\",\"@id\":\"https:\\\/\\\/www.lassociation.fr\\\/en\\\/catalogue\\\/parfois-les-ennuis-mettent-un-chapeau-2014\\\/\",\"url\":\"https:\\\/\\\/www.lassociation.fr\\\/en\\\/catalogue\\\/parfois-les-ennuis-mettent-un-chapeau-2014\\\/\",\"name\":\"Parfois les ennuis mettent un chapeau (2014) - L\u2019Association\",\"isPartOf\":{\"@id\":\"https:\\\/\\\/www.lassociation.fr\\\/en\\\/#website\"},\"primaryImageOfPage\":{\"@id\":\"https:\\\/\\\/www.lassociation.fr\\\/en\\\/catalogue\\\/parfois-les-ennuis-mettent-un-chapeau-2014\\\/#primaryimage\"},\"image\":{\"@id\":\"https:\\\/\\\/www.lassociation.fr\\\/en\\\/catalogue\\\/parfois-les-ennuis-mettent-un-chapeau-2014\\\/#primaryimage\"},\"thumbnailUrl\":\"https:\\\/\\\/www.lassociation.fr\\\/backoffice\\\/wp-content\\\/uploads\\\/2019\\\/09\\\/3173.png\",\"datePublished\":\"2024-09-10T09:14:00+00:00\",\"dateModified\":\"2026-02-02T16:44:22+00:00\",\"breadcrumb\":{\"@id\":\"https:\\\/\\\/www.lassociation.fr\\\/en\\\/catalogue\\\/parfois-les-ennuis-mettent-un-chapeau-2014\\\/#breadcrumb\"},\"inLanguage\":\"en-US\",\"potentialAction\":[{\"@type\":\"ReadAction\",\"target\":[\"https:\\\/\\\/www.lassociation.fr\\\/en\\\/catalogue\\\/parfois-les-ennuis-mettent-un-chapeau-2014\\\/\"]}]},{\"@type\":\"ImageObject\",\"inLanguage\":\"en-US\",\"@id\":\"https:\\\/\\\/www.lassociation.fr\\\/en\\\/catalogue\\\/parfois-les-ennuis-mettent-un-chapeau-2014\\\/#primaryimage\",\"url\":\"https:\\\/\\\/www.lassociation.fr\\\/backoffice\\\/wp-content\\\/uploads\\\/2019\\\/09\\\/3173.png\",\"contentUrl\":\"https:\\\/\\\/www.lassociation.fr\\\/backoffice\\\/wp-content\\\/uploads\\\/2019\\\/09\\\/3173.png\",\"width\":276,\"height\":437},{\"@type\":\"BreadcrumbList\",\"@id\":\"https:\\\/\\\/www.lassociation.fr\\\/en\\\/catalogue\\\/parfois-les-ennuis-mettent-un-chapeau-2014\\\/#breadcrumb\",\"itemListElement\":[{\"@type\":\"ListItem\",\"position\":1,\"name\":\"Accueil\",\"item\":\"https:\\\/\\\/www.lassociation.fr\\\/en\\\/\"},{\"@type\":\"ListItem\",\"position\":2,\"name\":\"Catalog\",\"item\":\"https:\\\/\\\/www.lassociation.fr\\\/en\\\/catalogue\\\/\"},{\"@type\":\"ListItem\",\"position\":3,\"name\":\"Parfois les ennuis mettent un chapeau (2014)\"}]},{\"@type\":\"WebSite\",\"@id\":\"https:\\\/\\\/www.lassociation.fr\\\/en\\\/#website\",\"url\":\"https:\\\/\\\/www.lassociation.fr\\\/en\\\/\",\"name\":\"L\u2019Association\",\"description\":\"Maison d\u2019\u00e9dition fran\u00e7aise de bande dessin\u00e9e, fond\u00e9e en 1990.\",\"publisher\":{\"@id\":\"https:\\\/\\\/www.lassociation.fr\\\/en\\\/#organization\"},\"potentialAction\":[{\"@type\":\"SearchAction\",\"target\":{\"@type\":\"EntryPoint\",\"urlTemplate\":\"https:\\\/\\\/www.lassociation.fr\\\/en\\\/?s={search_term_string}\"},\"query-input\":{\"@type\":\"PropertyValueSpecification\",\"valueRequired\":true,\"valueName\":\"search_term_string\"}}],\"inLanguage\":\"en-US\"},{\"@type\":\"Organization\",\"@id\":\"https:\\\/\\\/www.lassociation.fr\\\/en\\\/#organization\",\"name\":\"L\u2019Association\",\"url\":\"https:\\\/\\\/www.lassociation.fr\\\/en\\\/\",\"logo\":{\"@type\":\"ImageObject\",\"inLanguage\":\"en-US\",\"@id\":\"https:\\\/\\\/www.lassociation.fr\\\/en\\\/#\\\/schema\\\/logo\\\/image\\\/\",\"url\":\"https:\\\/\\\/www.lassociation.fr\\\/backoffice\\\/wp-content\\\/uploads\\\/2019\\\/11\\\/asso_large.png\",\"contentUrl\":\"https:\\\/\\\/www.lassociation.fr\\\/backoffice\\\/wp-content\\\/uploads\\\/2019\\\/11\\\/asso_large.png\",\"width\":1200,\"height\":630,\"caption\":\"L\u2019Association\"},\"image\":{\"@id\":\"https:\\\/\\\/www.lassociation.fr\\\/en\\\/#\\\/schema\\\/logo\\\/image\\\/\"},\"sameAs\":[\"https:\\\/\\\/www.facebook.com\\\/lhydrelasso\\\/\",\"https:\\\/\\\/x.com\\\/lassociation\",\"https:\\\/\\\/www.instagram.com\\\/editions_lassociation\",\"https:\\\/\\\/fr.wikipedia.org\\\/wiki\\\/LAssociation\",\"https:\\\/\\\/www.youtube.com\\\/@editions_lassociation\"]}]}<\/script>","yoast_head_json":{"title":"Parfois les ennuis mettent un chapeau (2014) - L\u2019Association","robots":{"index":"index","follow":"follow","max-snippet":"max-snippet:-1","max-image-preview":"max-image-preview:large","max-video-preview":"max-video-preview:-1"},"canonical":"https:\/\/www.lassociation.fr\/en\/catalogue\/parfois-les-ennuis-mettent-un-chapeau-2014\/","og_locale":"en_US","og_type":"article","og_title":"Parfois les ennuis mettent un chapeau (2014) - L\u2019Association","og_description":"\u201cSi je n&#8217;\u00e9tais pas n\u00e9, ce livre n\u2019aurait pas exist\u00e9 ou alors ce serait un autre qui l\u2019aurait \u00e9crit.\u201d Heureusement, la question ne se pose pas et nombreux ont \u00e9t\u00e9 ceux qui ont pr\u00eat\u00e9 une oreille attentive \u00e0 l\u2019exercice sobre et modeste entrepris par Jos\u00e9 Parrondo dans Parfois les ennuis mettent un chapeau. La premi\u00e8re [&hellip;]","og_url":"https:\/\/www.lassociation.fr\/en\/catalogue\/parfois-les-ennuis-mettent-un-chapeau-2014\/","og_site_name":"L\u2019Association","article_publisher":"https:\/\/www.facebook.com\/lhydrelasso\/","article_modified_time":"2026-02-02T16:44:22+00:00","og_image":[{"width":276,"height":437,"url":"https:\/\/www.lassociation.fr\/backoffice\/wp-content\/uploads\/2019\/09\/3173.png","type":"image\/png"}],"twitter_card":"summary_large_image","twitter_site":"@lassociation","schema":{"@context":"https:\/\/schema.org","@graph":[{"@type":"WebPage","@id":"https:\/\/www.lassociation.fr\/en\/catalogue\/parfois-les-ennuis-mettent-un-chapeau-2014\/","url":"https:\/\/www.lassociation.fr\/en\/catalogue\/parfois-les-ennuis-mettent-un-chapeau-2014\/","name":"Parfois les ennuis mettent un chapeau (2014) - L\u2019Association","isPartOf":{"@id":"https:\/\/www.lassociation.fr\/en\/#website"},"primaryImageOfPage":{"@id":"https:\/\/www.lassociation.fr\/en\/catalogue\/parfois-les-ennuis-mettent-un-chapeau-2014\/#primaryimage"},"image":{"@id":"https:\/\/www.lassociation.fr\/en\/catalogue\/parfois-les-ennuis-mettent-un-chapeau-2014\/#primaryimage"},"thumbnailUrl":"https:\/\/www.lassociation.fr\/backoffice\/wp-content\/uploads\/2019\/09\/3173.png","datePublished":"2024-09-10T09:14:00+00:00","dateModified":"2026-02-02T16:44:22+00:00","breadcrumb":{"@id":"https:\/\/www.lassociation.fr\/en\/catalogue\/parfois-les-ennuis-mettent-un-chapeau-2014\/#breadcrumb"},"inLanguage":"en-US","potentialAction":[{"@type":"ReadAction","target":["https:\/\/www.lassociation.fr\/en\/catalogue\/parfois-les-ennuis-mettent-un-chapeau-2014\/"]}]},{"@type":"ImageObject","inLanguage":"en-US","@id":"https:\/\/www.lassociation.fr\/en\/catalogue\/parfois-les-ennuis-mettent-un-chapeau-2014\/#primaryimage","url":"https:\/\/www.lassociation.fr\/backoffice\/wp-content\/uploads\/2019\/09\/3173.png","contentUrl":"https:\/\/www.lassociation.fr\/backoffice\/wp-content\/uploads\/2019\/09\/3173.png","width":276,"height":437},{"@type":"BreadcrumbList","@id":"https:\/\/www.lassociation.fr\/en\/catalogue\/parfois-les-ennuis-mettent-un-chapeau-2014\/#breadcrumb","itemListElement":[{"@type":"ListItem","position":1,"name":"Accueil","item":"https:\/\/www.lassociation.fr\/en\/"},{"@type":"ListItem","position":2,"name":"Catalog","item":"https:\/\/www.lassociation.fr\/en\/catalogue\/"},{"@type":"ListItem","position":3,"name":"Parfois les ennuis mettent un chapeau (2014)"}]},{"@type":"WebSite","@id":"https:\/\/www.lassociation.fr\/en\/#website","url":"https:\/\/www.lassociation.fr\/en\/","name":"L\u2019Association","description":"Maison d\u2019\u00e9dition fran\u00e7aise de bande dessin\u00e9e, fond\u00e9e en 1990.","publisher":{"@id":"https:\/\/www.lassociation.fr\/en\/#organization"},"potentialAction":[{"@type":"SearchAction","target":{"@type":"EntryPoint","urlTemplate":"https:\/\/www.lassociation.fr\/en\/?s={search_term_string}"},"query-input":{"@type":"PropertyValueSpecification","valueRequired":true,"valueName":"search_term_string"}}],"inLanguage":"en-US"},{"@type":"Organization","@id":"https:\/\/www.lassociation.fr\/en\/#organization","name":"L\u2019Association","url":"https:\/\/www.lassociation.fr\/en\/","logo":{"@type":"ImageObject","inLanguage":"en-US","@id":"https:\/\/www.lassociation.fr\/en\/#\/schema\/logo\/image\/","url":"https:\/\/www.lassociation.fr\/backoffice\/wp-content\/uploads\/2019\/11\/asso_large.png","contentUrl":"https:\/\/www.lassociation.fr\/backoffice\/wp-content\/uploads\/2019\/11\/asso_large.png","width":1200,"height":630,"caption":"L\u2019Association"},"image":{"@id":"https:\/\/www.lassociation.fr\/en\/#\/schema\/logo\/image\/"},"sameAs":["https:\/\/www.facebook.com\/lhydrelasso\/","https:\/\/x.com\/lassociation","https:\/\/www.instagram.com\/editions_lassociation","https:\/\/fr.wikipedia.org\/wiki\/LAssociation","https:\/\/www.youtube.com\/@editions_lassociation"]}]}},"_links":{"self":[{"href":"https:\/\/www.lassociation.fr\/en\/wp-json\/wp\/v2\/product\/25420","targetHints":{"allow":["GET"]}}],"collection":[{"href":"https:\/\/www.lassociation.fr\/en\/wp-json\/wp\/v2\/product"}],"about":[{"href":"https:\/\/www.lassociation.fr\/en\/wp-json\/wp\/v2\/types\/product"}],"wp:featuredmedia":[{"embeddable":true,"href":"https:\/\/www.lassociation.fr\/en\/wp-json\/wp\/v2\/media\/2305"}],"wp:attachment":[{"href":"https:\/\/www.lassociation.fr\/en\/wp-json\/wp\/v2\/media?parent=25420"}],"wp:term":[{"taxonomy":"product_cat","embeddable":true,"href":"https:\/\/www.lassociation.fr\/en\/wp-json\/wp\/v2\/product_cat?post=25420"},{"taxonomy":"product_tag","embeddable":true,"href":"https:\/\/www.lassociation.fr\/en\/wp-json\/wp\/v2\/product_tag?post=25420"}],"curies":[{"name":"wp","href":"https:\/\/api.w.org\/{rel}","templated":true}]}}