{"id":25533,"date":"2025-01-12T12:12:37","date_gmt":"2025-01-12T11:12:37","guid":{"rendered":"https:\/\/www.lassociation.fr\/?post_type=product&#038;p=25533"},"modified":"2026-01-22T21:30:45","modified_gmt":"2026-01-22T20:30:45","slug":"sacree-bunche","status":"publish","type":"product","link":"https:\/\/www.lassociation.fr\/en\/catalogue\/sacree-bunche\/","title":{"rendered":"Sacr\u00e9e Bunche"},"content":{"rendered":"<p>Avec la parution de <em>Sacr\u00e9e Bunche,<\/em> c\u2019est peut-\u00eatre la plus importante partie de l\u2019\u0153uvre d\u2019Aline Kominsky-Crumb, qui est enfin publi\u00e9e en fran\u00e7ais. Pionni\u00e8re de la bande dessin\u00e9e underground et f\u00e9ministe am\u00e9ricaine, celle qui fonda le comics <em>Twisted Sisters<\/em> avec Diane Noomin, et qui dirigea la revue <em>Weirdo<\/em> \u00e0 la fin des ann\u00e9es 1980, fut l\u2019autrice d\u2019une \u0153uvre transgressive, profonde et novatrice qui a influenc\u00e9 plusieurs g\u00e9n\u00e9rations de cr\u00e9atrices et d\u2019artistes.<\/p>\n<p>De son enfance suffocante sur l\u2019\u00eele de Long Island, \u00e0 un premier mariage d\u00e9sastreux avec \u00ab\u00a0le furet\u00a0\u00bb, en passant par son installation dans le San Francisco underground des ann\u00e9es 1970, c\u2019est avec un ton grin\u00e7ant et une bonne dose d\u2019ironie qu\u2019Aline Kominsky-Crumb se met en sc\u00e8ne sous le nom de la \u00ab\u00a0bunche\u00a0\u00bb. F\u00e9ministe, son \u0153uvre l\u2019est r\u00e9solument, et rien n\u2019\u00e9chappe au s\u00e9cateur de son autod\u00e9rision d\u00e9vastatrice\u00a0: rapport au corps et \u00e0 l\u2019apparence physique, montagnes russes de la libido et de l\u2019estime de soi, violences sexuelles, grossesse non d\u00e9sir\u00e9e, maternit\u00e9, r\u00eaves, fantasmes et culpabilit\u00e9, Aline Kominsky-Crumb se raconte cr\u00fbment et sans tabou.<\/p>\n<p>Dans un dessin vibrant, expressif et grotesque, parfois proche de la caricature, d\u00e9filent des personnages hauts en couleur. Les cases sont satur\u00e9es de motifs, les visages apparaissent en gros plan, se tordent en grimaces et ricanements, tandis que les corps se d\u00e9forment au gr\u00e9 des r\u00e9cits. Une \u0153uvre hors norme et jubilatoire\u00a0!<\/p>\n<p>Traduite par Sophie Crumb, avec l\u2019aide de Jean-Pierre Mercier, cette anthologie rassemble pr\u00e8s de 50 ans de bandes dessin\u00e9es confessionnelles et d\u00e9jant\u00e9es, des ann\u00e9es 1970 jusqu\u2019au d\u00e9but des ann\u00e9es 2020.<\/p>\n<p>&#8220;Cette inventivit\u00e9 graphique se double d&#8217;ailleurs d&#8217;une inventivit\u00e9 narrative&#8221; (Le matricule des anges)<\/p>\n","protected":false},"excerpt":{"rendered":"<p>Avec la parution de Sacr\u00e9e Bunche, c\u2019est peut-\u00eatre la plus importante partie de l\u2019\u0153uvre d\u2019Aline Kominsky-Crumb, qui est enfin publi\u00e9e en fran\u00e7ais. Pionni\u00e8re de la bande dessin\u00e9e underground et f\u00e9ministe am\u00e9ricaine, celle qui fonda le comics Twisted Sisters avec Diane Noomin, et qui dirigea la revue Weirdo \u00e0 la fin des ann\u00e9es 1980, fut l\u2019autrice [&hellip;]<\/p>\n","protected":false},"featured_media":25534,"template":"","meta":{"_acf_changed":false},"product_cat":[48],"product_tag":[],"class_list":{"0":"post-25533","1":"product","2":"type-product","3":"status-publish","4":"has-post-thumbnail","6":"product_cat-hors-collection","7":"member-discount","8":"discount-restricted","10":"first","11":"instock","12":"taxable","13":"shipping-taxable","14":"purchasable","15":"product-type-simple"},"acf":[],"yoast_head":"<title>Sacr\u00e9e Bunche - L\u2019Association<\/title>\n<meta name=\"robots\" content=\"index, follow, max-snippet:-1, max-image-preview:large, max-video-preview:-1\" \/>\n<link rel=\"canonical\" href=\"https:\/\/www.lassociation.fr\/en\/catalogue\/sacree-bunche\/\" \/>\n<meta property=\"og:locale\" content=\"en_US\" \/>\n<meta property=\"og:type\" content=\"article\" \/>\n<meta property=\"og:title\" content=\"Sacr\u00e9e Bunche - L\u2019Association\" \/>\n<meta property=\"og:description\" content=\"Avec la parution de Sacr\u00e9e Bunche, c\u2019est peut-\u00eatre la plus importante partie de l\u2019\u0153uvre d\u2019Aline Kominsky-Crumb, qui est enfin publi\u00e9e en fran\u00e7ais. Pionni\u00e8re de la bande dessin\u00e9e underground et f\u00e9ministe am\u00e9ricaine, celle qui fonda le comics Twisted Sisters avec Diane Noomin, et qui dirigea la revue Weirdo \u00e0 la fin des ann\u00e9es 1980, fut l\u2019autrice [&hellip;]\" \/>\n<meta property=\"og:url\" content=\"https:\/\/www.lassociation.fr\/en\/catalogue\/sacree-bunche\/\" \/>\n<meta property=\"og:site_name\" content=\"L\u2019Association\" \/>\n<meta property=\"article:publisher\" content=\"https:\/\/www.facebook.com\/lhydrelasso\/\" \/>\n<meta property=\"article:modified_time\" content=\"2026-01-22T20:30:45+00:00\" \/>\n<meta property=\"og:image\" content=\"https:\/\/www.lassociation.fr\/backoffice\/wp-content\/uploads\/2024\/10\/SacreeBunche_Couv.jpg\" \/>\n\t<meta property=\"og:image:width\" content=\"703\" \/>\n\t<meta property=\"og:image:height\" content=\"1000\" \/>\n\t<meta property=\"og:image:type\" content=\"image\/jpeg\" \/>\n<meta name=\"twitter:card\" content=\"summary_large_image\" \/>\n<meta name=\"twitter:site\" content=\"@lassociation\" \/>\n<script type=\"application\/ld+json\" class=\"yoast-schema-graph\">{\"@context\":\"https:\\\/\\\/schema.org\",\"@graph\":[{\"@type\":\"WebPage\",\"@id\":\"https:\\\/\\\/www.lassociation.fr\\\/en\\\/catalogue\\\/sacree-bunche\\\/\",\"url\":\"https:\\\/\\\/www.lassociation.fr\\\/en\\\/catalogue\\\/sacree-bunche\\\/\",\"name\":\"Sacr\u00e9e Bunche - L\u2019Association\",\"isPartOf\":{\"@id\":\"https:\\\/\\\/www.lassociation.fr\\\/en\\\/#website\"},\"primaryImageOfPage\":{\"@id\":\"https:\\\/\\\/www.lassociation.fr\\\/en\\\/catalogue\\\/sacree-bunche\\\/#primaryimage\"},\"image\":{\"@id\":\"https:\\\/\\\/www.lassociation.fr\\\/en\\\/catalogue\\\/sacree-bunche\\\/#primaryimage\"},\"thumbnailUrl\":\"https:\\\/\\\/www.lassociation.fr\\\/backoffice\\\/wp-content\\\/uploads\\\/2024\\\/10\\\/SacreeBunche_Couv.jpg\",\"datePublished\":\"2025-01-12T11:12:37+00:00\",\"dateModified\":\"2026-01-22T20:30:45+00:00\",\"breadcrumb\":{\"@id\":\"https:\\\/\\\/www.lassociation.fr\\\/en\\\/catalogue\\\/sacree-bunche\\\/#breadcrumb\"},\"inLanguage\":\"en-US\",\"potentialAction\":[{\"@type\":\"ReadAction\",\"target\":[\"https:\\\/\\\/www.lassociation.fr\\\/en\\\/catalogue\\\/sacree-bunche\\\/\"]}]},{\"@type\":\"ImageObject\",\"inLanguage\":\"en-US\",\"@id\":\"https:\\\/\\\/www.lassociation.fr\\\/en\\\/catalogue\\\/sacree-bunche\\\/#primaryimage\",\"url\":\"https:\\\/\\\/www.lassociation.fr\\\/backoffice\\\/wp-content\\\/uploads\\\/2024\\\/10\\\/SacreeBunche_Couv.jpg\",\"contentUrl\":\"https:\\\/\\\/www.lassociation.fr\\\/backoffice\\\/wp-content\\\/uploads\\\/2024\\\/10\\\/SacreeBunche_Couv.jpg\",\"width\":703,\"height\":1000},{\"@type\":\"BreadcrumbList\",\"@id\":\"https:\\\/\\\/www.lassociation.fr\\\/en\\\/catalogue\\\/sacree-bunche\\\/#breadcrumb\",\"itemListElement\":[{\"@type\":\"ListItem\",\"position\":1,\"name\":\"Accueil\",\"item\":\"https:\\\/\\\/www.lassociation.fr\\\/en\\\/\"},{\"@type\":\"ListItem\",\"position\":2,\"name\":\"Catalog\",\"item\":\"https:\\\/\\\/www.lassociation.fr\\\/en\\\/catalogue\\\/\"},{\"@type\":\"ListItem\",\"position\":3,\"name\":\"Sacr\u00e9e Bunche\"}]},{\"@type\":\"WebSite\",\"@id\":\"https:\\\/\\\/www.lassociation.fr\\\/en\\\/#website\",\"url\":\"https:\\\/\\\/www.lassociation.fr\\\/en\\\/\",\"name\":\"L\u2019Association\",\"description\":\"Maison d\u2019\u00e9dition fran\u00e7aise de bande dessin\u00e9e, fond\u00e9e en 1990.\",\"publisher\":{\"@id\":\"https:\\\/\\\/www.lassociation.fr\\\/en\\\/#organization\"},\"potentialAction\":[{\"@type\":\"SearchAction\",\"target\":{\"@type\":\"EntryPoint\",\"urlTemplate\":\"https:\\\/\\\/www.lassociation.fr\\\/en\\\/?s={search_term_string}\"},\"query-input\":{\"@type\":\"PropertyValueSpecification\",\"valueRequired\":true,\"valueName\":\"search_term_string\"}}],\"inLanguage\":\"en-US\"},{\"@type\":\"Organization\",\"@id\":\"https:\\\/\\\/www.lassociation.fr\\\/en\\\/#organization\",\"name\":\"L\u2019Association\",\"url\":\"https:\\\/\\\/www.lassociation.fr\\\/en\\\/\",\"logo\":{\"@type\":\"ImageObject\",\"inLanguage\":\"en-US\",\"@id\":\"https:\\\/\\\/www.lassociation.fr\\\/en\\\/#\\\/schema\\\/logo\\\/image\\\/\",\"url\":\"https:\\\/\\\/www.lassociation.fr\\\/backoffice\\\/wp-content\\\/uploads\\\/2019\\\/11\\\/asso_large.png\",\"contentUrl\":\"https:\\\/\\\/www.lassociation.fr\\\/backoffice\\\/wp-content\\\/uploads\\\/2019\\\/11\\\/asso_large.png\",\"width\":1200,\"height\":630,\"caption\":\"L\u2019Association\"},\"image\":{\"@id\":\"https:\\\/\\\/www.lassociation.fr\\\/en\\\/#\\\/schema\\\/logo\\\/image\\\/\"},\"sameAs\":[\"https:\\\/\\\/www.facebook.com\\\/lhydrelasso\\\/\",\"https:\\\/\\\/x.com\\\/lassociation\",\"https:\\\/\\\/www.instagram.com\\\/editions_lassociation\",\"https:\\\/\\\/fr.wikipedia.org\\\/wiki\\\/LAssociation\",\"https:\\\/\\\/www.youtube.com\\\/@editions_lassociation\"]}]}<\/script>","yoast_head_json":{"title":"Sacr\u00e9e Bunche - L\u2019Association","robots":{"index":"index","follow":"follow","max-snippet":"max-snippet:-1","max-image-preview":"max-image-preview:large","max-video-preview":"max-video-preview:-1"},"canonical":"https:\/\/www.lassociation.fr\/en\/catalogue\/sacree-bunche\/","og_locale":"en_US","og_type":"article","og_title":"Sacr\u00e9e Bunche - L\u2019Association","og_description":"Avec la parution de Sacr\u00e9e Bunche, c\u2019est peut-\u00eatre la plus importante partie de l\u2019\u0153uvre d\u2019Aline Kominsky-Crumb, qui est enfin publi\u00e9e en fran\u00e7ais. Pionni\u00e8re de la bande dessin\u00e9e underground et f\u00e9ministe am\u00e9ricaine, celle qui fonda le comics Twisted Sisters avec Diane Noomin, et qui dirigea la revue Weirdo \u00e0 la fin des ann\u00e9es 1980, fut l\u2019autrice [&hellip;]","og_url":"https:\/\/www.lassociation.fr\/en\/catalogue\/sacree-bunche\/","og_site_name":"L\u2019Association","article_publisher":"https:\/\/www.facebook.com\/lhydrelasso\/","article_modified_time":"2026-01-22T20:30:45+00:00","og_image":[{"width":703,"height":1000,"url":"https:\/\/www.lassociation.fr\/backoffice\/wp-content\/uploads\/2024\/10\/SacreeBunche_Couv.jpg","type":"image\/jpeg"}],"twitter_card":"summary_large_image","twitter_site":"@lassociation","schema":{"@context":"https:\/\/schema.org","@graph":[{"@type":"WebPage","@id":"https:\/\/www.lassociation.fr\/en\/catalogue\/sacree-bunche\/","url":"https:\/\/www.lassociation.fr\/en\/catalogue\/sacree-bunche\/","name":"Sacr\u00e9e Bunche - L\u2019Association","isPartOf":{"@id":"https:\/\/www.lassociation.fr\/en\/#website"},"primaryImageOfPage":{"@id":"https:\/\/www.lassociation.fr\/en\/catalogue\/sacree-bunche\/#primaryimage"},"image":{"@id":"https:\/\/www.lassociation.fr\/en\/catalogue\/sacree-bunche\/#primaryimage"},"thumbnailUrl":"https:\/\/www.lassociation.fr\/backoffice\/wp-content\/uploads\/2024\/10\/SacreeBunche_Couv.jpg","datePublished":"2025-01-12T11:12:37+00:00","dateModified":"2026-01-22T20:30:45+00:00","breadcrumb":{"@id":"https:\/\/www.lassociation.fr\/en\/catalogue\/sacree-bunche\/#breadcrumb"},"inLanguage":"en-US","potentialAction":[{"@type":"ReadAction","target":["https:\/\/www.lassociation.fr\/en\/catalogue\/sacree-bunche\/"]}]},{"@type":"ImageObject","inLanguage":"en-US","@id":"https:\/\/www.lassociation.fr\/en\/catalogue\/sacree-bunche\/#primaryimage","url":"https:\/\/www.lassociation.fr\/backoffice\/wp-content\/uploads\/2024\/10\/SacreeBunche_Couv.jpg","contentUrl":"https:\/\/www.lassociation.fr\/backoffice\/wp-content\/uploads\/2024\/10\/SacreeBunche_Couv.jpg","width":703,"height":1000},{"@type":"BreadcrumbList","@id":"https:\/\/www.lassociation.fr\/en\/catalogue\/sacree-bunche\/#breadcrumb","itemListElement":[{"@type":"ListItem","position":1,"name":"Accueil","item":"https:\/\/www.lassociation.fr\/en\/"},{"@type":"ListItem","position":2,"name":"Catalog","item":"https:\/\/www.lassociation.fr\/en\/catalogue\/"},{"@type":"ListItem","position":3,"name":"Sacr\u00e9e Bunche"}]},{"@type":"WebSite","@id":"https:\/\/www.lassociation.fr\/en\/#website","url":"https:\/\/www.lassociation.fr\/en\/","name":"L\u2019Association","description":"Maison d\u2019\u00e9dition fran\u00e7aise de bande dessin\u00e9e, fond\u00e9e en 1990.","publisher":{"@id":"https:\/\/www.lassociation.fr\/en\/#organization"},"potentialAction":[{"@type":"SearchAction","target":{"@type":"EntryPoint","urlTemplate":"https:\/\/www.lassociation.fr\/en\/?s={search_term_string}"},"query-input":{"@type":"PropertyValueSpecification","valueRequired":true,"valueName":"search_term_string"}}],"inLanguage":"en-US"},{"@type":"Organization","@id":"https:\/\/www.lassociation.fr\/en\/#organization","name":"L\u2019Association","url":"https:\/\/www.lassociation.fr\/en\/","logo":{"@type":"ImageObject","inLanguage":"en-US","@id":"https:\/\/www.lassociation.fr\/en\/#\/schema\/logo\/image\/","url":"https:\/\/www.lassociation.fr\/backoffice\/wp-content\/uploads\/2019\/11\/asso_large.png","contentUrl":"https:\/\/www.lassociation.fr\/backoffice\/wp-content\/uploads\/2019\/11\/asso_large.png","width":1200,"height":630,"caption":"L\u2019Association"},"image":{"@id":"https:\/\/www.lassociation.fr\/en\/#\/schema\/logo\/image\/"},"sameAs":["https:\/\/www.facebook.com\/lhydrelasso\/","https:\/\/x.com\/lassociation","https:\/\/www.instagram.com\/editions_lassociation","https:\/\/fr.wikipedia.org\/wiki\/LAssociation","https:\/\/www.youtube.com\/@editions_lassociation"]}]}},"_links":{"self":[{"href":"https:\/\/www.lassociation.fr\/en\/wp-json\/wp\/v2\/product\/25533","targetHints":{"allow":["GET"]}}],"collection":[{"href":"https:\/\/www.lassociation.fr\/en\/wp-json\/wp\/v2\/product"}],"about":[{"href":"https:\/\/www.lassociation.fr\/en\/wp-json\/wp\/v2\/types\/product"}],"wp:featuredmedia":[{"embeddable":true,"href":"https:\/\/www.lassociation.fr\/en\/wp-json\/wp\/v2\/media\/25534"}],"wp:attachment":[{"href":"https:\/\/www.lassociation.fr\/en\/wp-json\/wp\/v2\/media?parent=25533"}],"wp:term":[{"taxonomy":"product_cat","embeddable":true,"href":"https:\/\/www.lassociation.fr\/en\/wp-json\/wp\/v2\/product_cat?post=25533"},{"taxonomy":"product_tag","embeddable":true,"href":"https:\/\/www.lassociation.fr\/en\/wp-json\/wp\/v2\/product_tag?post=25533"}],"curies":[{"name":"wp","href":"https:\/\/api.w.org\/{rel}","templated":true}]}}