{"id":25657,"date":"2025-01-23T12:02:05","date_gmt":"2025-01-23T11:02:05","guid":{"rendered":"https:\/\/www.lassociation.fr\/?post_type=product&#038;p=25657"},"modified":"2026-04-22T21:31:23","modified_gmt":"2026-04-22T19:31:23","slug":"rust-river-city","status":"publish","type":"product","link":"https:\/\/www.lassociation.fr\/en\/catalogue\/rust-river-city\/","title":{"rendered":"Rust River City"},"content":{"rendered":"<p class=\"p1\"><strong>Dean<\/strong>, veuf et v\u00e9t\u00e9ran de la guerre du Vietnam se fait licencier du jour au lendemain. Un pack de bi\u00e8res bon march\u00e9 en guise de cadeau d\u2019adieux, il\u00a0rentre chez lui et annonce la terrible nouvelle \u00e0 ses deux fils. Nous sommes \u00e0 <strong>Rust River City<\/strong> et le travail est une denr\u00e9e rare, d\u2019autant plus que d\u00e9sormais une partie de la production de<strong> Mericor<\/strong>, l\u2019usine de la ville, est d\u00e9localis\u00e9e en Chine. Dean encha\u00eene les boulots ingrats tout en travaillant chez <strong>Planet Chicken<\/strong>, un fast-food o\u00f9 les employ\u00e9s sont contraints de porter un stupide bonnet de poulet. C\u2019est alors qu\u2019une opportunit\u00e9 peu banale de gagner de l\u2019argent s\u2019offre \u00e0 lui&#8230;<\/p>\n<p class=\"p1\">Ville industrielle imaginaire, entour\u00e9e de sapins, avec son usine, ses pavillons et ses imposantes lignes \u00e0 haute tension, <i>Rust River City <\/i>prend vie de mani\u00e8re flamboyante. Le dessin au crayon \u00e0 papier, \u00e0 la fois r\u00e9aliste et cartoonesque, est rehauss\u00e9 par une palette de couleurs limit\u00e9e mais incandescente\u00a0: les cimes des sapins luisent dans le soleil couchant tandis que les maisons projettent leur ombre de mani\u00e8re dramatique, renfor\u00e7ant le sentiment de tension qui parcourt le livre. Car malgr\u00e9 le d\u00e9cor \u00e9poustouflant, les dialogues fusent pour \u00e9voquer tant\u00f4t la guerre au Vietnam,<span class=\"Apple-converted-space\">\u00a0 <\/span>tant\u00f4t l\u2019\u00e2pret\u00e9 des conditions de vie. Comme pour mieux affronter ce monde fragile, illusoire et chaotique, les personnages de <i>Rust River City<\/i> s\u2019accrochent avec t\u00e9nacit\u00e9 \u00e0 leur propre perception du monde, quitte \u00e0 entamer un bras de fer avec le r\u00e9el commun.<\/p>\n<p class=\"p1\"><span class=\"s1\">Apr\u00e8s <a href=\"https:\/\/www.lassociation.fr\/catalogue\/highbone-theater\/\"><i>Highbone Theater <\/i><\/a>(2016), <strong>Joe Daly<\/strong> revient avec une nouvelle bande dessin\u00e9e tout aussi ambitieuse que virtuose, o\u00f9 le r\u00e9alisme se fait sourdement d\u00e9jant\u00e9 et se teinte de fantastique.<\/span><\/p>\n<p>&nbsp;<\/p>\n<p class=\"p2\"><b>Ce livre a b\u00e9n\u00e9fici\u00e9 du soutien du Centre national du livre<br \/>\n<\/b><img loading=\"lazy\" decoding=\"async\" class=\"wp-image-26156 alignnone\" src=\"https:\/\/www.lassociation.fr\/backoffice\/wp-content\/uploads\/2025\/01\/00-CNL-logo-USUEL-768x378.jpg\" alt=\"\" width=\"81\" height=\"40\" srcset=\"https:\/\/www.lassociation.fr\/backoffice\/wp-content\/uploads\/2025\/01\/00-CNL-logo-USUEL-768x378.jpg 768w, https:\/\/www.lassociation.fr\/backoffice\/wp-content\/uploads\/2025\/01\/00-CNL-logo-USUEL-100x49.jpg 100w, https:\/\/www.lassociation.fr\/backoffice\/wp-content\/uploads\/2025\/01\/00-CNL-logo-USUEL-1536x756.jpg 1536w, https:\/\/www.lassociation.fr\/backoffice\/wp-content\/uploads\/2025\/01\/00-CNL-logo-USUEL-2048x1008.jpg 2048w, https:\/\/www.lassociation.fr\/backoffice\/wp-content\/uploads\/2025\/01\/00-CNL-logo-USUEL-1920x945.jpg 1920w, https:\/\/www.lassociation.fr\/backoffice\/wp-content\/uploads\/2025\/01\/00-CNL-logo-USUEL-1200x590.jpg 1200w, https:\/\/www.lassociation.fr\/backoffice\/wp-content\/uploads\/2025\/01\/00-CNL-logo-USUEL-300x148.jpg 300w\" sizes=\"auto, (max-width: 81px) 100vw, 81px\" \/><\/p>\n","protected":false},"excerpt":{"rendered":"<p>Dean, veuf et v\u00e9t\u00e9ran de la guerre du Vietnam se fait licencier du jour au lendemain. Un pack de bi\u00e8res bon march\u00e9 en guise de cadeau d\u2019adieux, il\u00a0rentre chez lui et annonce la terrible nouvelle \u00e0 ses deux fils. Nous sommes \u00e0 Rust River City et le travail est une denr\u00e9e rare, d\u2019autant plus que [&hellip;]<\/p>\n","protected":false},"featured_media":26069,"template":"","meta":{"_acf_changed":false},"product_cat":[41],"product_tag":[],"class_list":{"0":"post-25657","1":"product","2":"type-product","3":"status-publish","4":"has-post-thumbnail","6":"product_cat-ciboulette","7":"member-discount","8":"discount-restricted","10":"first","11":"instock","12":"taxable","13":"shipping-taxable","14":"purchasable","15":"product-type-simple"},"acf":[],"yoast_head":"<title>Rust River City - L\u2019Association<\/title>\n<meta name=\"robots\" content=\"index, follow, max-snippet:-1, max-image-preview:large, max-video-preview:-1\" \/>\n<link rel=\"canonical\" href=\"https:\/\/www.lassociation.fr\/en\/catalogue\/rust-river-city\/\" \/>\n<meta property=\"og:locale\" content=\"en_US\" \/>\n<meta property=\"og:type\" content=\"article\" \/>\n<meta property=\"og:title\" content=\"Rust River City - L\u2019Association\" \/>\n<meta property=\"og:description\" content=\"Dean, veuf et v\u00e9t\u00e9ran de la guerre du Vietnam se fait licencier du jour au lendemain. Un pack de bi\u00e8res bon march\u00e9 en guise de cadeau d\u2019adieux, il\u00a0rentre chez lui et annonce la terrible nouvelle \u00e0 ses deux fils. Nous sommes \u00e0 Rust River City et le travail est une denr\u00e9e rare, d\u2019autant plus que [&hellip;]\" \/>\n<meta property=\"og:url\" content=\"https:\/\/www.lassociation.fr\/en\/catalogue\/rust-river-city\/\" \/>\n<meta property=\"og:site_name\" content=\"L\u2019Association\" \/>\n<meta property=\"article:publisher\" content=\"https:\/\/www.facebook.com\/lhydrelasso\/\" \/>\n<meta property=\"article:modified_time\" content=\"2026-04-22T19:31:23+00:00\" \/>\n<meta property=\"og:image\" content=\"https:\/\/www.lassociation.fr\/backoffice\/wp-content\/uploads\/2025\/02\/RustRiverCity_FR_couv-scaled.jpg\" \/>\n\t<meta property=\"og:image:width\" content=\"1784\" \/>\n\t<meta property=\"og:image:height\" content=\"2560\" \/>\n\t<meta property=\"og:image:type\" content=\"image\/jpeg\" \/>\n<meta name=\"twitter:card\" content=\"summary_large_image\" \/>\n<meta name=\"twitter:site\" content=\"@lassociation\" \/>\n<script type=\"application\/ld+json\" class=\"yoast-schema-graph\">{\"@context\":\"https:\\\/\\\/schema.org\",\"@graph\":[{\"@type\":\"WebPage\",\"@id\":\"https:\\\/\\\/www.lassociation.fr\\\/en\\\/catalogue\\\/rust-river-city\\\/\",\"url\":\"https:\\\/\\\/www.lassociation.fr\\\/en\\\/catalogue\\\/rust-river-city\\\/\",\"name\":\"Rust River City - L\u2019Association\",\"isPartOf\":{\"@id\":\"https:\\\/\\\/www.lassociation.fr\\\/en\\\/#website\"},\"primaryImageOfPage\":{\"@id\":\"https:\\\/\\\/www.lassociation.fr\\\/en\\\/catalogue\\\/rust-river-city\\\/#primaryimage\"},\"image\":{\"@id\":\"https:\\\/\\\/www.lassociation.fr\\\/en\\\/catalogue\\\/rust-river-city\\\/#primaryimage\"},\"thumbnailUrl\":\"https:\\\/\\\/www.lassociation.fr\\\/backoffice\\\/wp-content\\\/uploads\\\/2025\\\/02\\\/RustRiverCity_FR_couv-scaled.jpg\",\"datePublished\":\"2025-01-23T11:02:05+00:00\",\"dateModified\":\"2026-04-22T19:31:23+00:00\",\"breadcrumb\":{\"@id\":\"https:\\\/\\\/www.lassociation.fr\\\/en\\\/catalogue\\\/rust-river-city\\\/#breadcrumb\"},\"inLanguage\":\"en-US\",\"potentialAction\":[{\"@type\":\"ReadAction\",\"target\":[\"https:\\\/\\\/www.lassociation.fr\\\/en\\\/catalogue\\\/rust-river-city\\\/\"]}]},{\"@type\":\"ImageObject\",\"inLanguage\":\"en-US\",\"@id\":\"https:\\\/\\\/www.lassociation.fr\\\/en\\\/catalogue\\\/rust-river-city\\\/#primaryimage\",\"url\":\"https:\\\/\\\/www.lassociation.fr\\\/backoffice\\\/wp-content\\\/uploads\\\/2025\\\/02\\\/RustRiverCity_FR_couv-scaled.jpg\",\"contentUrl\":\"https:\\\/\\\/www.lassociation.fr\\\/backoffice\\\/wp-content\\\/uploads\\\/2025\\\/02\\\/RustRiverCity_FR_couv-scaled.jpg\",\"width\":1784,\"height\":2560},{\"@type\":\"BreadcrumbList\",\"@id\":\"https:\\\/\\\/www.lassociation.fr\\\/en\\\/catalogue\\\/rust-river-city\\\/#breadcrumb\",\"itemListElement\":[{\"@type\":\"ListItem\",\"position\":1,\"name\":\"Accueil\",\"item\":\"https:\\\/\\\/www.lassociation.fr\\\/en\\\/\"},{\"@type\":\"ListItem\",\"position\":2,\"name\":\"Catalog\",\"item\":\"https:\\\/\\\/www.lassociation.fr\\\/en\\\/catalogue\\\/\"},{\"@type\":\"ListItem\",\"position\":3,\"name\":\"Rust River City\"}]},{\"@type\":\"WebSite\",\"@id\":\"https:\\\/\\\/www.lassociation.fr\\\/en\\\/#website\",\"url\":\"https:\\\/\\\/www.lassociation.fr\\\/en\\\/\",\"name\":\"L\u2019Association\",\"description\":\"Maison d\u2019\u00e9dition fran\u00e7aise de bande dessin\u00e9e, fond\u00e9e en 1990.\",\"publisher\":{\"@id\":\"https:\\\/\\\/www.lassociation.fr\\\/en\\\/#organization\"},\"potentialAction\":[{\"@type\":\"SearchAction\",\"target\":{\"@type\":\"EntryPoint\",\"urlTemplate\":\"https:\\\/\\\/www.lassociation.fr\\\/en\\\/?s={search_term_string}\"},\"query-input\":{\"@type\":\"PropertyValueSpecification\",\"valueRequired\":true,\"valueName\":\"search_term_string\"}}],\"inLanguage\":\"en-US\"},{\"@type\":\"Organization\",\"@id\":\"https:\\\/\\\/www.lassociation.fr\\\/en\\\/#organization\",\"name\":\"L\u2019Association\",\"url\":\"https:\\\/\\\/www.lassociation.fr\\\/en\\\/\",\"logo\":{\"@type\":\"ImageObject\",\"inLanguage\":\"en-US\",\"@id\":\"https:\\\/\\\/www.lassociation.fr\\\/en\\\/#\\\/schema\\\/logo\\\/image\\\/\",\"url\":\"https:\\\/\\\/www.lassociation.fr\\\/backoffice\\\/wp-content\\\/uploads\\\/2019\\\/11\\\/asso_large.png\",\"contentUrl\":\"https:\\\/\\\/www.lassociation.fr\\\/backoffice\\\/wp-content\\\/uploads\\\/2019\\\/11\\\/asso_large.png\",\"width\":1200,\"height\":630,\"caption\":\"L\u2019Association\"},\"image\":{\"@id\":\"https:\\\/\\\/www.lassociation.fr\\\/en\\\/#\\\/schema\\\/logo\\\/image\\\/\"},\"sameAs\":[\"https:\\\/\\\/www.facebook.com\\\/lhydrelasso\\\/\",\"https:\\\/\\\/x.com\\\/lassociation\",\"https:\\\/\\\/www.instagram.com\\\/editions_lassociation\",\"https:\\\/\\\/fr.wikipedia.org\\\/wiki\\\/LAssociation\",\"https:\\\/\\\/www.youtube.com\\\/@editions_lassociation\"]}]}<\/script>","yoast_head_json":{"title":"Rust River City - L\u2019Association","robots":{"index":"index","follow":"follow","max-snippet":"max-snippet:-1","max-image-preview":"max-image-preview:large","max-video-preview":"max-video-preview:-1"},"canonical":"https:\/\/www.lassociation.fr\/en\/catalogue\/rust-river-city\/","og_locale":"en_US","og_type":"article","og_title":"Rust River City - L\u2019Association","og_description":"Dean, veuf et v\u00e9t\u00e9ran de la guerre du Vietnam se fait licencier du jour au lendemain. Un pack de bi\u00e8res bon march\u00e9 en guise de cadeau d\u2019adieux, il\u00a0rentre chez lui et annonce la terrible nouvelle \u00e0 ses deux fils. Nous sommes \u00e0 Rust River City et le travail est une denr\u00e9e rare, d\u2019autant plus que [&hellip;]","og_url":"https:\/\/www.lassociation.fr\/en\/catalogue\/rust-river-city\/","og_site_name":"L\u2019Association","article_publisher":"https:\/\/www.facebook.com\/lhydrelasso\/","article_modified_time":"2026-04-22T19:31:23+00:00","og_image":[{"width":1784,"height":2560,"url":"https:\/\/www.lassociation.fr\/backoffice\/wp-content\/uploads\/2025\/02\/RustRiverCity_FR_couv-scaled.jpg","type":"image\/jpeg"}],"twitter_card":"summary_large_image","twitter_site":"@lassociation","schema":{"@context":"https:\/\/schema.org","@graph":[{"@type":"WebPage","@id":"https:\/\/www.lassociation.fr\/en\/catalogue\/rust-river-city\/","url":"https:\/\/www.lassociation.fr\/en\/catalogue\/rust-river-city\/","name":"Rust River City - L\u2019Association","isPartOf":{"@id":"https:\/\/www.lassociation.fr\/en\/#website"},"primaryImageOfPage":{"@id":"https:\/\/www.lassociation.fr\/en\/catalogue\/rust-river-city\/#primaryimage"},"image":{"@id":"https:\/\/www.lassociation.fr\/en\/catalogue\/rust-river-city\/#primaryimage"},"thumbnailUrl":"https:\/\/www.lassociation.fr\/backoffice\/wp-content\/uploads\/2025\/02\/RustRiverCity_FR_couv-scaled.jpg","datePublished":"2025-01-23T11:02:05+00:00","dateModified":"2026-04-22T19:31:23+00:00","breadcrumb":{"@id":"https:\/\/www.lassociation.fr\/en\/catalogue\/rust-river-city\/#breadcrumb"},"inLanguage":"en-US","potentialAction":[{"@type":"ReadAction","target":["https:\/\/www.lassociation.fr\/en\/catalogue\/rust-river-city\/"]}]},{"@type":"ImageObject","inLanguage":"en-US","@id":"https:\/\/www.lassociation.fr\/en\/catalogue\/rust-river-city\/#primaryimage","url":"https:\/\/www.lassociation.fr\/backoffice\/wp-content\/uploads\/2025\/02\/RustRiverCity_FR_couv-scaled.jpg","contentUrl":"https:\/\/www.lassociation.fr\/backoffice\/wp-content\/uploads\/2025\/02\/RustRiverCity_FR_couv-scaled.jpg","width":1784,"height":2560},{"@type":"BreadcrumbList","@id":"https:\/\/www.lassociation.fr\/en\/catalogue\/rust-river-city\/#breadcrumb","itemListElement":[{"@type":"ListItem","position":1,"name":"Accueil","item":"https:\/\/www.lassociation.fr\/en\/"},{"@type":"ListItem","position":2,"name":"Catalog","item":"https:\/\/www.lassociation.fr\/en\/catalogue\/"},{"@type":"ListItem","position":3,"name":"Rust River City"}]},{"@type":"WebSite","@id":"https:\/\/www.lassociation.fr\/en\/#website","url":"https:\/\/www.lassociation.fr\/en\/","name":"L\u2019Association","description":"Maison d\u2019\u00e9dition fran\u00e7aise de bande dessin\u00e9e, fond\u00e9e en 1990.","publisher":{"@id":"https:\/\/www.lassociation.fr\/en\/#organization"},"potentialAction":[{"@type":"SearchAction","target":{"@type":"EntryPoint","urlTemplate":"https:\/\/www.lassociation.fr\/en\/?s={search_term_string}"},"query-input":{"@type":"PropertyValueSpecification","valueRequired":true,"valueName":"search_term_string"}}],"inLanguage":"en-US"},{"@type":"Organization","@id":"https:\/\/www.lassociation.fr\/en\/#organization","name":"L\u2019Association","url":"https:\/\/www.lassociation.fr\/en\/","logo":{"@type":"ImageObject","inLanguage":"en-US","@id":"https:\/\/www.lassociation.fr\/en\/#\/schema\/logo\/image\/","url":"https:\/\/www.lassociation.fr\/backoffice\/wp-content\/uploads\/2019\/11\/asso_large.png","contentUrl":"https:\/\/www.lassociation.fr\/backoffice\/wp-content\/uploads\/2019\/11\/asso_large.png","width":1200,"height":630,"caption":"L\u2019Association"},"image":{"@id":"https:\/\/www.lassociation.fr\/en\/#\/schema\/logo\/image\/"},"sameAs":["https:\/\/www.facebook.com\/lhydrelasso\/","https:\/\/x.com\/lassociation","https:\/\/www.instagram.com\/editions_lassociation","https:\/\/fr.wikipedia.org\/wiki\/LAssociation","https:\/\/www.youtube.com\/@editions_lassociation"]}]}},"_links":{"self":[{"href":"https:\/\/www.lassociation.fr\/en\/wp-json\/wp\/v2\/product\/25657","targetHints":{"allow":["GET"]}}],"collection":[{"href":"https:\/\/www.lassociation.fr\/en\/wp-json\/wp\/v2\/product"}],"about":[{"href":"https:\/\/www.lassociation.fr\/en\/wp-json\/wp\/v2\/types\/product"}],"wp:featuredmedia":[{"embeddable":true,"href":"https:\/\/www.lassociation.fr\/en\/wp-json\/wp\/v2\/media\/26069"}],"wp:attachment":[{"href":"https:\/\/www.lassociation.fr\/en\/wp-json\/wp\/v2\/media?parent=25657"}],"wp:term":[{"taxonomy":"product_cat","embeddable":true,"href":"https:\/\/www.lassociation.fr\/en\/wp-json\/wp\/v2\/product_cat?post=25657"},{"taxonomy":"product_tag","embeddable":true,"href":"https:\/\/www.lassociation.fr\/en\/wp-json\/wp\/v2\/product_tag?post=25657"}],"curies":[{"name":"wp","href":"https:\/\/api.w.org\/{rel}","templated":true}]}}