{"id":25950,"date":"2025-01-22T12:34:43","date_gmt":"2025-01-22T11:34:43","guid":{"rendered":"https:\/\/www.lassociation.fr\/?post_type=product&#038;p=25950"},"modified":"2026-03-29T18:27:34","modified_gmt":"2026-03-29T16:27:34","slug":"mon-lapin-quotidien-32","status":"publish","type":"product","link":"https:\/\/www.lassociation.fr\/en\/catalogue\/mon-lapin-quotidien-32\/","title":{"rendered":"Mon Lapin Quotidien #32"},"content":{"rendered":"<div class=\"elementToProof\">\u00c9nergies propres, mus\u00e9e du slip, immacul\u00e9e conception, MLQ #32 \u00e9pouse \u00e0 bras le corps nos rapports \u00e0 l&#8217;hygi\u00e8ne.<\/div>\n<div>Douteuse ou irr\u00e9prochable ?<\/div>\n<div class=\"elementToProof\">Nos auteurs et autrices explorent le moindre de ses recoins.<\/div>\n<div class=\"elementToProof\">Nouvelles t\u00eates plus ou moins bien lav\u00e9es : Selim-a Atallah Chettaoui, Sofian Benzina, Louise Collet, Boris Crack, Th\u00e9o Delambre, Th\u00e9o Garnier-Greuez, Mata Hari, Elisa Perrigueur, C\u00e9cile Portier, Mathieu Renard, Eug\u00e8ne Riousse, Carine Roma, Silki&#8230;<\/div>\n<div>En Une un photomontage de Jean Lecointre.<\/div>\n<div><\/div>\n<div>\n<p class=\"p1\">Cet ouvrage a \u00e9t\u00e9 publi\u00e9 gr\u00e2ce au soutien du CNL<\/p>\n<p class=\"p1\"><img loading=\"lazy\" decoding=\"async\" class=\"alignnone wp-image-26290\" src=\"https:\/\/www.lassociation.fr\/backoffice\/wp-content\/uploads\/2025\/01\/00-CNL-logo-USUEL-1-768x378.jpg\" alt=\"\" width=\"234\" height=\"115\" srcset=\"https:\/\/www.lassociation.fr\/backoffice\/wp-content\/uploads\/2025\/01\/00-CNL-logo-USUEL-1-768x378.jpg 768w, https:\/\/www.lassociation.fr\/backoffice\/wp-content\/uploads\/2025\/01\/00-CNL-logo-USUEL-1-100x49.jpg 100w, https:\/\/www.lassociation.fr\/backoffice\/wp-content\/uploads\/2025\/01\/00-CNL-logo-USUEL-1-1536x756.jpg 1536w, https:\/\/www.lassociation.fr\/backoffice\/wp-content\/uploads\/2025\/01\/00-CNL-logo-USUEL-1-2048x1008.jpg 2048w, https:\/\/www.lassociation.fr\/backoffice\/wp-content\/uploads\/2025\/01\/00-CNL-logo-USUEL-1-1920x945.jpg 1920w, https:\/\/www.lassociation.fr\/backoffice\/wp-content\/uploads\/2025\/01\/00-CNL-logo-USUEL-1-1200x590.jpg 1200w, https:\/\/www.lassociation.fr\/backoffice\/wp-content\/uploads\/2025\/01\/00-CNL-logo-USUEL-1-300x148.jpg 300w\" sizes=\"auto, (max-width: 234px) 100vw, 234px\" \/><\/p>\n<\/div>\n","protected":false},"excerpt":{"rendered":"<p>\u00c9nergies propres, mus\u00e9e du slip, immacul\u00e9e conception, MLQ #32 \u00e9pouse \u00e0 bras le corps nos rapports \u00e0 l&#8217;hygi\u00e8ne. Douteuse ou irr\u00e9prochable ? Nos auteurs et autrices explorent le moindre de ses recoins. Nouvelles t\u00eates plus ou moins bien lav\u00e9es : Selim-a Atallah Chettaoui, Sofian Benzina, Louise Collet, Boris Crack, Th\u00e9o Delambre, Th\u00e9o Garnier-Greuez, Mata Hari, [&hellip;]<\/p>\n","protected":false},"featured_media":25962,"template":"","meta":{"_acf_changed":false},"product_cat":[40],"product_tag":[],"class_list":{"0":"post-25950","1":"product","2":"type-product","3":"status-publish","4":"has-post-thumbnail","6":"product_cat-lapin","7":"member-discount","8":"discount-restricted","10":"first","11":"instock","12":"taxable","13":"shipping-taxable","14":"purchasable","15":"product-type-simple"},"acf":[],"yoast_head":"<title>Mon Lapin Quotidien #32 - L\u2019Association<\/title>\n<meta name=\"robots\" content=\"index, follow, max-snippet:-1, max-image-preview:large, max-video-preview:-1\" \/>\n<link rel=\"canonical\" href=\"https:\/\/www.lassociation.fr\/en\/catalogue\/mon-lapin-quotidien-32\/\" \/>\n<meta property=\"og:locale\" content=\"en_US\" \/>\n<meta property=\"og:type\" content=\"article\" \/>\n<meta property=\"og:title\" content=\"Mon Lapin Quotidien #32 - L\u2019Association\" \/>\n<meta property=\"og:description\" content=\"\u00c9nergies propres, mus\u00e9e du slip, immacul\u00e9e conception, MLQ #32 \u00e9pouse \u00e0 bras le corps nos rapports \u00e0 l&#8217;hygi\u00e8ne. Douteuse ou irr\u00e9prochable ? Nos auteurs et autrices explorent le moindre de ses recoins. Nouvelles t\u00eates plus ou moins bien lav\u00e9es : Selim-a Atallah Chettaoui, Sofian Benzina, Louise Collet, Boris Crack, Th\u00e9o Delambre, Th\u00e9o Garnier-Greuez, Mata Hari, [&hellip;]\" \/>\n<meta property=\"og:url\" content=\"https:\/\/www.lassociation.fr\/en\/catalogue\/mon-lapin-quotidien-32\/\" \/>\n<meta property=\"og:site_name\" content=\"L\u2019Association\" \/>\n<meta property=\"article:publisher\" content=\"https:\/\/www.facebook.com\/lhydrelasso\/\" \/>\n<meta property=\"article:modified_time\" content=\"2026-03-29T16:27:34+00:00\" \/>\n<meta property=\"og:image\" content=\"https:\/\/www.lassociation.fr\/backoffice\/wp-content\/uploads\/2025\/01\/MLQ-32-couv.jpg\" \/>\n\t<meta property=\"og:image:width\" content=\"707\" \/>\n\t<meta property=\"og:image:height\" content=\"1000\" \/>\n\t<meta property=\"og:image:type\" content=\"image\/jpeg\" \/>\n<meta name=\"twitter:card\" content=\"summary_large_image\" \/>\n<meta name=\"twitter:site\" content=\"@lassociation\" \/>\n<script type=\"application\/ld+json\" class=\"yoast-schema-graph\">{\"@context\":\"https:\\\/\\\/schema.org\",\"@graph\":[{\"@type\":\"WebPage\",\"@id\":\"https:\\\/\\\/www.lassociation.fr\\\/en\\\/catalogue\\\/mon-lapin-quotidien-32\\\/\",\"url\":\"https:\\\/\\\/www.lassociation.fr\\\/en\\\/catalogue\\\/mon-lapin-quotidien-32\\\/\",\"name\":\"Mon Lapin Quotidien #32 - L\u2019Association\",\"isPartOf\":{\"@id\":\"https:\\\/\\\/www.lassociation.fr\\\/en\\\/#website\"},\"primaryImageOfPage\":{\"@id\":\"https:\\\/\\\/www.lassociation.fr\\\/en\\\/catalogue\\\/mon-lapin-quotidien-32\\\/#primaryimage\"},\"image\":{\"@id\":\"https:\\\/\\\/www.lassociation.fr\\\/en\\\/catalogue\\\/mon-lapin-quotidien-32\\\/#primaryimage\"},\"thumbnailUrl\":\"https:\\\/\\\/www.lassociation.fr\\\/backoffice\\\/wp-content\\\/uploads\\\/2025\\\/01\\\/MLQ-32-couv.jpg\",\"datePublished\":\"2025-01-22T11:34:43+00:00\",\"dateModified\":\"2026-03-29T16:27:34+00:00\",\"breadcrumb\":{\"@id\":\"https:\\\/\\\/www.lassociation.fr\\\/en\\\/catalogue\\\/mon-lapin-quotidien-32\\\/#breadcrumb\"},\"inLanguage\":\"en-US\",\"potentialAction\":[{\"@type\":\"ReadAction\",\"target\":[\"https:\\\/\\\/www.lassociation.fr\\\/en\\\/catalogue\\\/mon-lapin-quotidien-32\\\/\"]}]},{\"@type\":\"ImageObject\",\"inLanguage\":\"en-US\",\"@id\":\"https:\\\/\\\/www.lassociation.fr\\\/en\\\/catalogue\\\/mon-lapin-quotidien-32\\\/#primaryimage\",\"url\":\"https:\\\/\\\/www.lassociation.fr\\\/backoffice\\\/wp-content\\\/uploads\\\/2025\\\/01\\\/MLQ-32-couv.jpg\",\"contentUrl\":\"https:\\\/\\\/www.lassociation.fr\\\/backoffice\\\/wp-content\\\/uploads\\\/2025\\\/01\\\/MLQ-32-couv.jpg\",\"width\":707,\"height\":1000},{\"@type\":\"BreadcrumbList\",\"@id\":\"https:\\\/\\\/www.lassociation.fr\\\/en\\\/catalogue\\\/mon-lapin-quotidien-32\\\/#breadcrumb\",\"itemListElement\":[{\"@type\":\"ListItem\",\"position\":1,\"name\":\"Accueil\",\"item\":\"https:\\\/\\\/www.lassociation.fr\\\/en\\\/\"},{\"@type\":\"ListItem\",\"position\":2,\"name\":\"Catalog\",\"item\":\"https:\\\/\\\/www.lassociation.fr\\\/en\\\/catalogue\\\/\"},{\"@type\":\"ListItem\",\"position\":3,\"name\":\"Mon Lapin Quotidien #32\"}]},{\"@type\":\"WebSite\",\"@id\":\"https:\\\/\\\/www.lassociation.fr\\\/en\\\/#website\",\"url\":\"https:\\\/\\\/www.lassociation.fr\\\/en\\\/\",\"name\":\"L\u2019Association\",\"description\":\"Maison d\u2019\u00e9dition fran\u00e7aise de bande dessin\u00e9e, fond\u00e9e en 1990.\",\"publisher\":{\"@id\":\"https:\\\/\\\/www.lassociation.fr\\\/en\\\/#organization\"},\"potentialAction\":[{\"@type\":\"SearchAction\",\"target\":{\"@type\":\"EntryPoint\",\"urlTemplate\":\"https:\\\/\\\/www.lassociation.fr\\\/en\\\/?s={search_term_string}\"},\"query-input\":{\"@type\":\"PropertyValueSpecification\",\"valueRequired\":true,\"valueName\":\"search_term_string\"}}],\"inLanguage\":\"en-US\"},{\"@type\":\"Organization\",\"@id\":\"https:\\\/\\\/www.lassociation.fr\\\/en\\\/#organization\",\"name\":\"L\u2019Association\",\"url\":\"https:\\\/\\\/www.lassociation.fr\\\/en\\\/\",\"logo\":{\"@type\":\"ImageObject\",\"inLanguage\":\"en-US\",\"@id\":\"https:\\\/\\\/www.lassociation.fr\\\/en\\\/#\\\/schema\\\/logo\\\/image\\\/\",\"url\":\"https:\\\/\\\/www.lassociation.fr\\\/backoffice\\\/wp-content\\\/uploads\\\/2019\\\/11\\\/asso_large.png\",\"contentUrl\":\"https:\\\/\\\/www.lassociation.fr\\\/backoffice\\\/wp-content\\\/uploads\\\/2019\\\/11\\\/asso_large.png\",\"width\":1200,\"height\":630,\"caption\":\"L\u2019Association\"},\"image\":{\"@id\":\"https:\\\/\\\/www.lassociation.fr\\\/en\\\/#\\\/schema\\\/logo\\\/image\\\/\"},\"sameAs\":[\"https:\\\/\\\/www.facebook.com\\\/lhydrelasso\\\/\",\"https:\\\/\\\/x.com\\\/lassociation\",\"https:\\\/\\\/www.instagram.com\\\/editions_lassociation\",\"https:\\\/\\\/fr.wikipedia.org\\\/wiki\\\/LAssociation\",\"https:\\\/\\\/www.youtube.com\\\/@editions_lassociation\"]}]}<\/script>","yoast_head_json":{"title":"Mon Lapin Quotidien #32 - L\u2019Association","robots":{"index":"index","follow":"follow","max-snippet":"max-snippet:-1","max-image-preview":"max-image-preview:large","max-video-preview":"max-video-preview:-1"},"canonical":"https:\/\/www.lassociation.fr\/en\/catalogue\/mon-lapin-quotidien-32\/","og_locale":"en_US","og_type":"article","og_title":"Mon Lapin Quotidien #32 - L\u2019Association","og_description":"\u00c9nergies propres, mus\u00e9e du slip, immacul\u00e9e conception, MLQ #32 \u00e9pouse \u00e0 bras le corps nos rapports \u00e0 l&#8217;hygi\u00e8ne. Douteuse ou irr\u00e9prochable ? Nos auteurs et autrices explorent le moindre de ses recoins. Nouvelles t\u00eates plus ou moins bien lav\u00e9es : Selim-a Atallah Chettaoui, Sofian Benzina, Louise Collet, Boris Crack, Th\u00e9o Delambre, Th\u00e9o Garnier-Greuez, Mata Hari, [&hellip;]","og_url":"https:\/\/www.lassociation.fr\/en\/catalogue\/mon-lapin-quotidien-32\/","og_site_name":"L\u2019Association","article_publisher":"https:\/\/www.facebook.com\/lhydrelasso\/","article_modified_time":"2026-03-29T16:27:34+00:00","og_image":[{"width":707,"height":1000,"url":"https:\/\/www.lassociation.fr\/backoffice\/wp-content\/uploads\/2025\/01\/MLQ-32-couv.jpg","type":"image\/jpeg"}],"twitter_card":"summary_large_image","twitter_site":"@lassociation","schema":{"@context":"https:\/\/schema.org","@graph":[{"@type":"WebPage","@id":"https:\/\/www.lassociation.fr\/en\/catalogue\/mon-lapin-quotidien-32\/","url":"https:\/\/www.lassociation.fr\/en\/catalogue\/mon-lapin-quotidien-32\/","name":"Mon Lapin Quotidien #32 - L\u2019Association","isPartOf":{"@id":"https:\/\/www.lassociation.fr\/en\/#website"},"primaryImageOfPage":{"@id":"https:\/\/www.lassociation.fr\/en\/catalogue\/mon-lapin-quotidien-32\/#primaryimage"},"image":{"@id":"https:\/\/www.lassociation.fr\/en\/catalogue\/mon-lapin-quotidien-32\/#primaryimage"},"thumbnailUrl":"https:\/\/www.lassociation.fr\/backoffice\/wp-content\/uploads\/2025\/01\/MLQ-32-couv.jpg","datePublished":"2025-01-22T11:34:43+00:00","dateModified":"2026-03-29T16:27:34+00:00","breadcrumb":{"@id":"https:\/\/www.lassociation.fr\/en\/catalogue\/mon-lapin-quotidien-32\/#breadcrumb"},"inLanguage":"en-US","potentialAction":[{"@type":"ReadAction","target":["https:\/\/www.lassociation.fr\/en\/catalogue\/mon-lapin-quotidien-32\/"]}]},{"@type":"ImageObject","inLanguage":"en-US","@id":"https:\/\/www.lassociation.fr\/en\/catalogue\/mon-lapin-quotidien-32\/#primaryimage","url":"https:\/\/www.lassociation.fr\/backoffice\/wp-content\/uploads\/2025\/01\/MLQ-32-couv.jpg","contentUrl":"https:\/\/www.lassociation.fr\/backoffice\/wp-content\/uploads\/2025\/01\/MLQ-32-couv.jpg","width":707,"height":1000},{"@type":"BreadcrumbList","@id":"https:\/\/www.lassociation.fr\/en\/catalogue\/mon-lapin-quotidien-32\/#breadcrumb","itemListElement":[{"@type":"ListItem","position":1,"name":"Accueil","item":"https:\/\/www.lassociation.fr\/en\/"},{"@type":"ListItem","position":2,"name":"Catalog","item":"https:\/\/www.lassociation.fr\/en\/catalogue\/"},{"@type":"ListItem","position":3,"name":"Mon Lapin Quotidien #32"}]},{"@type":"WebSite","@id":"https:\/\/www.lassociation.fr\/en\/#website","url":"https:\/\/www.lassociation.fr\/en\/","name":"L\u2019Association","description":"Maison d\u2019\u00e9dition fran\u00e7aise de bande dessin\u00e9e, fond\u00e9e en 1990.","publisher":{"@id":"https:\/\/www.lassociation.fr\/en\/#organization"},"potentialAction":[{"@type":"SearchAction","target":{"@type":"EntryPoint","urlTemplate":"https:\/\/www.lassociation.fr\/en\/?s={search_term_string}"},"query-input":{"@type":"PropertyValueSpecification","valueRequired":true,"valueName":"search_term_string"}}],"inLanguage":"en-US"},{"@type":"Organization","@id":"https:\/\/www.lassociation.fr\/en\/#organization","name":"L\u2019Association","url":"https:\/\/www.lassociation.fr\/en\/","logo":{"@type":"ImageObject","inLanguage":"en-US","@id":"https:\/\/www.lassociation.fr\/en\/#\/schema\/logo\/image\/","url":"https:\/\/www.lassociation.fr\/backoffice\/wp-content\/uploads\/2019\/11\/asso_large.png","contentUrl":"https:\/\/www.lassociation.fr\/backoffice\/wp-content\/uploads\/2019\/11\/asso_large.png","width":1200,"height":630,"caption":"L\u2019Association"},"image":{"@id":"https:\/\/www.lassociation.fr\/en\/#\/schema\/logo\/image\/"},"sameAs":["https:\/\/www.facebook.com\/lhydrelasso\/","https:\/\/x.com\/lassociation","https:\/\/www.instagram.com\/editions_lassociation","https:\/\/fr.wikipedia.org\/wiki\/LAssociation","https:\/\/www.youtube.com\/@editions_lassociation"]}]}},"_links":{"self":[{"href":"https:\/\/www.lassociation.fr\/en\/wp-json\/wp\/v2\/product\/25950","targetHints":{"allow":["GET"]}}],"collection":[{"href":"https:\/\/www.lassociation.fr\/en\/wp-json\/wp\/v2\/product"}],"about":[{"href":"https:\/\/www.lassociation.fr\/en\/wp-json\/wp\/v2\/types\/product"}],"wp:featuredmedia":[{"embeddable":true,"href":"https:\/\/www.lassociation.fr\/en\/wp-json\/wp\/v2\/media\/25962"}],"wp:attachment":[{"href":"https:\/\/www.lassociation.fr\/en\/wp-json\/wp\/v2\/media?parent=25950"}],"wp:term":[{"taxonomy":"product_cat","embeddable":true,"href":"https:\/\/www.lassociation.fr\/en\/wp-json\/wp\/v2\/product_cat?post=25950"},{"taxonomy":"product_tag","embeddable":true,"href":"https:\/\/www.lassociation.fr\/en\/wp-json\/wp\/v2\/product_tag?post=25950"}],"curies":[{"name":"wp","href":"https:\/\/api.w.org\/{rel}","templated":true}]}}