{"id":26344,"date":"2025-05-21T12:20:07","date_gmt":"2025-05-21T10:20:07","guid":{"rendered":"https:\/\/www.lassociation.fr\/?post_type=product&#038;p=26344"},"modified":"2026-03-12T22:37:01","modified_gmt":"2026-03-12T21:37:01","slug":"monsieur-chouette","status":"publish","type":"product","link":"https:\/\/www.lassociation.fr\/en\/catalogue\/monsieur-chouette\/","title":{"rendered":"Monsieur Chouette"},"content":{"rendered":"<p>Il fait nuit. Une jeune femme marche en rasant les murs afin d\u2019\u00e9viter son ombre dont la forme carnassi\u00e8re l\u2019inqui\u00e8te. Un curieux personnage l\u2019apostrophe : c\u2019est Monsieur Chouette qui propose de la guider \u00e0 travers le Pays des Morts. S\u2019ensuit un voyage aussi fantastique qu\u2019inqui\u00e9tant\u2026 Car au Pays des Morts, tout est si \u00e9ph\u00e9m\u00e8re, que chaque jour, les immeubles se transforment, pouss\u00e9s par l\u2019arriv\u00e9e de nouveaux b\u00e2timents morts, tandis que des voitures rejouent continuellement l\u2019accident qui les a men\u00e9es \u00e0 la casse. Un monde surpeupl\u00e9, o\u00f9 se bouscule une foule bigarr\u00e9e qui craint plus que tout Cerb\u00e8re, cr\u00e9ature canine au flair infaillible et ma\u00eetre des lieux redout\u00e9.<\/p>\n<p>Avec <em>Monsieur Chouette, <\/em>David B. cr\u00e9e sa propre mythologie et propose une course-poursuite hallucin\u00e9e et m\u00e9taphysique dans un au-del\u00e0 regorgeant d\u2019ombres et de recoins, de gargotes et d\u2019\u00eatres chim\u00e9riques. Dessin\u00e9 \u00e0 l\u2019encre de Chine avec une minutie virtuose, ce Pays des Morts s\u2019av\u00e8re aussi terrible que merveilleux.<\/p>\n<p><a href=\"https:\/\/www.festivalgribouillis.fr\/david-b\" target=\"_blank\" rel=\"noopener\"><em>Une exposition organis\u00e9e par le festival Gribouillis sera consacr\u00e9e au travail de David B. du 6 septembre au 31 octobre 2025 \u00e0 la biblioth\u00e8que M\u00e9riadeck de Bordeaux.<\/em><\/a><\/p>\n<p><em>Cet ouvrage a \u00e9t\u00e9 publi\u00e9 gr\u00e2ce au soutien de la r\u00e9gion \u00cele-de-France et le Centre national du livre.<\/em><\/p>\n<p><span style=\"color: #0000ff\">Format 19 x 26 cm, broch\u00e9 \u00e0 rabats. <a href=\"https:\/\/www.lassociation.fr\/catalogue\/monsieur-chouette-luxe\/\"><span style=\"color: #ff6600\">Une version reli\u00e9e (avec couverture diff\u00e9rente, gardes imprim\u00e9es et 16 pages en plus) sera disponible en novembre, tirage num\u00e9rot\u00e9 et sign\u00e9 \u00e0 100 exemplaires, uniquement disponible sur notre site.<\/span><\/a><\/span><\/p>\n<p><em><img loading=\"lazy\" decoding=\"async\" class=\"wp-image-26156 alignnone\" src=\"https:\/\/www.lassociation.fr\/backoffice\/wp-content\/uploads\/2025\/01\/00-CNL-logo-USUEL-768x378.jpg\" alt=\"\" width=\"81\" height=\"40\" srcset=\"https:\/\/www.lassociation.fr\/backoffice\/wp-content\/uploads\/2025\/01\/00-CNL-logo-USUEL-768x378.jpg 768w, https:\/\/www.lassociation.fr\/backoffice\/wp-content\/uploads\/2025\/01\/00-CNL-logo-USUEL-100x49.jpg 100w, https:\/\/www.lassociation.fr\/backoffice\/wp-content\/uploads\/2025\/01\/00-CNL-logo-USUEL-1536x756.jpg 1536w, https:\/\/www.lassociation.fr\/backoffice\/wp-content\/uploads\/2025\/01\/00-CNL-logo-USUEL-2048x1008.jpg 2048w, https:\/\/www.lassociation.fr\/backoffice\/wp-content\/uploads\/2025\/01\/00-CNL-logo-USUEL-1920x945.jpg 1920w, https:\/\/www.lassociation.fr\/backoffice\/wp-content\/uploads\/2025\/01\/00-CNL-logo-USUEL-1200x590.jpg 1200w, https:\/\/www.lassociation.fr\/backoffice\/wp-content\/uploads\/2025\/01\/00-CNL-logo-USUEL-300x148.jpg 300w\" sizes=\"auto, (max-width: 81px) 100vw, 81px\" \/><\/em><\/p>\n<p><img loading=\"lazy\" decoding=\"async\" class=\"wp-image-24858 alignleft\" src=\"https:\/\/www.lassociation.fr\/backoffice\/wp-content\/uploads\/2024\/02\/LOGO_RIDF_2019_HD-1-768x281.jpg\" alt=\"\" width=\"167\" height=\"61\" srcset=\"https:\/\/www.lassociation.fr\/backoffice\/wp-content\/uploads\/2024\/02\/LOGO_RIDF_2019_HD-1-768x281.jpg 768w, https:\/\/www.lassociation.fr\/backoffice\/wp-content\/uploads\/2024\/02\/LOGO_RIDF_2019_HD-1-100x37.jpg 100w, https:\/\/www.lassociation.fr\/backoffice\/wp-content\/uploads\/2024\/02\/LOGO_RIDF_2019_HD-1-1536x561.jpg 1536w, https:\/\/www.lassociation.fr\/backoffice\/wp-content\/uploads\/2024\/02\/LOGO_RIDF_2019_HD-1-1200x438.jpg 1200w, https:\/\/www.lassociation.fr\/backoffice\/wp-content\/uploads\/2024\/02\/LOGO_RIDF_2019_HD-1-300x110.jpg 300w, https:\/\/www.lassociation.fr\/backoffice\/wp-content\/uploads\/2024\/02\/LOGO_RIDF_2019_HD-1.jpg 1678w\" sizes=\"auto, (max-width: 167px) 100vw, 167px\" \/><\/p>\n","protected":false},"excerpt":{"rendered":"<p>Il fait nuit. Une jeune femme marche en rasant les murs afin d\u2019\u00e9viter son ombre dont la forme carnassi\u00e8re l\u2019inqui\u00e8te. Un curieux personnage l\u2019apostrophe : c\u2019est Monsieur Chouette qui propose de la guider \u00e0 travers le Pays des Morts. S\u2019ensuit un voyage aussi fantastique qu\u2019inqui\u00e9tant\u2026 Car au Pays des Morts, tout est si \u00e9ph\u00e9m\u00e8re, que [&hellip;]<\/p>\n","protected":false},"featured_media":26345,"template":"","meta":{"_acf_changed":false},"product_cat":[48],"product_tag":[],"class_list":{"0":"post-26344","1":"product","2":"type-product","3":"status-publish","4":"has-post-thumbnail","6":"product_cat-hors-collection","7":"member-discount","8":"discount-restricted","10":"first","11":"instock","12":"taxable","13":"shipping-taxable","14":"purchasable","15":"product-type-simple"},"acf":[],"yoast_head":"<title>Monsieur Chouette - L\u2019Association<\/title>\n<meta name=\"robots\" content=\"index, follow, max-snippet:-1, max-image-preview:large, max-video-preview:-1\" \/>\n<link rel=\"canonical\" href=\"https:\/\/www.lassociation.fr\/en\/catalogue\/monsieur-chouette\/\" \/>\n<meta property=\"og:locale\" content=\"en_US\" \/>\n<meta property=\"og:type\" content=\"article\" \/>\n<meta property=\"og:title\" content=\"Monsieur Chouette - L\u2019Association\" \/>\n<meta property=\"og:description\" content=\"Il fait nuit. Une jeune femme marche en rasant les murs afin d\u2019\u00e9viter son ombre dont la forme carnassi\u00e8re l\u2019inqui\u00e8te. Un curieux personnage l\u2019apostrophe : c\u2019est Monsieur Chouette qui propose de la guider \u00e0 travers le Pays des Morts. S\u2019ensuit un voyage aussi fantastique qu\u2019inqui\u00e9tant\u2026 Car au Pays des Morts, tout est si \u00e9ph\u00e9m\u00e8re, que [&hellip;]\" \/>\n<meta property=\"og:url\" content=\"https:\/\/www.lassociation.fr\/en\/catalogue\/monsieur-chouette\/\" \/>\n<meta property=\"og:site_name\" content=\"L\u2019Association\" \/>\n<meta property=\"article:publisher\" content=\"https:\/\/www.facebook.com\/lhydrelasso\/\" \/>\n<meta property=\"article:modified_time\" content=\"2026-03-12T21:37:01+00:00\" \/>\n<meta property=\"og:image\" content=\"https:\/\/www.lassociation.fr\/backoffice\/wp-content\/uploads\/2025\/05\/M.Chouette_Couv_Web.jpg\" \/>\n\t<meta property=\"og:image:width\" content=\"739\" \/>\n\t<meta property=\"og:image:height\" content=\"1000\" \/>\n\t<meta property=\"og:image:type\" content=\"image\/jpeg\" \/>\n<meta name=\"twitter:card\" content=\"summary_large_image\" \/>\n<meta name=\"twitter:site\" content=\"@lassociation\" \/>\n<script type=\"application\/ld+json\" class=\"yoast-schema-graph\">{\"@context\":\"https:\\\/\\\/schema.org\",\"@graph\":[{\"@type\":\"WebPage\",\"@id\":\"https:\\\/\\\/www.lassociation.fr\\\/en\\\/catalogue\\\/monsieur-chouette\\\/\",\"url\":\"https:\\\/\\\/www.lassociation.fr\\\/en\\\/catalogue\\\/monsieur-chouette\\\/\",\"name\":\"Monsieur Chouette - L\u2019Association\",\"isPartOf\":{\"@id\":\"https:\\\/\\\/www.lassociation.fr\\\/en\\\/#website\"},\"primaryImageOfPage\":{\"@id\":\"https:\\\/\\\/www.lassociation.fr\\\/en\\\/catalogue\\\/monsieur-chouette\\\/#primaryimage\"},\"image\":{\"@id\":\"https:\\\/\\\/www.lassociation.fr\\\/en\\\/catalogue\\\/monsieur-chouette\\\/#primaryimage\"},\"thumbnailUrl\":\"https:\\\/\\\/www.lassociation.fr\\\/backoffice\\\/wp-content\\\/uploads\\\/2025\\\/05\\\/M.Chouette_Couv_Web.jpg\",\"datePublished\":\"2025-05-21T10:20:07+00:00\",\"dateModified\":\"2026-03-12T21:37:01+00:00\",\"breadcrumb\":{\"@id\":\"https:\\\/\\\/www.lassociation.fr\\\/en\\\/catalogue\\\/monsieur-chouette\\\/#breadcrumb\"},\"inLanguage\":\"en-US\",\"potentialAction\":[{\"@type\":\"ReadAction\",\"target\":[\"https:\\\/\\\/www.lassociation.fr\\\/en\\\/catalogue\\\/monsieur-chouette\\\/\"]}]},{\"@type\":\"ImageObject\",\"inLanguage\":\"en-US\",\"@id\":\"https:\\\/\\\/www.lassociation.fr\\\/en\\\/catalogue\\\/monsieur-chouette\\\/#primaryimage\",\"url\":\"https:\\\/\\\/www.lassociation.fr\\\/backoffice\\\/wp-content\\\/uploads\\\/2025\\\/05\\\/M.Chouette_Couv_Web.jpg\",\"contentUrl\":\"https:\\\/\\\/www.lassociation.fr\\\/backoffice\\\/wp-content\\\/uploads\\\/2025\\\/05\\\/M.Chouette_Couv_Web.jpg\",\"width\":739,\"height\":1000},{\"@type\":\"BreadcrumbList\",\"@id\":\"https:\\\/\\\/www.lassociation.fr\\\/en\\\/catalogue\\\/monsieur-chouette\\\/#breadcrumb\",\"itemListElement\":[{\"@type\":\"ListItem\",\"position\":1,\"name\":\"Accueil\",\"item\":\"https:\\\/\\\/www.lassociation.fr\\\/en\\\/\"},{\"@type\":\"ListItem\",\"position\":2,\"name\":\"Catalog\",\"item\":\"https:\\\/\\\/www.lassociation.fr\\\/en\\\/catalogue\\\/\"},{\"@type\":\"ListItem\",\"position\":3,\"name\":\"Monsieur Chouette\"}]},{\"@type\":\"WebSite\",\"@id\":\"https:\\\/\\\/www.lassociation.fr\\\/en\\\/#website\",\"url\":\"https:\\\/\\\/www.lassociation.fr\\\/en\\\/\",\"name\":\"L\u2019Association\",\"description\":\"Maison d\u2019\u00e9dition fran\u00e7aise de bande dessin\u00e9e, fond\u00e9e en 1990.\",\"publisher\":{\"@id\":\"https:\\\/\\\/www.lassociation.fr\\\/en\\\/#organization\"},\"potentialAction\":[{\"@type\":\"SearchAction\",\"target\":{\"@type\":\"EntryPoint\",\"urlTemplate\":\"https:\\\/\\\/www.lassociation.fr\\\/en\\\/?s={search_term_string}\"},\"query-input\":{\"@type\":\"PropertyValueSpecification\",\"valueRequired\":true,\"valueName\":\"search_term_string\"}}],\"inLanguage\":\"en-US\"},{\"@type\":\"Organization\",\"@id\":\"https:\\\/\\\/www.lassociation.fr\\\/en\\\/#organization\",\"name\":\"L\u2019Association\",\"url\":\"https:\\\/\\\/www.lassociation.fr\\\/en\\\/\",\"logo\":{\"@type\":\"ImageObject\",\"inLanguage\":\"en-US\",\"@id\":\"https:\\\/\\\/www.lassociation.fr\\\/en\\\/#\\\/schema\\\/logo\\\/image\\\/\",\"url\":\"https:\\\/\\\/www.lassociation.fr\\\/backoffice\\\/wp-content\\\/uploads\\\/2019\\\/11\\\/asso_large.png\",\"contentUrl\":\"https:\\\/\\\/www.lassociation.fr\\\/backoffice\\\/wp-content\\\/uploads\\\/2019\\\/11\\\/asso_large.png\",\"width\":1200,\"height\":630,\"caption\":\"L\u2019Association\"},\"image\":{\"@id\":\"https:\\\/\\\/www.lassociation.fr\\\/en\\\/#\\\/schema\\\/logo\\\/image\\\/\"},\"sameAs\":[\"https:\\\/\\\/www.facebook.com\\\/lhydrelasso\\\/\",\"https:\\\/\\\/x.com\\\/lassociation\",\"https:\\\/\\\/www.instagram.com\\\/editions_lassociation\",\"https:\\\/\\\/fr.wikipedia.org\\\/wiki\\\/LAssociation\",\"https:\\\/\\\/www.youtube.com\\\/@editions_lassociation\"]}]}<\/script>","yoast_head_json":{"title":"Monsieur Chouette - L\u2019Association","robots":{"index":"index","follow":"follow","max-snippet":"max-snippet:-1","max-image-preview":"max-image-preview:large","max-video-preview":"max-video-preview:-1"},"canonical":"https:\/\/www.lassociation.fr\/en\/catalogue\/monsieur-chouette\/","og_locale":"en_US","og_type":"article","og_title":"Monsieur Chouette - L\u2019Association","og_description":"Il fait nuit. Une jeune femme marche en rasant les murs afin d\u2019\u00e9viter son ombre dont la forme carnassi\u00e8re l\u2019inqui\u00e8te. Un curieux personnage l\u2019apostrophe : c\u2019est Monsieur Chouette qui propose de la guider \u00e0 travers le Pays des Morts. S\u2019ensuit un voyage aussi fantastique qu\u2019inqui\u00e9tant\u2026 Car au Pays des Morts, tout est si \u00e9ph\u00e9m\u00e8re, que [&hellip;]","og_url":"https:\/\/www.lassociation.fr\/en\/catalogue\/monsieur-chouette\/","og_site_name":"L\u2019Association","article_publisher":"https:\/\/www.facebook.com\/lhydrelasso\/","article_modified_time":"2026-03-12T21:37:01+00:00","og_image":[{"width":739,"height":1000,"url":"https:\/\/www.lassociation.fr\/backoffice\/wp-content\/uploads\/2025\/05\/M.Chouette_Couv_Web.jpg","type":"image\/jpeg"}],"twitter_card":"summary_large_image","twitter_site":"@lassociation","schema":{"@context":"https:\/\/schema.org","@graph":[{"@type":"WebPage","@id":"https:\/\/www.lassociation.fr\/en\/catalogue\/monsieur-chouette\/","url":"https:\/\/www.lassociation.fr\/en\/catalogue\/monsieur-chouette\/","name":"Monsieur Chouette - L\u2019Association","isPartOf":{"@id":"https:\/\/www.lassociation.fr\/en\/#website"},"primaryImageOfPage":{"@id":"https:\/\/www.lassociation.fr\/en\/catalogue\/monsieur-chouette\/#primaryimage"},"image":{"@id":"https:\/\/www.lassociation.fr\/en\/catalogue\/monsieur-chouette\/#primaryimage"},"thumbnailUrl":"https:\/\/www.lassociation.fr\/backoffice\/wp-content\/uploads\/2025\/05\/M.Chouette_Couv_Web.jpg","datePublished":"2025-05-21T10:20:07+00:00","dateModified":"2026-03-12T21:37:01+00:00","breadcrumb":{"@id":"https:\/\/www.lassociation.fr\/en\/catalogue\/monsieur-chouette\/#breadcrumb"},"inLanguage":"en-US","potentialAction":[{"@type":"ReadAction","target":["https:\/\/www.lassociation.fr\/en\/catalogue\/monsieur-chouette\/"]}]},{"@type":"ImageObject","inLanguage":"en-US","@id":"https:\/\/www.lassociation.fr\/en\/catalogue\/monsieur-chouette\/#primaryimage","url":"https:\/\/www.lassociation.fr\/backoffice\/wp-content\/uploads\/2025\/05\/M.Chouette_Couv_Web.jpg","contentUrl":"https:\/\/www.lassociation.fr\/backoffice\/wp-content\/uploads\/2025\/05\/M.Chouette_Couv_Web.jpg","width":739,"height":1000},{"@type":"BreadcrumbList","@id":"https:\/\/www.lassociation.fr\/en\/catalogue\/monsieur-chouette\/#breadcrumb","itemListElement":[{"@type":"ListItem","position":1,"name":"Accueil","item":"https:\/\/www.lassociation.fr\/en\/"},{"@type":"ListItem","position":2,"name":"Catalog","item":"https:\/\/www.lassociation.fr\/en\/catalogue\/"},{"@type":"ListItem","position":3,"name":"Monsieur Chouette"}]},{"@type":"WebSite","@id":"https:\/\/www.lassociation.fr\/en\/#website","url":"https:\/\/www.lassociation.fr\/en\/","name":"L\u2019Association","description":"Maison d\u2019\u00e9dition fran\u00e7aise de bande dessin\u00e9e, fond\u00e9e en 1990.","publisher":{"@id":"https:\/\/www.lassociation.fr\/en\/#organization"},"potentialAction":[{"@type":"SearchAction","target":{"@type":"EntryPoint","urlTemplate":"https:\/\/www.lassociation.fr\/en\/?s={search_term_string}"},"query-input":{"@type":"PropertyValueSpecification","valueRequired":true,"valueName":"search_term_string"}}],"inLanguage":"en-US"},{"@type":"Organization","@id":"https:\/\/www.lassociation.fr\/en\/#organization","name":"L\u2019Association","url":"https:\/\/www.lassociation.fr\/en\/","logo":{"@type":"ImageObject","inLanguage":"en-US","@id":"https:\/\/www.lassociation.fr\/en\/#\/schema\/logo\/image\/","url":"https:\/\/www.lassociation.fr\/backoffice\/wp-content\/uploads\/2019\/11\/asso_large.png","contentUrl":"https:\/\/www.lassociation.fr\/backoffice\/wp-content\/uploads\/2019\/11\/asso_large.png","width":1200,"height":630,"caption":"L\u2019Association"},"image":{"@id":"https:\/\/www.lassociation.fr\/en\/#\/schema\/logo\/image\/"},"sameAs":["https:\/\/www.facebook.com\/lhydrelasso\/","https:\/\/x.com\/lassociation","https:\/\/www.instagram.com\/editions_lassociation","https:\/\/fr.wikipedia.org\/wiki\/LAssociation","https:\/\/www.youtube.com\/@editions_lassociation"]}]}},"_links":{"self":[{"href":"https:\/\/www.lassociation.fr\/en\/wp-json\/wp\/v2\/product\/26344","targetHints":{"allow":["GET"]}}],"collection":[{"href":"https:\/\/www.lassociation.fr\/en\/wp-json\/wp\/v2\/product"}],"about":[{"href":"https:\/\/www.lassociation.fr\/en\/wp-json\/wp\/v2\/types\/product"}],"wp:featuredmedia":[{"embeddable":true,"href":"https:\/\/www.lassociation.fr\/en\/wp-json\/wp\/v2\/media\/26345"}],"wp:attachment":[{"href":"https:\/\/www.lassociation.fr\/en\/wp-json\/wp\/v2\/media?parent=26344"}],"wp:term":[{"taxonomy":"product_cat","embeddable":true,"href":"https:\/\/www.lassociation.fr\/en\/wp-json\/wp\/v2\/product_cat?post=26344"},{"taxonomy":"product_tag","embeddable":true,"href":"https:\/\/www.lassociation.fr\/en\/wp-json\/wp\/v2\/product_tag?post=26344"}],"curies":[{"name":"wp","href":"https:\/\/api.w.org\/{rel}","templated":true}]}}