{"id":26597,"date":"2025-09-08T16:42:34","date_gmt":"2025-09-08T14:42:34","guid":{"rendered":"https:\/\/www.lassociation.fr\/?post_type=product&#038;p=26597"},"modified":"2026-02-17T15:50:14","modified_gmt":"2026-02-17T14:50:14","slug":"pyongyang-relie","status":"publish","type":"product","link":"https:\/\/www.lassociation.fr\/en\/catalogue\/pyongyang-relie\/","title":{"rendered":"Pyongyang \u2013 \u00e9dition 2025"},"content":{"rendered":"<p>Apr\u00e8s plus de vingt ans, <em>Pyongyang <\/em>fait l\u2019objet d\u2019une nouvelle \u00e9dition cartonn\u00e9e avec une nouvelle couverture et jaspage<\/p>\n<p>Envoy\u00e9 en mission en Cor\u00e9e du Nord, Guy Delisle d\u00e9couvre un pays fig\u00e9 dans l\u2019absurde et le silence. Entre contr\u00f4les absurdes, propagande omnipr\u00e9sente et solitude kafka\u00efenne, il raconte avec humour et finesse ce quotidien surr\u00e9aliste au c\u0153ur du dernier r\u00e9gime stalinien. Un regard unique, lucide et plein d\u2019ironie sur l\u2019un des lieux les plus ferm\u00e9s du monde.<\/p>\n<p>Plus de vingt ans apr\u00e8s sa premi\u00e8re parution, cette \u0153uvre reste une plong\u00e9e rare, lucide et subtilement ironique au c\u0153ur de la dictature nord-cor\u00e9enne.<\/p>\n","protected":false},"excerpt":{"rendered":"<p>Apr\u00e8s plus de vingt ans, <em>Pyongyang <\/em>fait l\u2019objet d\u2019une nouvelle \u00e9dition cartonn\u00e9e avec une nouvelle couverture et jaspage<\/p>\n<p>Envoy\u00e9 en mission en Cor\u00e9e du Nord, Guy Delisle d\u00e9couvre un pays fig\u00e9 dans l\u2019absurde et le silence. Entre contr\u00f4les absurdes, propagande omnipr\u00e9sente et solitude kafka\u00efenne, il raconte avec humour et finesse ce quotidien surr\u00e9aliste au c\u0153ur du dernier r\u00e9gime stalinien. Un regard unique, lucide et plein d\u2019ironie sur l\u2019un des lieux les plus ferm\u00e9s du monde.<\/p>\n<p>Plus de vingt ans apr\u00e8s sa premi\u00e8re parution, cette \u0153uvre reste une plong\u00e9e rare, lucide et subtilement ironique au c\u0153ur de la dictature nord-cor\u00e9enne.<\/p>\n","protected":false},"featured_media":26605,"template":"","meta":{"_acf_changed":false},"product_cat":[48],"product_tag":[],"class_list":{"0":"post-26597","1":"product","2":"type-product","3":"status-publish","4":"has-post-thumbnail","6":"product_cat-hors-collection","7":"member-discount","8":"discount-restricted","10":"first","11":"instock","12":"taxable","13":"shipping-taxable","14":"purchasable","15":"product-type-simple"},"acf":[],"yoast_head":"<title>Pyongyang \u2013 \u00e9dition 2025 - L\u2019Association<\/title>\n<meta name=\"robots\" content=\"index, follow, max-snippet:-1, max-image-preview:large, max-video-preview:-1\" \/>\n<link rel=\"canonical\" href=\"https:\/\/www.lassociation.fr\/en\/catalogue\/pyongyang-relie\/\" \/>\n<meta property=\"og:locale\" content=\"en_US\" \/>\n<meta property=\"og:type\" content=\"article\" \/>\n<meta property=\"og:title\" content=\"Pyongyang \u2013 \u00e9dition 2025 - L\u2019Association\" \/>\n<meta property=\"og:description\" content=\"Apr\u00e8s plus de vingt ans, Pyongyang fait l\u2019objet d\u2019une nouvelle \u00e9dition cartonn\u00e9e avec une nouvelle couverture et jaspage  Envoy\u00e9 en mission en Cor\u00e9e du Nord, Guy Delisle d\u00e9couvre un pays fig\u00e9 dans l\u2019absurde et le silence. Entre contr\u00f4les absurdes, propagande omnipr\u00e9sente et solitude kafka\u00efenne, il raconte avec humour et finesse ce quotidien surr\u00e9aliste au c\u0153ur du dernier r\u00e9gime stalinien. Un regard unique, lucide et plein d\u2019ironie sur l\u2019un des lieux les plus ferm\u00e9s du monde.  Plus de vingt ans apr\u00e8s sa premi\u00e8re parution, cette \u0153uvre reste une plong\u00e9e rare, lucide et subtilement ironique au c\u0153ur de la dictature nord-cor\u00e9enne.\" \/>\n<meta property=\"og:url\" content=\"https:\/\/www.lassociation.fr\/en\/catalogue\/pyongyang-relie\/\" \/>\n<meta property=\"og:site_name\" content=\"L\u2019Association\" \/>\n<meta property=\"article:publisher\" content=\"https:\/\/www.facebook.com\/lhydrelasso\/\" \/>\n<meta property=\"article:modified_time\" content=\"2026-02-17T14:50:14+00:00\" \/>\n<meta property=\"og:image\" content=\"https:\/\/www.lassociation.fr\/backoffice\/wp-content\/uploads\/2025\/09\/PyongYang2025_relie_3D.jpg\" \/>\n\t<meta property=\"og:image:width\" content=\"781\" \/>\n\t<meta property=\"og:image:height\" content=\"1000\" \/>\n\t<meta property=\"og:image:type\" content=\"image\/jpeg\" \/>\n<meta name=\"twitter:card\" content=\"summary_large_image\" \/>\n<meta name=\"twitter:site\" content=\"@lassociation\" \/>\n<script type=\"application\/ld+json\" class=\"yoast-schema-graph\">{\"@context\":\"https:\\\/\\\/schema.org\",\"@graph\":[{\"@type\":\"WebPage\",\"@id\":\"https:\\\/\\\/www.lassociation.fr\\\/en\\\/catalogue\\\/pyongyang-relie\\\/\",\"url\":\"https:\\\/\\\/www.lassociation.fr\\\/en\\\/catalogue\\\/pyongyang-relie\\\/\",\"name\":\"Pyongyang \u2013 \u00e9dition 2025 - L\u2019Association\",\"isPartOf\":{\"@id\":\"https:\\\/\\\/www.lassociation.fr\\\/en\\\/#website\"},\"primaryImageOfPage\":{\"@id\":\"https:\\\/\\\/www.lassociation.fr\\\/en\\\/catalogue\\\/pyongyang-relie\\\/#primaryimage\"},\"image\":{\"@id\":\"https:\\\/\\\/www.lassociation.fr\\\/en\\\/catalogue\\\/pyongyang-relie\\\/#primaryimage\"},\"thumbnailUrl\":\"https:\\\/\\\/www.lassociation.fr\\\/backoffice\\\/wp-content\\\/uploads\\\/2025\\\/09\\\/PyongYang2025_relie_3D.jpg\",\"datePublished\":\"2025-09-08T14:42:34+00:00\",\"dateModified\":\"2026-02-17T14:50:14+00:00\",\"breadcrumb\":{\"@id\":\"https:\\\/\\\/www.lassociation.fr\\\/en\\\/catalogue\\\/pyongyang-relie\\\/#breadcrumb\"},\"inLanguage\":\"en-US\",\"potentialAction\":[{\"@type\":\"ReadAction\",\"target\":[\"https:\\\/\\\/www.lassociation.fr\\\/en\\\/catalogue\\\/pyongyang-relie\\\/\"]}]},{\"@type\":\"ImageObject\",\"inLanguage\":\"en-US\",\"@id\":\"https:\\\/\\\/www.lassociation.fr\\\/en\\\/catalogue\\\/pyongyang-relie\\\/#primaryimage\",\"url\":\"https:\\\/\\\/www.lassociation.fr\\\/backoffice\\\/wp-content\\\/uploads\\\/2025\\\/09\\\/PyongYang2025_relie_3D.jpg\",\"contentUrl\":\"https:\\\/\\\/www.lassociation.fr\\\/backoffice\\\/wp-content\\\/uploads\\\/2025\\\/09\\\/PyongYang2025_relie_3D.jpg\",\"width\":781,\"height\":1000},{\"@type\":\"BreadcrumbList\",\"@id\":\"https:\\\/\\\/www.lassociation.fr\\\/en\\\/catalogue\\\/pyongyang-relie\\\/#breadcrumb\",\"itemListElement\":[{\"@type\":\"ListItem\",\"position\":1,\"name\":\"Accueil\",\"item\":\"https:\\\/\\\/www.lassociation.fr\\\/en\\\/\"},{\"@type\":\"ListItem\",\"position\":2,\"name\":\"Catalog\",\"item\":\"https:\\\/\\\/www.lassociation.fr\\\/en\\\/catalogue\\\/\"},{\"@type\":\"ListItem\",\"position\":3,\"name\":\"Pyongyang \u2013 \u00e9dition 2025\"}]},{\"@type\":\"WebSite\",\"@id\":\"https:\\\/\\\/www.lassociation.fr\\\/en\\\/#website\",\"url\":\"https:\\\/\\\/www.lassociation.fr\\\/en\\\/\",\"name\":\"L\u2019Association\",\"description\":\"Maison d\u2019\u00e9dition fran\u00e7aise de bande dessin\u00e9e, fond\u00e9e en 1990.\",\"publisher\":{\"@id\":\"https:\\\/\\\/www.lassociation.fr\\\/en\\\/#organization\"},\"potentialAction\":[{\"@type\":\"SearchAction\",\"target\":{\"@type\":\"EntryPoint\",\"urlTemplate\":\"https:\\\/\\\/www.lassociation.fr\\\/en\\\/?s={search_term_string}\"},\"query-input\":{\"@type\":\"PropertyValueSpecification\",\"valueRequired\":true,\"valueName\":\"search_term_string\"}}],\"inLanguage\":\"en-US\"},{\"@type\":\"Organization\",\"@id\":\"https:\\\/\\\/www.lassociation.fr\\\/en\\\/#organization\",\"name\":\"L\u2019Association\",\"url\":\"https:\\\/\\\/www.lassociation.fr\\\/en\\\/\",\"logo\":{\"@type\":\"ImageObject\",\"inLanguage\":\"en-US\",\"@id\":\"https:\\\/\\\/www.lassociation.fr\\\/en\\\/#\\\/schema\\\/logo\\\/image\\\/\",\"url\":\"https:\\\/\\\/www.lassociation.fr\\\/backoffice\\\/wp-content\\\/uploads\\\/2019\\\/11\\\/asso_large.png\",\"contentUrl\":\"https:\\\/\\\/www.lassociation.fr\\\/backoffice\\\/wp-content\\\/uploads\\\/2019\\\/11\\\/asso_large.png\",\"width\":1200,\"height\":630,\"caption\":\"L\u2019Association\"},\"image\":{\"@id\":\"https:\\\/\\\/www.lassociation.fr\\\/en\\\/#\\\/schema\\\/logo\\\/image\\\/\"},\"sameAs\":[\"https:\\\/\\\/www.facebook.com\\\/lhydrelasso\\\/\",\"https:\\\/\\\/x.com\\\/lassociation\",\"https:\\\/\\\/www.instagram.com\\\/editions_lassociation\",\"https:\\\/\\\/fr.wikipedia.org\\\/wiki\\\/LAssociation\",\"https:\\\/\\\/www.youtube.com\\\/@editions_lassociation\"]}]}<\/script>","yoast_head_json":{"title":"Pyongyang \u2013 \u00e9dition 2025 - L\u2019Association","robots":{"index":"index","follow":"follow","max-snippet":"max-snippet:-1","max-image-preview":"max-image-preview:large","max-video-preview":"max-video-preview:-1"},"canonical":"https:\/\/www.lassociation.fr\/en\/catalogue\/pyongyang-relie\/","og_locale":"en_US","og_type":"article","og_title":"Pyongyang \u2013 \u00e9dition 2025 - L\u2019Association","og_description":"Apr\u00e8s plus de vingt ans, Pyongyang fait l\u2019objet d\u2019une nouvelle \u00e9dition cartonn\u00e9e avec une nouvelle couverture et jaspage  Envoy\u00e9 en mission en Cor\u00e9e du Nord, Guy Delisle d\u00e9couvre un pays fig\u00e9 dans l\u2019absurde et le silence. Entre contr\u00f4les absurdes, propagande omnipr\u00e9sente et solitude kafka\u00efenne, il raconte avec humour et finesse ce quotidien surr\u00e9aliste au c\u0153ur du dernier r\u00e9gime stalinien. Un regard unique, lucide et plein d\u2019ironie sur l\u2019un des lieux les plus ferm\u00e9s du monde.  Plus de vingt ans apr\u00e8s sa premi\u00e8re parution, cette \u0153uvre reste une plong\u00e9e rare, lucide et subtilement ironique au c\u0153ur de la dictature nord-cor\u00e9enne.","og_url":"https:\/\/www.lassociation.fr\/en\/catalogue\/pyongyang-relie\/","og_site_name":"L\u2019Association","article_publisher":"https:\/\/www.facebook.com\/lhydrelasso\/","article_modified_time":"2026-02-17T14:50:14+00:00","og_image":[{"width":781,"height":1000,"url":"https:\/\/www.lassociation.fr\/backoffice\/wp-content\/uploads\/2025\/09\/PyongYang2025_relie_3D.jpg","type":"image\/jpeg"}],"twitter_card":"summary_large_image","twitter_site":"@lassociation","schema":{"@context":"https:\/\/schema.org","@graph":[{"@type":"WebPage","@id":"https:\/\/www.lassociation.fr\/en\/catalogue\/pyongyang-relie\/","url":"https:\/\/www.lassociation.fr\/en\/catalogue\/pyongyang-relie\/","name":"Pyongyang \u2013 \u00e9dition 2025 - L\u2019Association","isPartOf":{"@id":"https:\/\/www.lassociation.fr\/en\/#website"},"primaryImageOfPage":{"@id":"https:\/\/www.lassociation.fr\/en\/catalogue\/pyongyang-relie\/#primaryimage"},"image":{"@id":"https:\/\/www.lassociation.fr\/en\/catalogue\/pyongyang-relie\/#primaryimage"},"thumbnailUrl":"https:\/\/www.lassociation.fr\/backoffice\/wp-content\/uploads\/2025\/09\/PyongYang2025_relie_3D.jpg","datePublished":"2025-09-08T14:42:34+00:00","dateModified":"2026-02-17T14:50:14+00:00","breadcrumb":{"@id":"https:\/\/www.lassociation.fr\/en\/catalogue\/pyongyang-relie\/#breadcrumb"},"inLanguage":"en-US","potentialAction":[{"@type":"ReadAction","target":["https:\/\/www.lassociation.fr\/en\/catalogue\/pyongyang-relie\/"]}]},{"@type":"ImageObject","inLanguage":"en-US","@id":"https:\/\/www.lassociation.fr\/en\/catalogue\/pyongyang-relie\/#primaryimage","url":"https:\/\/www.lassociation.fr\/backoffice\/wp-content\/uploads\/2025\/09\/PyongYang2025_relie_3D.jpg","contentUrl":"https:\/\/www.lassociation.fr\/backoffice\/wp-content\/uploads\/2025\/09\/PyongYang2025_relie_3D.jpg","width":781,"height":1000},{"@type":"BreadcrumbList","@id":"https:\/\/www.lassociation.fr\/en\/catalogue\/pyongyang-relie\/#breadcrumb","itemListElement":[{"@type":"ListItem","position":1,"name":"Accueil","item":"https:\/\/www.lassociation.fr\/en\/"},{"@type":"ListItem","position":2,"name":"Catalog","item":"https:\/\/www.lassociation.fr\/en\/catalogue\/"},{"@type":"ListItem","position":3,"name":"Pyongyang \u2013 \u00e9dition 2025"}]},{"@type":"WebSite","@id":"https:\/\/www.lassociation.fr\/en\/#website","url":"https:\/\/www.lassociation.fr\/en\/","name":"L\u2019Association","description":"Maison d\u2019\u00e9dition fran\u00e7aise de bande dessin\u00e9e, fond\u00e9e en 1990.","publisher":{"@id":"https:\/\/www.lassociation.fr\/en\/#organization"},"potentialAction":[{"@type":"SearchAction","target":{"@type":"EntryPoint","urlTemplate":"https:\/\/www.lassociation.fr\/en\/?s={search_term_string}"},"query-input":{"@type":"PropertyValueSpecification","valueRequired":true,"valueName":"search_term_string"}}],"inLanguage":"en-US"},{"@type":"Organization","@id":"https:\/\/www.lassociation.fr\/en\/#organization","name":"L\u2019Association","url":"https:\/\/www.lassociation.fr\/en\/","logo":{"@type":"ImageObject","inLanguage":"en-US","@id":"https:\/\/www.lassociation.fr\/en\/#\/schema\/logo\/image\/","url":"https:\/\/www.lassociation.fr\/backoffice\/wp-content\/uploads\/2019\/11\/asso_large.png","contentUrl":"https:\/\/www.lassociation.fr\/backoffice\/wp-content\/uploads\/2019\/11\/asso_large.png","width":1200,"height":630,"caption":"L\u2019Association"},"image":{"@id":"https:\/\/www.lassociation.fr\/en\/#\/schema\/logo\/image\/"},"sameAs":["https:\/\/www.facebook.com\/lhydrelasso\/","https:\/\/x.com\/lassociation","https:\/\/www.instagram.com\/editions_lassociation","https:\/\/fr.wikipedia.org\/wiki\/LAssociation","https:\/\/www.youtube.com\/@editions_lassociation"]}]}},"_links":{"self":[{"href":"https:\/\/www.lassociation.fr\/en\/wp-json\/wp\/v2\/product\/26597","targetHints":{"allow":["GET"]}}],"collection":[{"href":"https:\/\/www.lassociation.fr\/en\/wp-json\/wp\/v2\/product"}],"about":[{"href":"https:\/\/www.lassociation.fr\/en\/wp-json\/wp\/v2\/types\/product"}],"wp:featuredmedia":[{"embeddable":true,"href":"https:\/\/www.lassociation.fr\/en\/wp-json\/wp\/v2\/media\/26605"}],"wp:attachment":[{"href":"https:\/\/www.lassociation.fr\/en\/wp-json\/wp\/v2\/media?parent=26597"}],"wp:term":[{"taxonomy":"product_cat","embeddable":true,"href":"https:\/\/www.lassociation.fr\/en\/wp-json\/wp\/v2\/product_cat?post=26597"},{"taxonomy":"product_tag","embeddable":true,"href":"https:\/\/www.lassociation.fr\/en\/wp-json\/wp\/v2\/product_tag?post=26597"}],"curies":[{"name":"wp","href":"https:\/\/api.w.org\/{rel}","templated":true}]}}