{"id":26689,"date":"2026-01-03T16:30:06","date_gmt":"2026-01-03T15:30:06","guid":{"rendered":"https:\/\/www.lassociation.fr\/?post_type=product&#038;p=26689"},"modified":"2026-03-06T14:14:31","modified_gmt":"2026-03-06T13:14:31","slug":"comme-ci-comme-ca","status":"publish","type":"product","link":"https:\/\/www.lassociation.fr\/en\/catalogue\/comme-ci-comme-ca\/","title":{"rendered":"Comme ci comme \u00e7a"},"content":{"rendered":"<p>Les titres des recueils de Silki sont explicites\u00a0: apr\u00e8s <em>Je vais bien ou pas<\/em>, voici <em>Comme ci comme \u00e7a<\/em>. Dans ce nouvel opus, l\u2019autrice poursuit son exploration de l\u2019\u00e2me humaine et de nos comportements sociaux. Au fil des sayn\u00e8tes, Silki \u00e9voque successivement les relations humaines, le rapport au travail, \u00e0 la r\u00e9ussite ou encore \u00e0 l\u2019avenir. Ses strips et dessins mettent en sc\u00e8ne nos jugements h\u00e2tifs, notre manque d\u2019empathie et la m\u00e9lancolie qui nous saisit lorsque nous nous arr\u00eatons de courir. Qu\u2019il s\u2019agisse de monologues int\u00e9rieurs ou de conversations avec un tiers, une chose est s\u00fbre\u00a0: \u00eatre humain n\u2019est pas de tout repos.<\/p>\n<p>Avec un m\u00e9lange de r\u00e9signation et d\u2019humour pince-sans-rire, les personnages animaliers de <em>Comme ci comme \u00e7a<\/em> s\u2019efforcent d\u2019\u00e9chapper \u00e0 la solitude, de remonter le temps, de r\u00e9sister \u00e0 la pression ou de gagner en l\u00e9g\u00e8ret\u00e9. Ce recueil \u00e9mouvant, qui tient par moments du journal intime, engage \u00e0 redoubler d\u2019indulgence \u2013 envers autrui, mais surtout envers nous-m\u00eames.<\/p>\n","protected":false},"excerpt":{"rendered":"<p>Les titres des recueils de Silki sont explicites\u00a0: apr\u00e8s Je vais bien ou pas, voici Comme ci comme \u00e7a. Dans ce nouvel opus, l\u2019autrice poursuit son exploration de l\u2019\u00e2me humaine et de nos comportements sociaux. Au fil des sayn\u00e8tes, Silki \u00e9voque successivement les relations humaines, le rapport au travail, \u00e0 la r\u00e9ussite ou encore \u00e0 [&hellip;]<\/p>\n","protected":false},"featured_media":26690,"template":"","meta":{"_acf_changed":false},"product_cat":[48],"product_tag":[],"class_list":{"0":"post-26689","1":"product","2":"type-product","3":"status-publish","4":"has-post-thumbnail","6":"product_cat-hors-collection","7":"member-discount","8":"discount-restricted","10":"first","11":"instock","12":"taxable","13":"shipping-taxable","14":"purchasable","15":"product-type-simple"},"acf":[],"yoast_head":"<title>Comme ci comme \u00e7a - L\u2019Association<\/title>\n<meta name=\"robots\" content=\"index, follow, max-snippet:-1, max-image-preview:large, max-video-preview:-1\" \/>\n<link rel=\"canonical\" href=\"https:\/\/www.lassociation.fr\/en\/catalogue\/comme-ci-comme-ca\/\" \/>\n<meta property=\"og:locale\" content=\"en_US\" \/>\n<meta property=\"og:type\" content=\"article\" \/>\n<meta property=\"og:title\" content=\"Comme ci comme \u00e7a - L\u2019Association\" \/>\n<meta property=\"og:description\" content=\"Les titres des recueils de Silki sont explicites\u00a0: apr\u00e8s Je vais bien ou pas, voici Comme ci comme \u00e7a. Dans ce nouvel opus, l\u2019autrice poursuit son exploration de l\u2019\u00e2me humaine et de nos comportements sociaux. Au fil des sayn\u00e8tes, Silki \u00e9voque successivement les relations humaines, le rapport au travail, \u00e0 la r\u00e9ussite ou encore \u00e0 [&hellip;]\" \/>\n<meta property=\"og:url\" content=\"https:\/\/www.lassociation.fr\/en\/catalogue\/comme-ci-comme-ca\/\" \/>\n<meta property=\"og:site_name\" content=\"L\u2019Association\" \/>\n<meta property=\"article:publisher\" content=\"https:\/\/www.facebook.com\/lhydrelasso\/\" \/>\n<meta property=\"article:modified_time\" content=\"2026-03-06T13:14:31+00:00\" \/>\n<meta property=\"og:image\" content=\"https:\/\/www.lassociation.fr\/backoffice\/wp-content\/uploads\/2025\/10\/Comme-ci-comme-ca_couv.jpg\" \/>\n\t<meta property=\"og:image:width\" content=\"888\" \/>\n\t<meta property=\"og:image:height\" content=\"1000\" \/>\n\t<meta property=\"og:image:type\" content=\"image\/jpeg\" \/>\n<meta name=\"twitter:card\" content=\"summary_large_image\" \/>\n<meta name=\"twitter:site\" content=\"@lassociation\" \/>\n<script type=\"application\/ld+json\" class=\"yoast-schema-graph\">{\"@context\":\"https:\\\/\\\/schema.org\",\"@graph\":[{\"@type\":\"WebPage\",\"@id\":\"https:\\\/\\\/www.lassociation.fr\\\/en\\\/catalogue\\\/comme-ci-comme-ca\\\/\",\"url\":\"https:\\\/\\\/www.lassociation.fr\\\/en\\\/catalogue\\\/comme-ci-comme-ca\\\/\",\"name\":\"Comme ci comme \u00e7a - L\u2019Association\",\"isPartOf\":{\"@id\":\"https:\\\/\\\/www.lassociation.fr\\\/en\\\/#website\"},\"primaryImageOfPage\":{\"@id\":\"https:\\\/\\\/www.lassociation.fr\\\/en\\\/catalogue\\\/comme-ci-comme-ca\\\/#primaryimage\"},\"image\":{\"@id\":\"https:\\\/\\\/www.lassociation.fr\\\/en\\\/catalogue\\\/comme-ci-comme-ca\\\/#primaryimage\"},\"thumbnailUrl\":\"https:\\\/\\\/www.lassociation.fr\\\/backoffice\\\/wp-content\\\/uploads\\\/2025\\\/10\\\/Comme-ci-comme-ca_couv.jpg\",\"datePublished\":\"2026-01-03T15:30:06+00:00\",\"dateModified\":\"2026-03-06T13:14:31+00:00\",\"breadcrumb\":{\"@id\":\"https:\\\/\\\/www.lassociation.fr\\\/en\\\/catalogue\\\/comme-ci-comme-ca\\\/#breadcrumb\"},\"inLanguage\":\"en-US\",\"potentialAction\":[{\"@type\":\"ReadAction\",\"target\":[\"https:\\\/\\\/www.lassociation.fr\\\/en\\\/catalogue\\\/comme-ci-comme-ca\\\/\"]}]},{\"@type\":\"ImageObject\",\"inLanguage\":\"en-US\",\"@id\":\"https:\\\/\\\/www.lassociation.fr\\\/en\\\/catalogue\\\/comme-ci-comme-ca\\\/#primaryimage\",\"url\":\"https:\\\/\\\/www.lassociation.fr\\\/backoffice\\\/wp-content\\\/uploads\\\/2025\\\/10\\\/Comme-ci-comme-ca_couv.jpg\",\"contentUrl\":\"https:\\\/\\\/www.lassociation.fr\\\/backoffice\\\/wp-content\\\/uploads\\\/2025\\\/10\\\/Comme-ci-comme-ca_couv.jpg\",\"width\":888,\"height\":1000},{\"@type\":\"BreadcrumbList\",\"@id\":\"https:\\\/\\\/www.lassociation.fr\\\/en\\\/catalogue\\\/comme-ci-comme-ca\\\/#breadcrumb\",\"itemListElement\":[{\"@type\":\"ListItem\",\"position\":1,\"name\":\"Accueil\",\"item\":\"https:\\\/\\\/www.lassociation.fr\\\/en\\\/\"},{\"@type\":\"ListItem\",\"position\":2,\"name\":\"Catalog\",\"item\":\"https:\\\/\\\/www.lassociation.fr\\\/en\\\/catalogue\\\/\"},{\"@type\":\"ListItem\",\"position\":3,\"name\":\"Comme ci comme \u00e7a\"}]},{\"@type\":\"WebSite\",\"@id\":\"https:\\\/\\\/www.lassociation.fr\\\/en\\\/#website\",\"url\":\"https:\\\/\\\/www.lassociation.fr\\\/en\\\/\",\"name\":\"L\u2019Association\",\"description\":\"Maison d\u2019\u00e9dition fran\u00e7aise de bande dessin\u00e9e, fond\u00e9e en 1990.\",\"publisher\":{\"@id\":\"https:\\\/\\\/www.lassociation.fr\\\/en\\\/#organization\"},\"potentialAction\":[{\"@type\":\"SearchAction\",\"target\":{\"@type\":\"EntryPoint\",\"urlTemplate\":\"https:\\\/\\\/www.lassociation.fr\\\/en\\\/?s={search_term_string}\"},\"query-input\":{\"@type\":\"PropertyValueSpecification\",\"valueRequired\":true,\"valueName\":\"search_term_string\"}}],\"inLanguage\":\"en-US\"},{\"@type\":\"Organization\",\"@id\":\"https:\\\/\\\/www.lassociation.fr\\\/en\\\/#organization\",\"name\":\"L\u2019Association\",\"url\":\"https:\\\/\\\/www.lassociation.fr\\\/en\\\/\",\"logo\":{\"@type\":\"ImageObject\",\"inLanguage\":\"en-US\",\"@id\":\"https:\\\/\\\/www.lassociation.fr\\\/en\\\/#\\\/schema\\\/logo\\\/image\\\/\",\"url\":\"https:\\\/\\\/www.lassociation.fr\\\/backoffice\\\/wp-content\\\/uploads\\\/2019\\\/11\\\/asso_large.png\",\"contentUrl\":\"https:\\\/\\\/www.lassociation.fr\\\/backoffice\\\/wp-content\\\/uploads\\\/2019\\\/11\\\/asso_large.png\",\"width\":1200,\"height\":630,\"caption\":\"L\u2019Association\"},\"image\":{\"@id\":\"https:\\\/\\\/www.lassociation.fr\\\/en\\\/#\\\/schema\\\/logo\\\/image\\\/\"},\"sameAs\":[\"https:\\\/\\\/www.facebook.com\\\/lhydrelasso\\\/\",\"https:\\\/\\\/x.com\\\/lassociation\",\"https:\\\/\\\/www.instagram.com\\\/editions_lassociation\",\"https:\\\/\\\/fr.wikipedia.org\\\/wiki\\\/LAssociation\",\"https:\\\/\\\/www.youtube.com\\\/@editions_lassociation\"]}]}<\/script>","yoast_head_json":{"title":"Comme ci comme \u00e7a - L\u2019Association","robots":{"index":"index","follow":"follow","max-snippet":"max-snippet:-1","max-image-preview":"max-image-preview:large","max-video-preview":"max-video-preview:-1"},"canonical":"https:\/\/www.lassociation.fr\/en\/catalogue\/comme-ci-comme-ca\/","og_locale":"en_US","og_type":"article","og_title":"Comme ci comme \u00e7a - L\u2019Association","og_description":"Les titres des recueils de Silki sont explicites\u00a0: apr\u00e8s Je vais bien ou pas, voici Comme ci comme \u00e7a. Dans ce nouvel opus, l\u2019autrice poursuit son exploration de l\u2019\u00e2me humaine et de nos comportements sociaux. Au fil des sayn\u00e8tes, Silki \u00e9voque successivement les relations humaines, le rapport au travail, \u00e0 la r\u00e9ussite ou encore \u00e0 [&hellip;]","og_url":"https:\/\/www.lassociation.fr\/en\/catalogue\/comme-ci-comme-ca\/","og_site_name":"L\u2019Association","article_publisher":"https:\/\/www.facebook.com\/lhydrelasso\/","article_modified_time":"2026-03-06T13:14:31+00:00","og_image":[{"width":888,"height":1000,"url":"https:\/\/www.lassociation.fr\/backoffice\/wp-content\/uploads\/2025\/10\/Comme-ci-comme-ca_couv.jpg","type":"image\/jpeg"}],"twitter_card":"summary_large_image","twitter_site":"@lassociation","schema":{"@context":"https:\/\/schema.org","@graph":[{"@type":"WebPage","@id":"https:\/\/www.lassociation.fr\/en\/catalogue\/comme-ci-comme-ca\/","url":"https:\/\/www.lassociation.fr\/en\/catalogue\/comme-ci-comme-ca\/","name":"Comme ci comme \u00e7a - L\u2019Association","isPartOf":{"@id":"https:\/\/www.lassociation.fr\/en\/#website"},"primaryImageOfPage":{"@id":"https:\/\/www.lassociation.fr\/en\/catalogue\/comme-ci-comme-ca\/#primaryimage"},"image":{"@id":"https:\/\/www.lassociation.fr\/en\/catalogue\/comme-ci-comme-ca\/#primaryimage"},"thumbnailUrl":"https:\/\/www.lassociation.fr\/backoffice\/wp-content\/uploads\/2025\/10\/Comme-ci-comme-ca_couv.jpg","datePublished":"2026-01-03T15:30:06+00:00","dateModified":"2026-03-06T13:14:31+00:00","breadcrumb":{"@id":"https:\/\/www.lassociation.fr\/en\/catalogue\/comme-ci-comme-ca\/#breadcrumb"},"inLanguage":"en-US","potentialAction":[{"@type":"ReadAction","target":["https:\/\/www.lassociation.fr\/en\/catalogue\/comme-ci-comme-ca\/"]}]},{"@type":"ImageObject","inLanguage":"en-US","@id":"https:\/\/www.lassociation.fr\/en\/catalogue\/comme-ci-comme-ca\/#primaryimage","url":"https:\/\/www.lassociation.fr\/backoffice\/wp-content\/uploads\/2025\/10\/Comme-ci-comme-ca_couv.jpg","contentUrl":"https:\/\/www.lassociation.fr\/backoffice\/wp-content\/uploads\/2025\/10\/Comme-ci-comme-ca_couv.jpg","width":888,"height":1000},{"@type":"BreadcrumbList","@id":"https:\/\/www.lassociation.fr\/en\/catalogue\/comme-ci-comme-ca\/#breadcrumb","itemListElement":[{"@type":"ListItem","position":1,"name":"Accueil","item":"https:\/\/www.lassociation.fr\/en\/"},{"@type":"ListItem","position":2,"name":"Catalog","item":"https:\/\/www.lassociation.fr\/en\/catalogue\/"},{"@type":"ListItem","position":3,"name":"Comme ci comme \u00e7a"}]},{"@type":"WebSite","@id":"https:\/\/www.lassociation.fr\/en\/#website","url":"https:\/\/www.lassociation.fr\/en\/","name":"L\u2019Association","description":"Maison d\u2019\u00e9dition fran\u00e7aise de bande dessin\u00e9e, fond\u00e9e en 1990.","publisher":{"@id":"https:\/\/www.lassociation.fr\/en\/#organization"},"potentialAction":[{"@type":"SearchAction","target":{"@type":"EntryPoint","urlTemplate":"https:\/\/www.lassociation.fr\/en\/?s={search_term_string}"},"query-input":{"@type":"PropertyValueSpecification","valueRequired":true,"valueName":"search_term_string"}}],"inLanguage":"en-US"},{"@type":"Organization","@id":"https:\/\/www.lassociation.fr\/en\/#organization","name":"L\u2019Association","url":"https:\/\/www.lassociation.fr\/en\/","logo":{"@type":"ImageObject","inLanguage":"en-US","@id":"https:\/\/www.lassociation.fr\/en\/#\/schema\/logo\/image\/","url":"https:\/\/www.lassociation.fr\/backoffice\/wp-content\/uploads\/2019\/11\/asso_large.png","contentUrl":"https:\/\/www.lassociation.fr\/backoffice\/wp-content\/uploads\/2019\/11\/asso_large.png","width":1200,"height":630,"caption":"L\u2019Association"},"image":{"@id":"https:\/\/www.lassociation.fr\/en\/#\/schema\/logo\/image\/"},"sameAs":["https:\/\/www.facebook.com\/lhydrelasso\/","https:\/\/x.com\/lassociation","https:\/\/www.instagram.com\/editions_lassociation","https:\/\/fr.wikipedia.org\/wiki\/LAssociation","https:\/\/www.youtube.com\/@editions_lassociation"]}]}},"_links":{"self":[{"href":"https:\/\/www.lassociation.fr\/en\/wp-json\/wp\/v2\/product\/26689","targetHints":{"allow":["GET"]}}],"collection":[{"href":"https:\/\/www.lassociation.fr\/en\/wp-json\/wp\/v2\/product"}],"about":[{"href":"https:\/\/www.lassociation.fr\/en\/wp-json\/wp\/v2\/types\/product"}],"wp:featuredmedia":[{"embeddable":true,"href":"https:\/\/www.lassociation.fr\/en\/wp-json\/wp\/v2\/media\/26690"}],"wp:attachment":[{"href":"https:\/\/www.lassociation.fr\/en\/wp-json\/wp\/v2\/media?parent=26689"}],"wp:term":[{"taxonomy":"product_cat","embeddable":true,"href":"https:\/\/www.lassociation.fr\/en\/wp-json\/wp\/v2\/product_cat?post=26689"},{"taxonomy":"product_tag","embeddable":true,"href":"https:\/\/www.lassociation.fr\/en\/wp-json\/wp\/v2\/product_tag?post=26689"}],"curies":[{"name":"wp","href":"https:\/\/api.w.org\/{rel}","templated":true}]}}