{"id":27422,"date":"2026-02-28T11:50:14","date_gmt":"2026-02-28T10:50:14","guid":{"rendered":"https:\/\/www.lassociation.fr\/?post_type=product&#038;p=27422"},"modified":"2026-04-17T21:41:09","modified_gmt":"2026-04-17T19:41:09","slug":"i-wanna-be-your-eggman","status":"publish","type":"product","link":"https:\/\/www.lassociation.fr\/en\/catalogue\/i-wanna-be-your-eggman\/","title":{"rendered":"I wanna be your Eggman"},"content":{"rendered":"<p>Eggman l\u2019illusionniste est de retour pour de nouvelles aventures ! Apr\u00e8s <em>I am the Eggman<\/em> (2021) et <em>From Eggman to Eggman <\/em>(2022), l\u2019\u0153uf \u00e0 pattes le plus attachant de la bande dessin\u00e9e revient pour un nouvel opus savoureux. Questionnements ench\u00e2ss\u00e9s, pens\u00e9es analogiques, \u00e9nigmes dessin\u00e9es et effets de miroir, Jos\u00e9 Parrondo fait une nouvelle fois feu de tout bois pour fa\u00e7onner ce monde d\u00e9licieusement d\u00e9cal\u00e9.<\/p>\n<p>Dans ce troisi\u00e8me volume, suivez Eggman dans ses tribulations et rencontrez un arbre somnambule, un escargot glouton, des trous de souris et des trous de serrures, des chaises en qu\u00eate de repos, un facteur, des livres t\u00eatus, une clef g\u00e9ante, des feuilles volantes&#8230; on en passe et des meilleurs\u00a0!<\/p>\n<p>Et Eggman de se t\u00e9l\u00e9porter dans un univers parall\u00e8le\u00a0: aux strips \u00e0 la ligne claire r\u00e9pondent d\u2019\u00e9nigmatiques peintures \u00e0 l\u2019acrylique gouache, reproduites au milieu du livre en Pantone rose et vert.<\/p>\n","protected":false},"excerpt":{"rendered":"<p>Eggman l\u2019illusionniste est de retour pour de nouvelles aventures ! Apr\u00e8s I am the Eggman (2021) et From Eggman to Eggman (2022), l\u2019\u0153uf \u00e0 pattes le plus attachant de la bande dessin\u00e9e revient pour un nouvel opus savoureux. Questionnements ench\u00e2ss\u00e9s, pens\u00e9es analogiques, \u00e9nigmes dessin\u00e9es et effets de miroir, Jos\u00e9 Parrondo fait une nouvelle fois feu [&hellip;]<\/p>\n","protected":false},"featured_media":27423,"template":"","meta":{"_acf_changed":false},"product_cat":[48],"product_tag":[],"class_list":{"0":"post-27422","1":"product","2":"type-product","3":"status-publish","4":"has-post-thumbnail","6":"product_cat-hors-collection","7":"member-discount","8":"discount-restricted","10":"first","11":"instock","12":"taxable","13":"shipping-taxable","14":"purchasable","15":"product-type-simple"},"acf":[],"yoast_head":"<title>I wanna be your Eggman - L\u2019Association<\/title>\n<meta name=\"robots\" content=\"index, follow, max-snippet:-1, max-image-preview:large, max-video-preview:-1\" \/>\n<link rel=\"canonical\" href=\"https:\/\/www.lassociation.fr\/en\/catalogue\/i-wanna-be-your-eggman\/\" \/>\n<meta property=\"og:locale\" content=\"en_US\" \/>\n<meta property=\"og:type\" content=\"article\" \/>\n<meta property=\"og:title\" content=\"I wanna be your Eggman - L\u2019Association\" \/>\n<meta property=\"og:description\" content=\"Eggman l\u2019illusionniste est de retour pour de nouvelles aventures ! Apr\u00e8s I am the Eggman (2021) et From Eggman to Eggman (2022), l\u2019\u0153uf \u00e0 pattes le plus attachant de la bande dessin\u00e9e revient pour un nouvel opus savoureux. Questionnements ench\u00e2ss\u00e9s, pens\u00e9es analogiques, \u00e9nigmes dessin\u00e9es et effets de miroir, Jos\u00e9 Parrondo fait une nouvelle fois feu [&hellip;]\" \/>\n<meta property=\"og:url\" content=\"https:\/\/www.lassociation.fr\/en\/catalogue\/i-wanna-be-your-eggman\/\" \/>\n<meta property=\"og:site_name\" content=\"L\u2019Association\" \/>\n<meta property=\"article:publisher\" content=\"https:\/\/www.facebook.com\/lhydrelasso\/\" \/>\n<meta property=\"article:modified_time\" content=\"2026-04-17T19:41:09+00:00\" \/>\n<meta property=\"og:image\" content=\"https:\/\/www.lassociation.fr\/backoffice\/wp-content\/uploads\/2026\/01\/WannaBeYourEggman_CouvWEB.jpg\" \/>\n\t<meta property=\"og:image:width\" content=\"1000\" \/>\n\t<meta property=\"og:image:height\" content=\"771\" \/>\n\t<meta property=\"og:image:type\" content=\"image\/jpeg\" \/>\n<meta name=\"twitter:card\" content=\"summary_large_image\" \/>\n<meta name=\"twitter:site\" content=\"@lassociation\" \/>\n<script type=\"application\/ld+json\" class=\"yoast-schema-graph\">{\"@context\":\"https:\\\/\\\/schema.org\",\"@graph\":[{\"@type\":\"WebPage\",\"@id\":\"https:\\\/\\\/www.lassociation.fr\\\/en\\\/catalogue\\\/i-wanna-be-your-eggman\\\/\",\"url\":\"https:\\\/\\\/www.lassociation.fr\\\/en\\\/catalogue\\\/i-wanna-be-your-eggman\\\/\",\"name\":\"I wanna be your Eggman - L\u2019Association\",\"isPartOf\":{\"@id\":\"https:\\\/\\\/www.lassociation.fr\\\/en\\\/#website\"},\"primaryImageOfPage\":{\"@id\":\"https:\\\/\\\/www.lassociation.fr\\\/en\\\/catalogue\\\/i-wanna-be-your-eggman\\\/#primaryimage\"},\"image\":{\"@id\":\"https:\\\/\\\/www.lassociation.fr\\\/en\\\/catalogue\\\/i-wanna-be-your-eggman\\\/#primaryimage\"},\"thumbnailUrl\":\"https:\\\/\\\/www.lassociation.fr\\\/backoffice\\\/wp-content\\\/uploads\\\/2026\\\/01\\\/WannaBeYourEggman_CouvWEB.jpg\",\"datePublished\":\"2026-02-28T10:50:14+00:00\",\"dateModified\":\"2026-04-17T19:41:09+00:00\",\"breadcrumb\":{\"@id\":\"https:\\\/\\\/www.lassociation.fr\\\/en\\\/catalogue\\\/i-wanna-be-your-eggman\\\/#breadcrumb\"},\"inLanguage\":\"en-US\",\"potentialAction\":[{\"@type\":\"ReadAction\",\"target\":[\"https:\\\/\\\/www.lassociation.fr\\\/en\\\/catalogue\\\/i-wanna-be-your-eggman\\\/\"]}]},{\"@type\":\"ImageObject\",\"inLanguage\":\"en-US\",\"@id\":\"https:\\\/\\\/www.lassociation.fr\\\/en\\\/catalogue\\\/i-wanna-be-your-eggman\\\/#primaryimage\",\"url\":\"https:\\\/\\\/www.lassociation.fr\\\/backoffice\\\/wp-content\\\/uploads\\\/2026\\\/01\\\/WannaBeYourEggman_CouvWEB.jpg\",\"contentUrl\":\"https:\\\/\\\/www.lassociation.fr\\\/backoffice\\\/wp-content\\\/uploads\\\/2026\\\/01\\\/WannaBeYourEggman_CouvWEB.jpg\",\"width\":1000,\"height\":771},{\"@type\":\"BreadcrumbList\",\"@id\":\"https:\\\/\\\/www.lassociation.fr\\\/en\\\/catalogue\\\/i-wanna-be-your-eggman\\\/#breadcrumb\",\"itemListElement\":[{\"@type\":\"ListItem\",\"position\":1,\"name\":\"Accueil\",\"item\":\"https:\\\/\\\/www.lassociation.fr\\\/en\\\/\"},{\"@type\":\"ListItem\",\"position\":2,\"name\":\"Catalog\",\"item\":\"https:\\\/\\\/www.lassociation.fr\\\/en\\\/catalogue\\\/\"},{\"@type\":\"ListItem\",\"position\":3,\"name\":\"I wanna be your Eggman\"}]},{\"@type\":\"WebSite\",\"@id\":\"https:\\\/\\\/www.lassociation.fr\\\/en\\\/#website\",\"url\":\"https:\\\/\\\/www.lassociation.fr\\\/en\\\/\",\"name\":\"L\u2019Association\",\"description\":\"Maison d\u2019\u00e9dition fran\u00e7aise de bande dessin\u00e9e, fond\u00e9e en 1990.\",\"publisher\":{\"@id\":\"https:\\\/\\\/www.lassociation.fr\\\/en\\\/#organization\"},\"potentialAction\":[{\"@type\":\"SearchAction\",\"target\":{\"@type\":\"EntryPoint\",\"urlTemplate\":\"https:\\\/\\\/www.lassociation.fr\\\/en\\\/?s={search_term_string}\"},\"query-input\":{\"@type\":\"PropertyValueSpecification\",\"valueRequired\":true,\"valueName\":\"search_term_string\"}}],\"inLanguage\":\"en-US\"},{\"@type\":\"Organization\",\"@id\":\"https:\\\/\\\/www.lassociation.fr\\\/en\\\/#organization\",\"name\":\"L\u2019Association\",\"url\":\"https:\\\/\\\/www.lassociation.fr\\\/en\\\/\",\"logo\":{\"@type\":\"ImageObject\",\"inLanguage\":\"en-US\",\"@id\":\"https:\\\/\\\/www.lassociation.fr\\\/en\\\/#\\\/schema\\\/logo\\\/image\\\/\",\"url\":\"https:\\\/\\\/www.lassociation.fr\\\/backoffice\\\/wp-content\\\/uploads\\\/2019\\\/11\\\/asso_large.png\",\"contentUrl\":\"https:\\\/\\\/www.lassociation.fr\\\/backoffice\\\/wp-content\\\/uploads\\\/2019\\\/11\\\/asso_large.png\",\"width\":1200,\"height\":630,\"caption\":\"L\u2019Association\"},\"image\":{\"@id\":\"https:\\\/\\\/www.lassociation.fr\\\/en\\\/#\\\/schema\\\/logo\\\/image\\\/\"},\"sameAs\":[\"https:\\\/\\\/www.facebook.com\\\/lhydrelasso\\\/\",\"https:\\\/\\\/x.com\\\/lassociation\",\"https:\\\/\\\/www.instagram.com\\\/editions_lassociation\",\"https:\\\/\\\/fr.wikipedia.org\\\/wiki\\\/LAssociation\",\"https:\\\/\\\/www.youtube.com\\\/@editions_lassociation\"]}]}<\/script>","yoast_head_json":{"title":"I wanna be your Eggman - L\u2019Association","robots":{"index":"index","follow":"follow","max-snippet":"max-snippet:-1","max-image-preview":"max-image-preview:large","max-video-preview":"max-video-preview:-1"},"canonical":"https:\/\/www.lassociation.fr\/en\/catalogue\/i-wanna-be-your-eggman\/","og_locale":"en_US","og_type":"article","og_title":"I wanna be your Eggman - L\u2019Association","og_description":"Eggman l\u2019illusionniste est de retour pour de nouvelles aventures ! Apr\u00e8s I am the Eggman (2021) et From Eggman to Eggman (2022), l\u2019\u0153uf \u00e0 pattes le plus attachant de la bande dessin\u00e9e revient pour un nouvel opus savoureux. Questionnements ench\u00e2ss\u00e9s, pens\u00e9es analogiques, \u00e9nigmes dessin\u00e9es et effets de miroir, Jos\u00e9 Parrondo fait une nouvelle fois feu [&hellip;]","og_url":"https:\/\/www.lassociation.fr\/en\/catalogue\/i-wanna-be-your-eggman\/","og_site_name":"L\u2019Association","article_publisher":"https:\/\/www.facebook.com\/lhydrelasso\/","article_modified_time":"2026-04-17T19:41:09+00:00","og_image":[{"width":1000,"height":771,"url":"https:\/\/www.lassociation.fr\/backoffice\/wp-content\/uploads\/2026\/01\/WannaBeYourEggman_CouvWEB.jpg","type":"image\/jpeg"}],"twitter_card":"summary_large_image","twitter_site":"@lassociation","schema":{"@context":"https:\/\/schema.org","@graph":[{"@type":"WebPage","@id":"https:\/\/www.lassociation.fr\/en\/catalogue\/i-wanna-be-your-eggman\/","url":"https:\/\/www.lassociation.fr\/en\/catalogue\/i-wanna-be-your-eggman\/","name":"I wanna be your Eggman - L\u2019Association","isPartOf":{"@id":"https:\/\/www.lassociation.fr\/en\/#website"},"primaryImageOfPage":{"@id":"https:\/\/www.lassociation.fr\/en\/catalogue\/i-wanna-be-your-eggman\/#primaryimage"},"image":{"@id":"https:\/\/www.lassociation.fr\/en\/catalogue\/i-wanna-be-your-eggman\/#primaryimage"},"thumbnailUrl":"https:\/\/www.lassociation.fr\/backoffice\/wp-content\/uploads\/2026\/01\/WannaBeYourEggman_CouvWEB.jpg","datePublished":"2026-02-28T10:50:14+00:00","dateModified":"2026-04-17T19:41:09+00:00","breadcrumb":{"@id":"https:\/\/www.lassociation.fr\/en\/catalogue\/i-wanna-be-your-eggman\/#breadcrumb"},"inLanguage":"en-US","potentialAction":[{"@type":"ReadAction","target":["https:\/\/www.lassociation.fr\/en\/catalogue\/i-wanna-be-your-eggman\/"]}]},{"@type":"ImageObject","inLanguage":"en-US","@id":"https:\/\/www.lassociation.fr\/en\/catalogue\/i-wanna-be-your-eggman\/#primaryimage","url":"https:\/\/www.lassociation.fr\/backoffice\/wp-content\/uploads\/2026\/01\/WannaBeYourEggman_CouvWEB.jpg","contentUrl":"https:\/\/www.lassociation.fr\/backoffice\/wp-content\/uploads\/2026\/01\/WannaBeYourEggman_CouvWEB.jpg","width":1000,"height":771},{"@type":"BreadcrumbList","@id":"https:\/\/www.lassociation.fr\/en\/catalogue\/i-wanna-be-your-eggman\/#breadcrumb","itemListElement":[{"@type":"ListItem","position":1,"name":"Accueil","item":"https:\/\/www.lassociation.fr\/en\/"},{"@type":"ListItem","position":2,"name":"Catalog","item":"https:\/\/www.lassociation.fr\/en\/catalogue\/"},{"@type":"ListItem","position":3,"name":"I wanna be your Eggman"}]},{"@type":"WebSite","@id":"https:\/\/www.lassociation.fr\/en\/#website","url":"https:\/\/www.lassociation.fr\/en\/","name":"L\u2019Association","description":"Maison d\u2019\u00e9dition fran\u00e7aise de bande dessin\u00e9e, fond\u00e9e en 1990.","publisher":{"@id":"https:\/\/www.lassociation.fr\/en\/#organization"},"potentialAction":[{"@type":"SearchAction","target":{"@type":"EntryPoint","urlTemplate":"https:\/\/www.lassociation.fr\/en\/?s={search_term_string}"},"query-input":{"@type":"PropertyValueSpecification","valueRequired":true,"valueName":"search_term_string"}}],"inLanguage":"en-US"},{"@type":"Organization","@id":"https:\/\/www.lassociation.fr\/en\/#organization","name":"L\u2019Association","url":"https:\/\/www.lassociation.fr\/en\/","logo":{"@type":"ImageObject","inLanguage":"en-US","@id":"https:\/\/www.lassociation.fr\/en\/#\/schema\/logo\/image\/","url":"https:\/\/www.lassociation.fr\/backoffice\/wp-content\/uploads\/2019\/11\/asso_large.png","contentUrl":"https:\/\/www.lassociation.fr\/backoffice\/wp-content\/uploads\/2019\/11\/asso_large.png","width":1200,"height":630,"caption":"L\u2019Association"},"image":{"@id":"https:\/\/www.lassociation.fr\/en\/#\/schema\/logo\/image\/"},"sameAs":["https:\/\/www.facebook.com\/lhydrelasso\/","https:\/\/x.com\/lassociation","https:\/\/www.instagram.com\/editions_lassociation","https:\/\/fr.wikipedia.org\/wiki\/LAssociation","https:\/\/www.youtube.com\/@editions_lassociation"]}]}},"_links":{"self":[{"href":"https:\/\/www.lassociation.fr\/en\/wp-json\/wp\/v2\/product\/27422","targetHints":{"allow":["GET"]}}],"collection":[{"href":"https:\/\/www.lassociation.fr\/en\/wp-json\/wp\/v2\/product"}],"about":[{"href":"https:\/\/www.lassociation.fr\/en\/wp-json\/wp\/v2\/types\/product"}],"wp:featuredmedia":[{"embeddable":true,"href":"https:\/\/www.lassociation.fr\/en\/wp-json\/wp\/v2\/media\/27423"}],"wp:attachment":[{"href":"https:\/\/www.lassociation.fr\/en\/wp-json\/wp\/v2\/media?parent=27422"}],"wp:term":[{"taxonomy":"product_cat","embeddable":true,"href":"https:\/\/www.lassociation.fr\/en\/wp-json\/wp\/v2\/product_cat?post=27422"},{"taxonomy":"product_tag","embeddable":true,"href":"https:\/\/www.lassociation.fr\/en\/wp-json\/wp\/v2\/product_tag?post=27422"}],"curies":[{"name":"wp","href":"https:\/\/api.w.org\/{rel}","templated":true}]}}