{"id":27469,"date":"2026-04-01T12:12:38","date_gmt":"2026-04-01T10:12:38","guid":{"rendered":"https:\/\/www.lassociation.fr\/?post_type=product&#038;p=27469"},"modified":"2026-04-17T21:43:56","modified_gmt":"2026-04-17T19:43:56","slug":"sunday","status":"publish","type":"product","link":"https:\/\/www.lassociation.fr\/en\/catalogue\/sunday\/","title":{"rendered":"Sunday"},"content":{"rendered":"<p><strong>Avant-propos<\/strong><\/p>\n<p>Bonjour\u2009! Je m\u2019appelle O. Schrauwen, auteur de romans graphiques. Cette derni\u00e8re d\u00e9cennie, je me suis document\u00e9 sur la vie de quelques-uns des membres de ma famille. Ainsi, voici plus ou moins six ans, je me suis entretenu avec mon cousin Thibault Schrauwen. Avec m\u00e9contentement, il a parl\u00e9 de \u00ab journ\u00e9es g\u00e2ch\u00e9es \u00bb. Des journ\u00e9es remplies de procrastination et d\u2019ennui, qui se sont d\u00e9roul\u00e9es sans envie : il \u00e9tait incapable de faire quoi que ce soit d\u2019\u00e9difiant.<\/p>\n<p>Son r\u00e9cit m\u2019a intrigu\u00e9. Il m\u2019a tout de suite paru \u00eatre un sujet appropri\u00e9 pour un roman graphique. Je lui ai demand\u00e9 si faire quelque chose de ces donn\u00e9es plut\u00f4t n\u00e9gatives \u2013 le jour perdu \u2013 l\u2019int\u00e9ressait. J\u2019\u00e9tais persuad\u00e9 que, gr\u00e2ce aux miracles de la BD, nous pourrions r\u00e9aliser quelque chose de beau. Il a accept\u00e9 \u00e0 contrec\u0153ur.<\/p>\n<p>Je lui ai alors propos\u00e9 de retenir l\u2019une de ses journ\u00e9es d\u2019apathie exemplaires. Il a fini par choisir un dimanche donn\u00e9 du d\u00e9but de l\u2019automne 2017.<\/p>\n<p>Par la suite, au cours de quelques week-ends, nous nous sommes concert\u00e9s afin de dresser un inventaire minutieux des \u00e9v\u00e9nements de la journ\u00e9e en question. Chaque pens\u00e9e rev\u00eatait de l\u2019importance de m\u00eame que chaque (non-)\u00e9v\u00e9nement. Un processus \u00e0 la fois laborieux et passionnant.<\/p>\n<p>Je me suis par ailleurs entretenu avec des gens qui avaient eu affaire \u00e0 Thibault le dimanche en question et j\u2019ai pris note de ce qu\u2019ils m\u2019ont rapport\u00e9. \u00c0 partir de ces \u00e9l\u00e9ments, j\u2019ai compos\u00e9 SUNDAY, le roman graphique que vous avez \u00e0 pr\u00e9sent dans les mains.<\/p>\n<p>J\u2019esp\u00e8re que vous allez l\u2019appr\u00e9cier\u2009!<\/p>\n<p>Pour finir, je tiens \u00e0 encore remercier Thibault pour sa disposition \u00e0 s\u2019ouvrir sur les facettes peu plaisantes, voire carr\u00e9ment embarrassantes, de sa personne.<\/p>\n<p>&nbsp;<\/p>\n<p><strong><span style=\"color: #ff0000;\">CE TITRE EST EN COURS DE PRODUCTION \u2013&gt; PLUS D&#8217;INFOS \u00c0 VENIR<\/span><\/strong><\/p>\n<p><em>Impression en 5 pantones<\/em><\/p>\n","protected":false},"excerpt":{"rendered":"<p>Avant-propos Bonjour\u2009! Je m\u2019appelle O. Schrauwen, auteur de romans graphiques. Cette derni\u00e8re d\u00e9cennie, je me suis document\u00e9 sur la vie de quelques-uns des membres de ma famille. Ainsi, voici plus ou moins six ans, je me suis entretenu avec mon cousin Thibault Schrauwen. Avec m\u00e9contentement, il a parl\u00e9 de \u00ab journ\u00e9es g\u00e2ch\u00e9es \u00bb. Des journ\u00e9es [&hellip;]<\/p>\n","protected":false},"featured_media":27476,"template":"","meta":{"_acf_changed":false},"product_cat":[48],"product_tag":[],"class_list":{"0":"post-27469","1":"product","2":"type-product","3":"status-publish","4":"has-post-thumbnail","6":"product_cat-hors-collection","7":"member-discount","8":"discount-restricted","10":"first","11":"instock","12":"taxable","13":"shipping-taxable","14":"product-type-simple"},"acf":[],"yoast_head":"<title>Sunday - L\u2019Association<\/title>\n<meta name=\"robots\" content=\"index, follow, max-snippet:-1, max-image-preview:large, max-video-preview:-1\" \/>\n<link rel=\"canonical\" href=\"https:\/\/www.lassociation.fr\/en\/catalogue\/sunday\/\" \/>\n<meta property=\"og:locale\" content=\"en_US\" \/>\n<meta property=\"og:type\" content=\"article\" \/>\n<meta property=\"og:title\" content=\"Sunday - L\u2019Association\" \/>\n<meta property=\"og:description\" content=\"Avant-propos Bonjour\u2009! Je m\u2019appelle O. Schrauwen, auteur de romans graphiques. Cette derni\u00e8re d\u00e9cennie, je me suis document\u00e9 sur la vie de quelques-uns des membres de ma famille. Ainsi, voici plus ou moins six ans, je me suis entretenu avec mon cousin Thibault Schrauwen. Avec m\u00e9contentement, il a parl\u00e9 de \u00ab journ\u00e9es g\u00e2ch\u00e9es \u00bb. Des journ\u00e9es [&hellip;]\" \/>\n<meta property=\"og:url\" content=\"https:\/\/www.lassociation.fr\/en\/catalogue\/sunday\/\" \/>\n<meta property=\"og:site_name\" content=\"L\u2019Association\" \/>\n<meta property=\"article:publisher\" content=\"https:\/\/www.facebook.com\/lhydrelasso\/\" \/>\n<meta property=\"article:modified_time\" content=\"2026-04-17T19:43:56+00:00\" \/>\n<meta property=\"og:image\" content=\"https:\/\/www.lassociation.fr\/backoffice\/wp-content\/uploads\/2026\/01\/Sunday-FausseCouv.jpg\" \/>\n\t<meta property=\"og:image:width\" content=\"800\" \/>\n\t<meta property=\"og:image:height\" content=\"1000\" \/>\n\t<meta property=\"og:image:type\" content=\"image\/jpeg\" \/>\n<meta name=\"twitter:card\" content=\"summary_large_image\" \/>\n<meta name=\"twitter:site\" content=\"@lassociation\" \/>\n<script type=\"application\/ld+json\" class=\"yoast-schema-graph\">{\"@context\":\"https:\\\/\\\/schema.org\",\"@graph\":[{\"@type\":\"WebPage\",\"@id\":\"https:\\\/\\\/www.lassociation.fr\\\/en\\\/catalogue\\\/sunday\\\/\",\"url\":\"https:\\\/\\\/www.lassociation.fr\\\/en\\\/catalogue\\\/sunday\\\/\",\"name\":\"Sunday - L\u2019Association\",\"isPartOf\":{\"@id\":\"https:\\\/\\\/www.lassociation.fr\\\/en\\\/#website\"},\"primaryImageOfPage\":{\"@id\":\"https:\\\/\\\/www.lassociation.fr\\\/en\\\/catalogue\\\/sunday\\\/#primaryimage\"},\"image\":{\"@id\":\"https:\\\/\\\/www.lassociation.fr\\\/en\\\/catalogue\\\/sunday\\\/#primaryimage\"},\"thumbnailUrl\":\"https:\\\/\\\/www.lassociation.fr\\\/backoffice\\\/wp-content\\\/uploads\\\/2026\\\/01\\\/Sunday-FausseCouv.jpg\",\"datePublished\":\"2026-04-01T10:12:38+00:00\",\"dateModified\":\"2026-04-17T19:43:56+00:00\",\"breadcrumb\":{\"@id\":\"https:\\\/\\\/www.lassociation.fr\\\/en\\\/catalogue\\\/sunday\\\/#breadcrumb\"},\"inLanguage\":\"en-US\",\"potentialAction\":[{\"@type\":\"ReadAction\",\"target\":[\"https:\\\/\\\/www.lassociation.fr\\\/en\\\/catalogue\\\/sunday\\\/\"]}]},{\"@type\":\"ImageObject\",\"inLanguage\":\"en-US\",\"@id\":\"https:\\\/\\\/www.lassociation.fr\\\/en\\\/catalogue\\\/sunday\\\/#primaryimage\",\"url\":\"https:\\\/\\\/www.lassociation.fr\\\/backoffice\\\/wp-content\\\/uploads\\\/2026\\\/01\\\/Sunday-FausseCouv.jpg\",\"contentUrl\":\"https:\\\/\\\/www.lassociation.fr\\\/backoffice\\\/wp-content\\\/uploads\\\/2026\\\/01\\\/Sunday-FausseCouv.jpg\",\"width\":800,\"height\":1000},{\"@type\":\"BreadcrumbList\",\"@id\":\"https:\\\/\\\/www.lassociation.fr\\\/en\\\/catalogue\\\/sunday\\\/#breadcrumb\",\"itemListElement\":[{\"@type\":\"ListItem\",\"position\":1,\"name\":\"Accueil\",\"item\":\"https:\\\/\\\/www.lassociation.fr\\\/en\\\/\"},{\"@type\":\"ListItem\",\"position\":2,\"name\":\"Catalog\",\"item\":\"https:\\\/\\\/www.lassociation.fr\\\/en\\\/catalogue\\\/\"},{\"@type\":\"ListItem\",\"position\":3,\"name\":\"Sunday\"}]},{\"@type\":\"WebSite\",\"@id\":\"https:\\\/\\\/www.lassociation.fr\\\/en\\\/#website\",\"url\":\"https:\\\/\\\/www.lassociation.fr\\\/en\\\/\",\"name\":\"L\u2019Association\",\"description\":\"Maison d\u2019\u00e9dition fran\u00e7aise de bande dessin\u00e9e, fond\u00e9e en 1990.\",\"publisher\":{\"@id\":\"https:\\\/\\\/www.lassociation.fr\\\/en\\\/#organization\"},\"potentialAction\":[{\"@type\":\"SearchAction\",\"target\":{\"@type\":\"EntryPoint\",\"urlTemplate\":\"https:\\\/\\\/www.lassociation.fr\\\/en\\\/?s={search_term_string}\"},\"query-input\":{\"@type\":\"PropertyValueSpecification\",\"valueRequired\":true,\"valueName\":\"search_term_string\"}}],\"inLanguage\":\"en-US\"},{\"@type\":\"Organization\",\"@id\":\"https:\\\/\\\/www.lassociation.fr\\\/en\\\/#organization\",\"name\":\"L\u2019Association\",\"url\":\"https:\\\/\\\/www.lassociation.fr\\\/en\\\/\",\"logo\":{\"@type\":\"ImageObject\",\"inLanguage\":\"en-US\",\"@id\":\"https:\\\/\\\/www.lassociation.fr\\\/en\\\/#\\\/schema\\\/logo\\\/image\\\/\",\"url\":\"https:\\\/\\\/www.lassociation.fr\\\/backoffice\\\/wp-content\\\/uploads\\\/2019\\\/11\\\/asso_large.png\",\"contentUrl\":\"https:\\\/\\\/www.lassociation.fr\\\/backoffice\\\/wp-content\\\/uploads\\\/2019\\\/11\\\/asso_large.png\",\"width\":1200,\"height\":630,\"caption\":\"L\u2019Association\"},\"image\":{\"@id\":\"https:\\\/\\\/www.lassociation.fr\\\/en\\\/#\\\/schema\\\/logo\\\/image\\\/\"},\"sameAs\":[\"https:\\\/\\\/www.facebook.com\\\/lhydrelasso\\\/\",\"https:\\\/\\\/x.com\\\/lassociation\",\"https:\\\/\\\/www.instagram.com\\\/editions_lassociation\",\"https:\\\/\\\/fr.wikipedia.org\\\/wiki\\\/LAssociation\",\"https:\\\/\\\/www.youtube.com\\\/@editions_lassociation\"]}]}<\/script>","yoast_head_json":{"title":"Sunday - L\u2019Association","robots":{"index":"index","follow":"follow","max-snippet":"max-snippet:-1","max-image-preview":"max-image-preview:large","max-video-preview":"max-video-preview:-1"},"canonical":"https:\/\/www.lassociation.fr\/en\/catalogue\/sunday\/","og_locale":"en_US","og_type":"article","og_title":"Sunday - L\u2019Association","og_description":"Avant-propos Bonjour\u2009! Je m\u2019appelle O. Schrauwen, auteur de romans graphiques. Cette derni\u00e8re d\u00e9cennie, je me suis document\u00e9 sur la vie de quelques-uns des membres de ma famille. Ainsi, voici plus ou moins six ans, je me suis entretenu avec mon cousin Thibault Schrauwen. Avec m\u00e9contentement, il a parl\u00e9 de \u00ab journ\u00e9es g\u00e2ch\u00e9es \u00bb. Des journ\u00e9es [&hellip;]","og_url":"https:\/\/www.lassociation.fr\/en\/catalogue\/sunday\/","og_site_name":"L\u2019Association","article_publisher":"https:\/\/www.facebook.com\/lhydrelasso\/","article_modified_time":"2026-04-17T19:43:56+00:00","og_image":[{"width":800,"height":1000,"url":"https:\/\/www.lassociation.fr\/backoffice\/wp-content\/uploads\/2026\/01\/Sunday-FausseCouv.jpg","type":"image\/jpeg"}],"twitter_card":"summary_large_image","twitter_site":"@lassociation","schema":{"@context":"https:\/\/schema.org","@graph":[{"@type":"WebPage","@id":"https:\/\/www.lassociation.fr\/en\/catalogue\/sunday\/","url":"https:\/\/www.lassociation.fr\/en\/catalogue\/sunday\/","name":"Sunday - L\u2019Association","isPartOf":{"@id":"https:\/\/www.lassociation.fr\/en\/#website"},"primaryImageOfPage":{"@id":"https:\/\/www.lassociation.fr\/en\/catalogue\/sunday\/#primaryimage"},"image":{"@id":"https:\/\/www.lassociation.fr\/en\/catalogue\/sunday\/#primaryimage"},"thumbnailUrl":"https:\/\/www.lassociation.fr\/backoffice\/wp-content\/uploads\/2026\/01\/Sunday-FausseCouv.jpg","datePublished":"2026-04-01T10:12:38+00:00","dateModified":"2026-04-17T19:43:56+00:00","breadcrumb":{"@id":"https:\/\/www.lassociation.fr\/en\/catalogue\/sunday\/#breadcrumb"},"inLanguage":"en-US","potentialAction":[{"@type":"ReadAction","target":["https:\/\/www.lassociation.fr\/en\/catalogue\/sunday\/"]}]},{"@type":"ImageObject","inLanguage":"en-US","@id":"https:\/\/www.lassociation.fr\/en\/catalogue\/sunday\/#primaryimage","url":"https:\/\/www.lassociation.fr\/backoffice\/wp-content\/uploads\/2026\/01\/Sunday-FausseCouv.jpg","contentUrl":"https:\/\/www.lassociation.fr\/backoffice\/wp-content\/uploads\/2026\/01\/Sunday-FausseCouv.jpg","width":800,"height":1000},{"@type":"BreadcrumbList","@id":"https:\/\/www.lassociation.fr\/en\/catalogue\/sunday\/#breadcrumb","itemListElement":[{"@type":"ListItem","position":1,"name":"Accueil","item":"https:\/\/www.lassociation.fr\/en\/"},{"@type":"ListItem","position":2,"name":"Catalog","item":"https:\/\/www.lassociation.fr\/en\/catalogue\/"},{"@type":"ListItem","position":3,"name":"Sunday"}]},{"@type":"WebSite","@id":"https:\/\/www.lassociation.fr\/en\/#website","url":"https:\/\/www.lassociation.fr\/en\/","name":"L\u2019Association","description":"Maison d\u2019\u00e9dition fran\u00e7aise de bande dessin\u00e9e, fond\u00e9e en 1990.","publisher":{"@id":"https:\/\/www.lassociation.fr\/en\/#organization"},"potentialAction":[{"@type":"SearchAction","target":{"@type":"EntryPoint","urlTemplate":"https:\/\/www.lassociation.fr\/en\/?s={search_term_string}"},"query-input":{"@type":"PropertyValueSpecification","valueRequired":true,"valueName":"search_term_string"}}],"inLanguage":"en-US"},{"@type":"Organization","@id":"https:\/\/www.lassociation.fr\/en\/#organization","name":"L\u2019Association","url":"https:\/\/www.lassociation.fr\/en\/","logo":{"@type":"ImageObject","inLanguage":"en-US","@id":"https:\/\/www.lassociation.fr\/en\/#\/schema\/logo\/image\/","url":"https:\/\/www.lassociation.fr\/backoffice\/wp-content\/uploads\/2019\/11\/asso_large.png","contentUrl":"https:\/\/www.lassociation.fr\/backoffice\/wp-content\/uploads\/2019\/11\/asso_large.png","width":1200,"height":630,"caption":"L\u2019Association"},"image":{"@id":"https:\/\/www.lassociation.fr\/en\/#\/schema\/logo\/image\/"},"sameAs":["https:\/\/www.facebook.com\/lhydrelasso\/","https:\/\/x.com\/lassociation","https:\/\/www.instagram.com\/editions_lassociation","https:\/\/fr.wikipedia.org\/wiki\/LAssociation","https:\/\/www.youtube.com\/@editions_lassociation"]}]}},"_links":{"self":[{"href":"https:\/\/www.lassociation.fr\/en\/wp-json\/wp\/v2\/product\/27469","targetHints":{"allow":["GET"]}}],"collection":[{"href":"https:\/\/www.lassociation.fr\/en\/wp-json\/wp\/v2\/product"}],"about":[{"href":"https:\/\/www.lassociation.fr\/en\/wp-json\/wp\/v2\/types\/product"}],"wp:featuredmedia":[{"embeddable":true,"href":"https:\/\/www.lassociation.fr\/en\/wp-json\/wp\/v2\/media\/27476"}],"wp:attachment":[{"href":"https:\/\/www.lassociation.fr\/en\/wp-json\/wp\/v2\/media?parent=27469"}],"wp:term":[{"taxonomy":"product_cat","embeddable":true,"href":"https:\/\/www.lassociation.fr\/en\/wp-json\/wp\/v2\/product_cat?post=27469"},{"taxonomy":"product_tag","embeddable":true,"href":"https:\/\/www.lassociation.fr\/en\/wp-json\/wp\/v2\/product_tag?post=27469"}],"curies":[{"name":"wp","href":"https:\/\/api.w.org\/{rel}","templated":true}]}}