{"id":27609,"date":"2026-03-06T13:09:59","date_gmt":"2026-03-06T12:09:59","guid":{"rendered":"https:\/\/www.lassociation.fr\/?post_type=product&#038;p=27609"},"modified":"2026-03-10T17:35:21","modified_gmt":"2026-03-10T16:35:21","slug":"varlot-soldat-relie","status":"publish","type":"product","link":"https:\/\/www.lassociation.fr\/en\/catalogue\/varlot-soldat-relie\/","title":{"rendered":"Varlot Soldat &#8211; \u00e9dition 2026"},"content":{"rendered":"<p><strong><em>Varlot soldat\u00a0<\/em>revient dans une\u00a0nouvelle \u00e9dition cartonn\u00e9e<\/strong>, enrichie d\u2019une\u00a0couverture in\u00e9dite, directement issue de la version s\u00e9rigraphi\u00e9e, s\u2019impose comme la version de r\u00e9f\u00e9rence d\u2019un album essentiel, t\u00e9moignage radical et profond\u00e9ment humaniste du rejet de la guerre par Tardi.<\/p>\n<p>Prolongement direct de\u00a0<em>Der des Ders<\/em>\u00a0(paru chez\u00a0Casterman), cet album \u00e9crit par\u00a0Didier Daeninckx\u00a0explore l\u2019une des s\u00e9quences les plus sombres de cet univers, en resserrant le regard sur la condition du soldat anonyme broy\u00e9 par la machine guerri\u00e8re. L\u2019aversion visc\u00e9rale de Tardi pour la guerre de 14-18 atteint ici une intensit\u00e9 rare : d\u00e9nonciation sans d\u00e9tour, regard implacable sur l\u2019absurdit\u00e9 du conflit et compassion profonde pour les hommes sacrifi\u00e9s.<\/p>\n<p>Ici, l\u2019horreur de la guerre de 14-18 n\u2019est ni h\u00e9ro\u00efs\u00e9e ni \u00e9dulcor\u00e9e : elle est montr\u00e9e dans toute sa brutalit\u00e9 absurde, \u00e0 travers un r\u00e9cit implacable et un dessin d\u2019une force expressive rare.<\/p>\n","protected":false},"excerpt":{"rendered":"<p>Varlot soldat\u00a0revient dans une\u00a0nouvelle \u00e9dition cartonn\u00e9e, enrichie d\u2019une\u00a0couverture in\u00e9dite, directement issue de la version s\u00e9rigraphi\u00e9e, s\u2019impose comme la version de r\u00e9f\u00e9rence d\u2019un album essentiel, t\u00e9moignage radical et profond\u00e9ment humaniste du rejet de la guerre par Tardi. Prolongement direct de\u00a0Der des Ders\u00a0(paru chez\u00a0Casterman), cet album \u00e9crit par\u00a0Didier Daeninckx\u00a0explore l\u2019une des s\u00e9quences les plus sombres de cet [&hellip;]<\/p>\n","protected":false},"featured_media":27611,"template":"","meta":{"_acf_changed":false},"product_cat":[48],"product_tag":[],"class_list":{"0":"post-27609","1":"product","2":"type-product","3":"status-publish","4":"has-post-thumbnail","6":"product_cat-hors-collection","7":"member-discount","8":"discount-restricted","10":"first","11":"instock","12":"taxable","13":"shipping-taxable","14":"product-type-simple"},"acf":[],"yoast_head":"<title>Varlot Soldat - \u00e9dition 2026 - L\u2019Association<\/title>\n<meta name=\"robots\" content=\"index, follow, max-snippet:-1, max-image-preview:large, max-video-preview:-1\" \/>\n<link rel=\"canonical\" href=\"https:\/\/www.lassociation.fr\/en\/catalogue\/varlot-soldat-relie\/\" \/>\n<meta property=\"og:locale\" content=\"en_US\" \/>\n<meta property=\"og:type\" content=\"article\" \/>\n<meta property=\"og:title\" content=\"Varlot Soldat - \u00e9dition 2026 - L\u2019Association\" \/>\n<meta property=\"og:description\" content=\"Varlot soldat\u00a0revient dans une\u00a0nouvelle \u00e9dition cartonn\u00e9e, enrichie d\u2019une\u00a0couverture in\u00e9dite, directement issue de la version s\u00e9rigraphi\u00e9e, s\u2019impose comme la version de r\u00e9f\u00e9rence d\u2019un album essentiel, t\u00e9moignage radical et profond\u00e9ment humaniste du rejet de la guerre par Tardi. Prolongement direct de\u00a0Der des Ders\u00a0(paru chez\u00a0Casterman), cet album \u00e9crit par\u00a0Didier Daeninckx\u00a0explore l\u2019une des s\u00e9quences les plus sombres de cet [&hellip;]\" \/>\n<meta property=\"og:url\" content=\"https:\/\/www.lassociation.fr\/en\/catalogue\/varlot-soldat-relie\/\" \/>\n<meta property=\"og:site_name\" content=\"L\u2019Association\" \/>\n<meta property=\"article:publisher\" content=\"https:\/\/www.facebook.com\/lhydrelasso\/\" \/>\n<meta property=\"article:modified_time\" content=\"2026-03-10T16:35:21+00:00\" \/>\n<meta property=\"og:image\" content=\"https:\/\/www.lassociation.fr\/backoffice\/wp-content\/uploads\/2026\/03\/HC_VarlotSoldat_couv2026.jpg\" \/>\n\t<meta property=\"og:image:width\" content=\"673\" \/>\n\t<meta property=\"og:image:height\" content=\"865\" \/>\n\t<meta property=\"og:image:type\" content=\"image\/jpeg\" \/>\n<meta name=\"twitter:card\" content=\"summary_large_image\" \/>\n<meta name=\"twitter:site\" content=\"@lassociation\" \/>\n<script type=\"application\/ld+json\" class=\"yoast-schema-graph\">{\"@context\":\"https:\\\/\\\/schema.org\",\"@graph\":[{\"@type\":\"WebPage\",\"@id\":\"https:\\\/\\\/www.lassociation.fr\\\/en\\\/catalogue\\\/varlot-soldat-relie\\\/\",\"url\":\"https:\\\/\\\/www.lassociation.fr\\\/en\\\/catalogue\\\/varlot-soldat-relie\\\/\",\"name\":\"Varlot Soldat - \u00e9dition 2026 - L\u2019Association\",\"isPartOf\":{\"@id\":\"https:\\\/\\\/www.lassociation.fr\\\/en\\\/#website\"},\"primaryImageOfPage\":{\"@id\":\"https:\\\/\\\/www.lassociation.fr\\\/en\\\/catalogue\\\/varlot-soldat-relie\\\/#primaryimage\"},\"image\":{\"@id\":\"https:\\\/\\\/www.lassociation.fr\\\/en\\\/catalogue\\\/varlot-soldat-relie\\\/#primaryimage\"},\"thumbnailUrl\":\"https:\\\/\\\/www.lassociation.fr\\\/backoffice\\\/wp-content\\\/uploads\\\/2026\\\/03\\\/HC_VarlotSoldat_couv2026.jpg\",\"datePublished\":\"2026-03-06T12:09:59+00:00\",\"dateModified\":\"2026-03-10T16:35:21+00:00\",\"breadcrumb\":{\"@id\":\"https:\\\/\\\/www.lassociation.fr\\\/en\\\/catalogue\\\/varlot-soldat-relie\\\/#breadcrumb\"},\"inLanguage\":\"en-US\",\"potentialAction\":[{\"@type\":\"ReadAction\",\"target\":[\"https:\\\/\\\/www.lassociation.fr\\\/en\\\/catalogue\\\/varlot-soldat-relie\\\/\"]}]},{\"@type\":\"ImageObject\",\"inLanguage\":\"en-US\",\"@id\":\"https:\\\/\\\/www.lassociation.fr\\\/en\\\/catalogue\\\/varlot-soldat-relie\\\/#primaryimage\",\"url\":\"https:\\\/\\\/www.lassociation.fr\\\/backoffice\\\/wp-content\\\/uploads\\\/2026\\\/03\\\/HC_VarlotSoldat_couv2026.jpg\",\"contentUrl\":\"https:\\\/\\\/www.lassociation.fr\\\/backoffice\\\/wp-content\\\/uploads\\\/2026\\\/03\\\/HC_VarlotSoldat_couv2026.jpg\",\"width\":673,\"height\":865},{\"@type\":\"BreadcrumbList\",\"@id\":\"https:\\\/\\\/www.lassociation.fr\\\/en\\\/catalogue\\\/varlot-soldat-relie\\\/#breadcrumb\",\"itemListElement\":[{\"@type\":\"ListItem\",\"position\":1,\"name\":\"Accueil\",\"item\":\"https:\\\/\\\/www.lassociation.fr\\\/en\\\/\"},{\"@type\":\"ListItem\",\"position\":2,\"name\":\"Catalog\",\"item\":\"https:\\\/\\\/www.lassociation.fr\\\/en\\\/catalogue\\\/\"},{\"@type\":\"ListItem\",\"position\":3,\"name\":\"Varlot Soldat &#8211; \u00e9dition 2026\"}]},{\"@type\":\"WebSite\",\"@id\":\"https:\\\/\\\/www.lassociation.fr\\\/en\\\/#website\",\"url\":\"https:\\\/\\\/www.lassociation.fr\\\/en\\\/\",\"name\":\"L\u2019Association\",\"description\":\"Maison d\u2019\u00e9dition fran\u00e7aise de bande dessin\u00e9e, fond\u00e9e en 1990.\",\"publisher\":{\"@id\":\"https:\\\/\\\/www.lassociation.fr\\\/en\\\/#organization\"},\"potentialAction\":[{\"@type\":\"SearchAction\",\"target\":{\"@type\":\"EntryPoint\",\"urlTemplate\":\"https:\\\/\\\/www.lassociation.fr\\\/en\\\/?s={search_term_string}\"},\"query-input\":{\"@type\":\"PropertyValueSpecification\",\"valueRequired\":true,\"valueName\":\"search_term_string\"}}],\"inLanguage\":\"en-US\"},{\"@type\":\"Organization\",\"@id\":\"https:\\\/\\\/www.lassociation.fr\\\/en\\\/#organization\",\"name\":\"L\u2019Association\",\"url\":\"https:\\\/\\\/www.lassociation.fr\\\/en\\\/\",\"logo\":{\"@type\":\"ImageObject\",\"inLanguage\":\"en-US\",\"@id\":\"https:\\\/\\\/www.lassociation.fr\\\/en\\\/#\\\/schema\\\/logo\\\/image\\\/\",\"url\":\"https:\\\/\\\/www.lassociation.fr\\\/backoffice\\\/wp-content\\\/uploads\\\/2019\\\/11\\\/asso_large.png\",\"contentUrl\":\"https:\\\/\\\/www.lassociation.fr\\\/backoffice\\\/wp-content\\\/uploads\\\/2019\\\/11\\\/asso_large.png\",\"width\":1200,\"height\":630,\"caption\":\"L\u2019Association\"},\"image\":{\"@id\":\"https:\\\/\\\/www.lassociation.fr\\\/en\\\/#\\\/schema\\\/logo\\\/image\\\/\"},\"sameAs\":[\"https:\\\/\\\/www.facebook.com\\\/lhydrelasso\\\/\",\"https:\\\/\\\/x.com\\\/lassociation\",\"https:\\\/\\\/www.instagram.com\\\/editions_lassociation\",\"https:\\\/\\\/fr.wikipedia.org\\\/wiki\\\/LAssociation\",\"https:\\\/\\\/www.youtube.com\\\/@editions_lassociation\"]}]}<\/script>","yoast_head_json":{"title":"Varlot Soldat - \u00e9dition 2026 - L\u2019Association","robots":{"index":"index","follow":"follow","max-snippet":"max-snippet:-1","max-image-preview":"max-image-preview:large","max-video-preview":"max-video-preview:-1"},"canonical":"https:\/\/www.lassociation.fr\/en\/catalogue\/varlot-soldat-relie\/","og_locale":"en_US","og_type":"article","og_title":"Varlot Soldat - \u00e9dition 2026 - L\u2019Association","og_description":"Varlot soldat\u00a0revient dans une\u00a0nouvelle \u00e9dition cartonn\u00e9e, enrichie d\u2019une\u00a0couverture in\u00e9dite, directement issue de la version s\u00e9rigraphi\u00e9e, s\u2019impose comme la version de r\u00e9f\u00e9rence d\u2019un album essentiel, t\u00e9moignage radical et profond\u00e9ment humaniste du rejet de la guerre par Tardi. Prolongement direct de\u00a0Der des Ders\u00a0(paru chez\u00a0Casterman), cet album \u00e9crit par\u00a0Didier Daeninckx\u00a0explore l\u2019une des s\u00e9quences les plus sombres de cet [&hellip;]","og_url":"https:\/\/www.lassociation.fr\/en\/catalogue\/varlot-soldat-relie\/","og_site_name":"L\u2019Association","article_publisher":"https:\/\/www.facebook.com\/lhydrelasso\/","article_modified_time":"2026-03-10T16:35:21+00:00","og_image":[{"width":673,"height":865,"url":"https:\/\/www.lassociation.fr\/backoffice\/wp-content\/uploads\/2026\/03\/HC_VarlotSoldat_couv2026.jpg","type":"image\/jpeg"}],"twitter_card":"summary_large_image","twitter_site":"@lassociation","schema":{"@context":"https:\/\/schema.org","@graph":[{"@type":"WebPage","@id":"https:\/\/www.lassociation.fr\/en\/catalogue\/varlot-soldat-relie\/","url":"https:\/\/www.lassociation.fr\/en\/catalogue\/varlot-soldat-relie\/","name":"Varlot Soldat - \u00e9dition 2026 - L\u2019Association","isPartOf":{"@id":"https:\/\/www.lassociation.fr\/en\/#website"},"primaryImageOfPage":{"@id":"https:\/\/www.lassociation.fr\/en\/catalogue\/varlot-soldat-relie\/#primaryimage"},"image":{"@id":"https:\/\/www.lassociation.fr\/en\/catalogue\/varlot-soldat-relie\/#primaryimage"},"thumbnailUrl":"https:\/\/www.lassociation.fr\/backoffice\/wp-content\/uploads\/2026\/03\/HC_VarlotSoldat_couv2026.jpg","datePublished":"2026-03-06T12:09:59+00:00","dateModified":"2026-03-10T16:35:21+00:00","breadcrumb":{"@id":"https:\/\/www.lassociation.fr\/en\/catalogue\/varlot-soldat-relie\/#breadcrumb"},"inLanguage":"en-US","potentialAction":[{"@type":"ReadAction","target":["https:\/\/www.lassociation.fr\/en\/catalogue\/varlot-soldat-relie\/"]}]},{"@type":"ImageObject","inLanguage":"en-US","@id":"https:\/\/www.lassociation.fr\/en\/catalogue\/varlot-soldat-relie\/#primaryimage","url":"https:\/\/www.lassociation.fr\/backoffice\/wp-content\/uploads\/2026\/03\/HC_VarlotSoldat_couv2026.jpg","contentUrl":"https:\/\/www.lassociation.fr\/backoffice\/wp-content\/uploads\/2026\/03\/HC_VarlotSoldat_couv2026.jpg","width":673,"height":865},{"@type":"BreadcrumbList","@id":"https:\/\/www.lassociation.fr\/en\/catalogue\/varlot-soldat-relie\/#breadcrumb","itemListElement":[{"@type":"ListItem","position":1,"name":"Accueil","item":"https:\/\/www.lassociation.fr\/en\/"},{"@type":"ListItem","position":2,"name":"Catalog","item":"https:\/\/www.lassociation.fr\/en\/catalogue\/"},{"@type":"ListItem","position":3,"name":"Varlot Soldat &#8211; \u00e9dition 2026"}]},{"@type":"WebSite","@id":"https:\/\/www.lassociation.fr\/en\/#website","url":"https:\/\/www.lassociation.fr\/en\/","name":"L\u2019Association","description":"Maison d\u2019\u00e9dition fran\u00e7aise de bande dessin\u00e9e, fond\u00e9e en 1990.","publisher":{"@id":"https:\/\/www.lassociation.fr\/en\/#organization"},"potentialAction":[{"@type":"SearchAction","target":{"@type":"EntryPoint","urlTemplate":"https:\/\/www.lassociation.fr\/en\/?s={search_term_string}"},"query-input":{"@type":"PropertyValueSpecification","valueRequired":true,"valueName":"search_term_string"}}],"inLanguage":"en-US"},{"@type":"Organization","@id":"https:\/\/www.lassociation.fr\/en\/#organization","name":"L\u2019Association","url":"https:\/\/www.lassociation.fr\/en\/","logo":{"@type":"ImageObject","inLanguage":"en-US","@id":"https:\/\/www.lassociation.fr\/en\/#\/schema\/logo\/image\/","url":"https:\/\/www.lassociation.fr\/backoffice\/wp-content\/uploads\/2019\/11\/asso_large.png","contentUrl":"https:\/\/www.lassociation.fr\/backoffice\/wp-content\/uploads\/2019\/11\/asso_large.png","width":1200,"height":630,"caption":"L\u2019Association"},"image":{"@id":"https:\/\/www.lassociation.fr\/en\/#\/schema\/logo\/image\/"},"sameAs":["https:\/\/www.facebook.com\/lhydrelasso\/","https:\/\/x.com\/lassociation","https:\/\/www.instagram.com\/editions_lassociation","https:\/\/fr.wikipedia.org\/wiki\/LAssociation","https:\/\/www.youtube.com\/@editions_lassociation"]}]}},"_links":{"self":[{"href":"https:\/\/www.lassociation.fr\/en\/wp-json\/wp\/v2\/product\/27609","targetHints":{"allow":["GET"]}}],"collection":[{"href":"https:\/\/www.lassociation.fr\/en\/wp-json\/wp\/v2\/product"}],"about":[{"href":"https:\/\/www.lassociation.fr\/en\/wp-json\/wp\/v2\/types\/product"}],"wp:featuredmedia":[{"embeddable":true,"href":"https:\/\/www.lassociation.fr\/en\/wp-json\/wp\/v2\/media\/27611"}],"wp:attachment":[{"href":"https:\/\/www.lassociation.fr\/en\/wp-json\/wp\/v2\/media?parent=27609"}],"wp:term":[{"taxonomy":"product_cat","embeddable":true,"href":"https:\/\/www.lassociation.fr\/en\/wp-json\/wp\/v2\/product_cat?post=27609"},{"taxonomy":"product_tag","embeddable":true,"href":"https:\/\/www.lassociation.fr\/en\/wp-json\/wp\/v2\/product_tag?post=27609"}],"curies":[{"name":"wp","href":"https:\/\/api.w.org\/{rel}","templated":true}]}}