{"id":27765,"date":"2026-04-07T14:19:52","date_gmt":"2026-04-07T12:19:52","guid":{"rendered":"https:\/\/www.lassociation.fr\/?post_type=product&#038;p=27765"},"modified":"2026-05-12T23:00:04","modified_gmt":"2026-05-12T21:00:04","slug":"mamaliga","status":"publish","type":"product","link":"https:\/\/www.lassociation.fr\/en\/catalogue\/mamaliga\/","title":{"rendered":"M\u0103m\u0103lig\u0103"},"content":{"rendered":"<p>Et si grandir, c\u2019\u00e9tait apprendre \u00e0 habiter le monde seule ?<\/p>\n<p>Avec <em>M\u0103m\u0103lig\u0103<\/em>, Zo\u00e9 Barth\u00e9l\u00e9my signe un premier r\u00e9cit intime et lumineux sur le passage \u00e0 l\u2019\u00e2ge adulte. \u00c0 travers son d\u00e9part en Erasmus en Roumanie, elle raconte six mois de bascule : la premi\u00e8re vraie s\u00e9paration avec la famille et les amis, la d\u00e9couverte d\u2019un pays m\u00e9connu, et surtout l\u2019exp\u00e9rience vertigineuse d\u2019habiter seule pour la premi\u00e8re fois.<\/p>\n<p>Loin du carnet de voyage id\u00e9alis\u00e9, <em>M\u0103m\u0103lig\u0103<\/em> capte les petits chocs du quotidien : la solitude qui s\u2019installe, les maladresses culturelles, l\u2019excitation de la libert\u00e9 nouvelle, les premi\u00e8res f\u00eates, les peurs nocturnes, les rencontres improbables, la ville qui s\u2019apprivoise lentement. Tout ce qui fait qu\u2019on se sent parfois perdu\u2026 et soudain tr\u00e8s vivant.<\/p>\n<p>Graphiquement, Zo\u00e9 Barth\u00e9l\u00e9my d\u00e9ploie un noir et blanc expressif, dense, travers\u00e9 de sc\u00e8nes urbaines foisonnantes et de silences int\u00e9rieurs. Son dessin, \u00e0 la fois na\u00eff et pr\u00e9cis, restitue avec justesse le tumulte int\u00e9rieur de l\u2019exil volontaire et la po\u00e9sie du quotidien \u00e9tranger.<\/p>\n<p><em>M\u0103m\u0103lig\u0103<\/em> parle \u00e0 toutes celles et ceux qui sont partis, qui partiront, ou qui r\u00eavent de le faire. Un r\u00e9cit d\u2019apprentissage doux-amer, universel, sur l\u2019\u00e9mancipation, la famille qu\u2019on quitte sans jamais vraiment la laisser derri\u00e8re soi, et la construction de soi loin des rep\u00e8res familiers.<\/p>\n<p>Un roman graphique sensible et g\u00e9n\u00e9rationnel, entre chronique intime et r\u00e9cit de voyage, qui touche juste.<\/p>\n","protected":false},"excerpt":{"rendered":"<p>Et si grandir, c\u2019\u00e9tait apprendre \u00e0 habiter le monde seule ? Avec M\u0103m\u0103lig\u0103, Zo\u00e9 Barth\u00e9l\u00e9my signe un premier r\u00e9cit intime et lumineux sur le passage \u00e0 l\u2019\u00e2ge adulte. \u00c0 travers son d\u00e9part en Erasmus en Roumanie, elle raconte six mois de bascule : la premi\u00e8re vraie s\u00e9paration avec la famille et les amis, la d\u00e9couverte [&hellip;]<\/p>\n","protected":false},"featured_media":27766,"template":"","meta":{"_acf_changed":false},"product_cat":[48],"product_tag":[],"class_list":{"0":"post-27765","1":"product","2":"type-product","3":"status-publish","4":"has-post-thumbnail","6":"product_cat-hors-collection","7":"member-discount","8":"discount-restricted","10":"first","11":"onbackorder","12":"taxable","13":"shipping-taxable","14":"product-type-simple"},"acf":[],"yoast_head":"<title>M\u0103m\u0103lig\u0103 - L\u2019Association<\/title>\n<meta name=\"robots\" content=\"index, follow, max-snippet:-1, max-image-preview:large, max-video-preview:-1\" \/>\n<link rel=\"canonical\" href=\"https:\/\/www.lassociation.fr\/en\/catalogue\/mamaliga\/\" \/>\n<meta property=\"og:locale\" content=\"en_US\" \/>\n<meta property=\"og:type\" content=\"article\" \/>\n<meta property=\"og:title\" content=\"M\u0103m\u0103lig\u0103 - L\u2019Association\" \/>\n<meta property=\"og:description\" content=\"Et si grandir, c\u2019\u00e9tait apprendre \u00e0 habiter le monde seule ? Avec M\u0103m\u0103lig\u0103, Zo\u00e9 Barth\u00e9l\u00e9my signe un premier r\u00e9cit intime et lumineux sur le passage \u00e0 l\u2019\u00e2ge adulte. \u00c0 travers son d\u00e9part en Erasmus en Roumanie, elle raconte six mois de bascule : la premi\u00e8re vraie s\u00e9paration avec la famille et les amis, la d\u00e9couverte [&hellip;]\" \/>\n<meta property=\"og:url\" content=\"https:\/\/www.lassociation.fr\/en\/catalogue\/mamaliga\/\" \/>\n<meta property=\"og:site_name\" content=\"L\u2019Association\" \/>\n<meta property=\"article:publisher\" content=\"https:\/\/www.facebook.com\/lhydrelasso\/\" \/>\n<meta property=\"article:modified_time\" content=\"2026-05-12T21:00:04+00:00\" \/>\n<meta property=\"og:image\" content=\"https:\/\/www.lassociation.fr\/backoffice\/wp-content\/uploads\/2026\/05\/Mamaliga_couv.jpg\" \/>\n\t<meta property=\"og:image:width\" content=\"762\" \/>\n\t<meta property=\"og:image:height\" content=\"1000\" \/>\n\t<meta property=\"og:image:type\" content=\"image\/jpeg\" \/>\n<meta name=\"twitter:card\" content=\"summary_large_image\" \/>\n<meta name=\"twitter:site\" content=\"@lassociation\" \/>\n<script type=\"application\/ld+json\" class=\"yoast-schema-graph\">{\"@context\":\"https:\\\/\\\/schema.org\",\"@graph\":[{\"@type\":\"WebPage\",\"@id\":\"https:\\\/\\\/www.lassociation.fr\\\/en\\\/catalogue\\\/mamaliga\\\/\",\"url\":\"https:\\\/\\\/www.lassociation.fr\\\/en\\\/catalogue\\\/mamaliga\\\/\",\"name\":\"M\u0103m\u0103lig\u0103 - L\u2019Association\",\"isPartOf\":{\"@id\":\"https:\\\/\\\/www.lassociation.fr\\\/en\\\/#website\"},\"primaryImageOfPage\":{\"@id\":\"https:\\\/\\\/www.lassociation.fr\\\/en\\\/catalogue\\\/mamaliga\\\/#primaryimage\"},\"image\":{\"@id\":\"https:\\\/\\\/www.lassociation.fr\\\/en\\\/catalogue\\\/mamaliga\\\/#primaryimage\"},\"thumbnailUrl\":\"https:\\\/\\\/www.lassociation.fr\\\/backoffice\\\/wp-content\\\/uploads\\\/2026\\\/05\\\/Mamaliga_couv.jpg\",\"datePublished\":\"2026-04-07T12:19:52+00:00\",\"dateModified\":\"2026-05-12T21:00:04+00:00\",\"breadcrumb\":{\"@id\":\"https:\\\/\\\/www.lassociation.fr\\\/en\\\/catalogue\\\/mamaliga\\\/#breadcrumb\"},\"inLanguage\":\"en-US\",\"potentialAction\":[{\"@type\":\"ReadAction\",\"target\":[\"https:\\\/\\\/www.lassociation.fr\\\/en\\\/catalogue\\\/mamaliga\\\/\"]}]},{\"@type\":\"ImageObject\",\"inLanguage\":\"en-US\",\"@id\":\"https:\\\/\\\/www.lassociation.fr\\\/en\\\/catalogue\\\/mamaliga\\\/#primaryimage\",\"url\":\"https:\\\/\\\/www.lassociation.fr\\\/backoffice\\\/wp-content\\\/uploads\\\/2026\\\/05\\\/Mamaliga_couv.jpg\",\"contentUrl\":\"https:\\\/\\\/www.lassociation.fr\\\/backoffice\\\/wp-content\\\/uploads\\\/2026\\\/05\\\/Mamaliga_couv.jpg\",\"width\":762,\"height\":1000},{\"@type\":\"BreadcrumbList\",\"@id\":\"https:\\\/\\\/www.lassociation.fr\\\/en\\\/catalogue\\\/mamaliga\\\/#breadcrumb\",\"itemListElement\":[{\"@type\":\"ListItem\",\"position\":1,\"name\":\"Accueil\",\"item\":\"https:\\\/\\\/www.lassociation.fr\\\/en\\\/\"},{\"@type\":\"ListItem\",\"position\":2,\"name\":\"Catalog\",\"item\":\"https:\\\/\\\/www.lassociation.fr\\\/en\\\/catalogue\\\/\"},{\"@type\":\"ListItem\",\"position\":3,\"name\":\"M\u0103m\u0103lig\u0103\"}]},{\"@type\":\"WebSite\",\"@id\":\"https:\\\/\\\/www.lassociation.fr\\\/en\\\/#website\",\"url\":\"https:\\\/\\\/www.lassociation.fr\\\/en\\\/\",\"name\":\"L\u2019Association\",\"description\":\"Maison d\u2019\u00e9dition fran\u00e7aise de bande dessin\u00e9e, fond\u00e9e en 1990.\",\"publisher\":{\"@id\":\"https:\\\/\\\/www.lassociation.fr\\\/en\\\/#organization\"},\"potentialAction\":[{\"@type\":\"SearchAction\",\"target\":{\"@type\":\"EntryPoint\",\"urlTemplate\":\"https:\\\/\\\/www.lassociation.fr\\\/en\\\/?s={search_term_string}\"},\"query-input\":{\"@type\":\"PropertyValueSpecification\",\"valueRequired\":true,\"valueName\":\"search_term_string\"}}],\"inLanguage\":\"en-US\"},{\"@type\":\"Organization\",\"@id\":\"https:\\\/\\\/www.lassociation.fr\\\/en\\\/#organization\",\"name\":\"L\u2019Association\",\"url\":\"https:\\\/\\\/www.lassociation.fr\\\/en\\\/\",\"logo\":{\"@type\":\"ImageObject\",\"inLanguage\":\"en-US\",\"@id\":\"https:\\\/\\\/www.lassociation.fr\\\/en\\\/#\\\/schema\\\/logo\\\/image\\\/\",\"url\":\"https:\\\/\\\/www.lassociation.fr\\\/backoffice\\\/wp-content\\\/uploads\\\/2019\\\/11\\\/asso_large.png\",\"contentUrl\":\"https:\\\/\\\/www.lassociation.fr\\\/backoffice\\\/wp-content\\\/uploads\\\/2019\\\/11\\\/asso_large.png\",\"width\":1200,\"height\":630,\"caption\":\"L\u2019Association\"},\"image\":{\"@id\":\"https:\\\/\\\/www.lassociation.fr\\\/en\\\/#\\\/schema\\\/logo\\\/image\\\/\"},\"sameAs\":[\"https:\\\/\\\/www.facebook.com\\\/lhydrelasso\\\/\",\"https:\\\/\\\/x.com\\\/lassociation\",\"https:\\\/\\\/www.instagram.com\\\/editions_lassociation\",\"https:\\\/\\\/fr.wikipedia.org\\\/wiki\\\/LAssociation\",\"https:\\\/\\\/www.youtube.com\\\/@editions_lassociation\"]}]}<\/script>","yoast_head_json":{"title":"M\u0103m\u0103lig\u0103 - L\u2019Association","robots":{"index":"index","follow":"follow","max-snippet":"max-snippet:-1","max-image-preview":"max-image-preview:large","max-video-preview":"max-video-preview:-1"},"canonical":"https:\/\/www.lassociation.fr\/en\/catalogue\/mamaliga\/","og_locale":"en_US","og_type":"article","og_title":"M\u0103m\u0103lig\u0103 - L\u2019Association","og_description":"Et si grandir, c\u2019\u00e9tait apprendre \u00e0 habiter le monde seule ? Avec M\u0103m\u0103lig\u0103, Zo\u00e9 Barth\u00e9l\u00e9my signe un premier r\u00e9cit intime et lumineux sur le passage \u00e0 l\u2019\u00e2ge adulte. \u00c0 travers son d\u00e9part en Erasmus en Roumanie, elle raconte six mois de bascule : la premi\u00e8re vraie s\u00e9paration avec la famille et les amis, la d\u00e9couverte [&hellip;]","og_url":"https:\/\/www.lassociation.fr\/en\/catalogue\/mamaliga\/","og_site_name":"L\u2019Association","article_publisher":"https:\/\/www.facebook.com\/lhydrelasso\/","article_modified_time":"2026-05-12T21:00:04+00:00","og_image":[{"width":762,"height":1000,"url":"https:\/\/www.lassociation.fr\/backoffice\/wp-content\/uploads\/2026\/05\/Mamaliga_couv.jpg","type":"image\/jpeg"}],"twitter_card":"summary_large_image","twitter_site":"@lassociation","schema":{"@context":"https:\/\/schema.org","@graph":[{"@type":"WebPage","@id":"https:\/\/www.lassociation.fr\/en\/catalogue\/mamaliga\/","url":"https:\/\/www.lassociation.fr\/en\/catalogue\/mamaliga\/","name":"M\u0103m\u0103lig\u0103 - L\u2019Association","isPartOf":{"@id":"https:\/\/www.lassociation.fr\/en\/#website"},"primaryImageOfPage":{"@id":"https:\/\/www.lassociation.fr\/en\/catalogue\/mamaliga\/#primaryimage"},"image":{"@id":"https:\/\/www.lassociation.fr\/en\/catalogue\/mamaliga\/#primaryimage"},"thumbnailUrl":"https:\/\/www.lassociation.fr\/backoffice\/wp-content\/uploads\/2026\/05\/Mamaliga_couv.jpg","datePublished":"2026-04-07T12:19:52+00:00","dateModified":"2026-05-12T21:00:04+00:00","breadcrumb":{"@id":"https:\/\/www.lassociation.fr\/en\/catalogue\/mamaliga\/#breadcrumb"},"inLanguage":"en-US","potentialAction":[{"@type":"ReadAction","target":["https:\/\/www.lassociation.fr\/en\/catalogue\/mamaliga\/"]}]},{"@type":"ImageObject","inLanguage":"en-US","@id":"https:\/\/www.lassociation.fr\/en\/catalogue\/mamaliga\/#primaryimage","url":"https:\/\/www.lassociation.fr\/backoffice\/wp-content\/uploads\/2026\/05\/Mamaliga_couv.jpg","contentUrl":"https:\/\/www.lassociation.fr\/backoffice\/wp-content\/uploads\/2026\/05\/Mamaliga_couv.jpg","width":762,"height":1000},{"@type":"BreadcrumbList","@id":"https:\/\/www.lassociation.fr\/en\/catalogue\/mamaliga\/#breadcrumb","itemListElement":[{"@type":"ListItem","position":1,"name":"Accueil","item":"https:\/\/www.lassociation.fr\/en\/"},{"@type":"ListItem","position":2,"name":"Catalog","item":"https:\/\/www.lassociation.fr\/en\/catalogue\/"},{"@type":"ListItem","position":3,"name":"M\u0103m\u0103lig\u0103"}]},{"@type":"WebSite","@id":"https:\/\/www.lassociation.fr\/en\/#website","url":"https:\/\/www.lassociation.fr\/en\/","name":"L\u2019Association","description":"Maison d\u2019\u00e9dition fran\u00e7aise de bande dessin\u00e9e, fond\u00e9e en 1990.","publisher":{"@id":"https:\/\/www.lassociation.fr\/en\/#organization"},"potentialAction":[{"@type":"SearchAction","target":{"@type":"EntryPoint","urlTemplate":"https:\/\/www.lassociation.fr\/en\/?s={search_term_string}"},"query-input":{"@type":"PropertyValueSpecification","valueRequired":true,"valueName":"search_term_string"}}],"inLanguage":"en-US"},{"@type":"Organization","@id":"https:\/\/www.lassociation.fr\/en\/#organization","name":"L\u2019Association","url":"https:\/\/www.lassociation.fr\/en\/","logo":{"@type":"ImageObject","inLanguage":"en-US","@id":"https:\/\/www.lassociation.fr\/en\/#\/schema\/logo\/image\/","url":"https:\/\/www.lassociation.fr\/backoffice\/wp-content\/uploads\/2019\/11\/asso_large.png","contentUrl":"https:\/\/www.lassociation.fr\/backoffice\/wp-content\/uploads\/2019\/11\/asso_large.png","width":1200,"height":630,"caption":"L\u2019Association"},"image":{"@id":"https:\/\/www.lassociation.fr\/en\/#\/schema\/logo\/image\/"},"sameAs":["https:\/\/www.facebook.com\/lhydrelasso\/","https:\/\/x.com\/lassociation","https:\/\/www.instagram.com\/editions_lassociation","https:\/\/fr.wikipedia.org\/wiki\/LAssociation","https:\/\/www.youtube.com\/@editions_lassociation"]}]}},"_links":{"self":[{"href":"https:\/\/www.lassociation.fr\/en\/wp-json\/wp\/v2\/product\/27765","targetHints":{"allow":["GET"]}}],"collection":[{"href":"https:\/\/www.lassociation.fr\/en\/wp-json\/wp\/v2\/product"}],"about":[{"href":"https:\/\/www.lassociation.fr\/en\/wp-json\/wp\/v2\/types\/product"}],"wp:featuredmedia":[{"embeddable":true,"href":"https:\/\/www.lassociation.fr\/en\/wp-json\/wp\/v2\/media\/27766"}],"wp:attachment":[{"href":"https:\/\/www.lassociation.fr\/en\/wp-json\/wp\/v2\/media?parent=27765"}],"wp:term":[{"taxonomy":"product_cat","embeddable":true,"href":"https:\/\/www.lassociation.fr\/en\/wp-json\/wp\/v2\/product_cat?post=27765"},{"taxonomy":"product_tag","embeddable":true,"href":"https:\/\/www.lassociation.fr\/en\/wp-json\/wp\/v2\/product_tag?post=27765"}],"curies":[{"name":"wp","href":"https:\/\/api.w.org\/{rel}","templated":true}]}}