{"id":72,"date":"2019-01-03T00:54:45","date_gmt":"2019-01-02T23:54:45","guid":{"rendered":"http:https:\/\/www.lassociation.fr\/?post_type=product&#038;p=72"},"modified":"2025-03-12T10:59:37","modified_gmt":"2025-03-12T09:59:37","slug":"abonnement-a-mon-lapin-quotidien","status":"publish","type":"product","link":"https:\/\/www.lassociation.fr\/en\/catalogue\/abonnement-a-mon-lapin-quotidien\/","title":{"rendered":"Abonnement \u00e0 Mon Lapin Quotidien"},"content":{"rendered":"<p>L\u2019abonnement \u00e0 <em>Mon Lapin Quotidien<\/em> commence <strong>\u00e0 partir du num\u00e9ro \u00e0 para\u00eetre<\/strong>.<\/p>\n<p>Il est pour 4 num\u00e9ros par an.<\/p>\n<p>Si vous souhaitez le faire d\u00e9buter \u00e0 partir du num\u00e9ro en cours, il vous suffit de l\u2019indiquer lors du paiement de votre commande.<\/p>\n<p>L\u2019abonnement doit \u00eatre pris seul dans une commande (Pas de frais de port suppl\u00e9mentaire).<\/p>\n<p>Attention si votre panier est d\u00e9j\u00e0 rempli, le contenu sera supprim\u00e9.<\/p>\n","protected":false},"excerpt":{"rendered":"<p>L\u2019abonnement \u00e0 Mon Lapin Quotidien commence \u00e0 partir du num\u00e9ro \u00e0 para\u00eetre. Il est pour 4 num\u00e9ros par an. Si vous souhaitez le faire d\u00e9buter \u00e0 partir du num\u00e9ro en cours, il vous suffit de l\u2019indiquer lors du paiement de votre commande. L\u2019abonnement doit \u00eatre pris seul dans une commande (Pas de frais de port [&hellip;]<\/p>\n","protected":false},"featured_media":4480,"template":"","meta":{"_acf_changed":false},"product_cat":[40],"product_tag":[],"class_list":{"0":"post-72","1":"product","2":"type-product","3":"status-publish","4":"has-post-thumbnail","6":"product_cat-lapin","7":"product_shipping_class-sans-frais-de-port","9":"first","10":"instock","11":"sold-individually","12":"taxable","13":"shipping-taxable","14":"product-type-variable-subscription"},"acf":[],"yoast_head":"<title>Abonnement \u00e0 Mon Lapin Quotidien - L\u2019Association<\/title>\n<meta name=\"robots\" content=\"index, follow, max-snippet:-1, max-image-preview:large, max-video-preview:-1\" \/>\n<link rel=\"canonical\" href=\"https:\/\/www.lassociation.fr\/en\/catalogue\/abonnement-a-mon-lapin-quotidien\/\" \/>\n<meta property=\"og:locale\" content=\"en_US\" \/>\n<meta property=\"og:type\" content=\"article\" \/>\n<meta property=\"og:title\" content=\"Abonnement \u00e0 Mon Lapin Quotidien - L\u2019Association\" \/>\n<meta property=\"og:description\" content=\"L\u2019abonnement \u00e0 Mon Lapin Quotidien commence \u00e0 partir du num\u00e9ro \u00e0 para\u00eetre. Il est pour 4 num\u00e9ros par an. Si vous souhaitez le faire d\u00e9buter \u00e0 partir du num\u00e9ro en cours, il vous suffit de l\u2019indiquer lors du paiement de votre commande. L\u2019abonnement doit \u00eatre pris seul dans une commande (Pas de frais de port [&hellip;]\" \/>\n<meta property=\"og:url\" content=\"https:\/\/www.lassociation.fr\/en\/catalogue\/abonnement-a-mon-lapin-quotidien\/\" \/>\n<meta property=\"og:site_name\" content=\"L\u2019Association\" \/>\n<meta property=\"article:publisher\" content=\"https:\/\/www.facebook.com\/lhydrelasso\/\" \/>\n<meta property=\"article:modified_time\" content=\"2025-03-12T09:59:37+00:00\" \/>\n<meta property=\"og:image\" content=\"https:\/\/www.lassociation.fr\/backoffice\/wp-content\/uploads\/2019\/01\/abonnement-mlq.jpg\" \/>\n\t<meta property=\"og:image:width\" content=\"1124\" \/>\n\t<meta property=\"og:image:height\" content=\"1276\" \/>\n\t<meta property=\"og:image:type\" content=\"image\/jpeg\" \/>\n<meta name=\"twitter:card\" content=\"summary_large_image\" \/>\n<meta name=\"twitter:site\" content=\"@lassociation\" \/>\n<script type=\"application\/ld+json\" class=\"yoast-schema-graph\">{\"@context\":\"https:\\\/\\\/schema.org\",\"@graph\":[{\"@type\":\"WebPage\",\"@id\":\"https:\\\/\\\/www.lassociation.fr\\\/en\\\/catalogue\\\/abonnement-a-mon-lapin-quotidien\\\/\",\"url\":\"https:\\\/\\\/www.lassociation.fr\\\/en\\\/catalogue\\\/abonnement-a-mon-lapin-quotidien\\\/\",\"name\":\"Abonnement \u00e0 Mon Lapin Quotidien - L\u2019Association\",\"isPartOf\":{\"@id\":\"https:\\\/\\\/www.lassociation.fr\\\/en\\\/#website\"},\"primaryImageOfPage\":{\"@id\":\"https:\\\/\\\/www.lassociation.fr\\\/en\\\/catalogue\\\/abonnement-a-mon-lapin-quotidien\\\/#primaryimage\"},\"image\":{\"@id\":\"https:\\\/\\\/www.lassociation.fr\\\/en\\\/catalogue\\\/abonnement-a-mon-lapin-quotidien\\\/#primaryimage\"},\"thumbnailUrl\":\"https:\\\/\\\/www.lassociation.fr\\\/backoffice\\\/wp-content\\\/uploads\\\/2019\\\/01\\\/abonnement-mlq.jpg\",\"datePublished\":\"2019-01-02T23:54:45+00:00\",\"dateModified\":\"2025-03-12T09:59:37+00:00\",\"breadcrumb\":{\"@id\":\"https:\\\/\\\/www.lassociation.fr\\\/en\\\/catalogue\\\/abonnement-a-mon-lapin-quotidien\\\/#breadcrumb\"},\"inLanguage\":\"en-US\",\"potentialAction\":[{\"@type\":\"ReadAction\",\"target\":[\"https:\\\/\\\/www.lassociation.fr\\\/en\\\/catalogue\\\/abonnement-a-mon-lapin-quotidien\\\/\"]}]},{\"@type\":\"ImageObject\",\"inLanguage\":\"en-US\",\"@id\":\"https:\\\/\\\/www.lassociation.fr\\\/en\\\/catalogue\\\/abonnement-a-mon-lapin-quotidien\\\/#primaryimage\",\"url\":\"https:\\\/\\\/www.lassociation.fr\\\/backoffice\\\/wp-content\\\/uploads\\\/2019\\\/01\\\/abonnement-mlq.jpg\",\"contentUrl\":\"https:\\\/\\\/www.lassociation.fr\\\/backoffice\\\/wp-content\\\/uploads\\\/2019\\\/01\\\/abonnement-mlq.jpg\",\"width\":1124,\"height\":1276},{\"@type\":\"BreadcrumbList\",\"@id\":\"https:\\\/\\\/www.lassociation.fr\\\/en\\\/catalogue\\\/abonnement-a-mon-lapin-quotidien\\\/#breadcrumb\",\"itemListElement\":[{\"@type\":\"ListItem\",\"position\":1,\"name\":\"Accueil\",\"item\":\"https:\\\/\\\/www.lassociation.fr\\\/en\\\/\"},{\"@type\":\"ListItem\",\"position\":2,\"name\":\"Catalog\",\"item\":\"https:\\\/\\\/www.lassociation.fr\\\/en\\\/catalogue\\\/\"},{\"@type\":\"ListItem\",\"position\":3,\"name\":\"Abonnement \u00e0 Mon Lapin Quotidien\"}]},{\"@type\":\"WebSite\",\"@id\":\"https:\\\/\\\/www.lassociation.fr\\\/en\\\/#website\",\"url\":\"https:\\\/\\\/www.lassociation.fr\\\/en\\\/\",\"name\":\"L\u2019Association\",\"description\":\"Maison d\u2019\u00e9dition fran\u00e7aise de bande dessin\u00e9e, fond\u00e9e en 1990.\",\"publisher\":{\"@id\":\"https:\\\/\\\/www.lassociation.fr\\\/en\\\/#organization\"},\"potentialAction\":[{\"@type\":\"SearchAction\",\"target\":{\"@type\":\"EntryPoint\",\"urlTemplate\":\"https:\\\/\\\/www.lassociation.fr\\\/en\\\/?s={search_term_string}\"},\"query-input\":{\"@type\":\"PropertyValueSpecification\",\"valueRequired\":true,\"valueName\":\"search_term_string\"}}],\"inLanguage\":\"en-US\"},{\"@type\":\"Organization\",\"@id\":\"https:\\\/\\\/www.lassociation.fr\\\/en\\\/#organization\",\"name\":\"L\u2019Association\",\"url\":\"https:\\\/\\\/www.lassociation.fr\\\/en\\\/\",\"logo\":{\"@type\":\"ImageObject\",\"inLanguage\":\"en-US\",\"@id\":\"https:\\\/\\\/www.lassociation.fr\\\/en\\\/#\\\/schema\\\/logo\\\/image\\\/\",\"url\":\"https:\\\/\\\/www.lassociation.fr\\\/backoffice\\\/wp-content\\\/uploads\\\/2019\\\/11\\\/asso_large.png\",\"contentUrl\":\"https:\\\/\\\/www.lassociation.fr\\\/backoffice\\\/wp-content\\\/uploads\\\/2019\\\/11\\\/asso_large.png\",\"width\":1200,\"height\":630,\"caption\":\"L\u2019Association\"},\"image\":{\"@id\":\"https:\\\/\\\/www.lassociation.fr\\\/en\\\/#\\\/schema\\\/logo\\\/image\\\/\"},\"sameAs\":[\"https:\\\/\\\/www.facebook.com\\\/lhydrelasso\\\/\",\"https:\\\/\\\/x.com\\\/lassociation\",\"https:\\\/\\\/www.instagram.com\\\/editions_lassociation\",\"https:\\\/\\\/fr.wikipedia.org\\\/wiki\\\/LAssociation\",\"https:\\\/\\\/www.youtube.com\\\/@editions_lassociation\"]}]}<\/script>","yoast_head_json":{"title":"Abonnement \u00e0 Mon Lapin Quotidien - L\u2019Association","robots":{"index":"index","follow":"follow","max-snippet":"max-snippet:-1","max-image-preview":"max-image-preview:large","max-video-preview":"max-video-preview:-1"},"canonical":"https:\/\/www.lassociation.fr\/en\/catalogue\/abonnement-a-mon-lapin-quotidien\/","og_locale":"en_US","og_type":"article","og_title":"Abonnement \u00e0 Mon Lapin Quotidien - L\u2019Association","og_description":"L\u2019abonnement \u00e0 Mon Lapin Quotidien commence \u00e0 partir du num\u00e9ro \u00e0 para\u00eetre. Il est pour 4 num\u00e9ros par an. Si vous souhaitez le faire d\u00e9buter \u00e0 partir du num\u00e9ro en cours, il vous suffit de l\u2019indiquer lors du paiement de votre commande. L\u2019abonnement doit \u00eatre pris seul dans une commande (Pas de frais de port [&hellip;]","og_url":"https:\/\/www.lassociation.fr\/en\/catalogue\/abonnement-a-mon-lapin-quotidien\/","og_site_name":"L\u2019Association","article_publisher":"https:\/\/www.facebook.com\/lhydrelasso\/","article_modified_time":"2025-03-12T09:59:37+00:00","og_image":[{"width":1124,"height":1276,"url":"https:\/\/www.lassociation.fr\/backoffice\/wp-content\/uploads\/2019\/01\/abonnement-mlq.jpg","type":"image\/jpeg"}],"twitter_card":"summary_large_image","twitter_site":"@lassociation","schema":{"@context":"https:\/\/schema.org","@graph":[{"@type":"WebPage","@id":"https:\/\/www.lassociation.fr\/en\/catalogue\/abonnement-a-mon-lapin-quotidien\/","url":"https:\/\/www.lassociation.fr\/en\/catalogue\/abonnement-a-mon-lapin-quotidien\/","name":"Abonnement \u00e0 Mon Lapin Quotidien - L\u2019Association","isPartOf":{"@id":"https:\/\/www.lassociation.fr\/en\/#website"},"primaryImageOfPage":{"@id":"https:\/\/www.lassociation.fr\/en\/catalogue\/abonnement-a-mon-lapin-quotidien\/#primaryimage"},"image":{"@id":"https:\/\/www.lassociation.fr\/en\/catalogue\/abonnement-a-mon-lapin-quotidien\/#primaryimage"},"thumbnailUrl":"https:\/\/www.lassociation.fr\/backoffice\/wp-content\/uploads\/2019\/01\/abonnement-mlq.jpg","datePublished":"2019-01-02T23:54:45+00:00","dateModified":"2025-03-12T09:59:37+00:00","breadcrumb":{"@id":"https:\/\/www.lassociation.fr\/en\/catalogue\/abonnement-a-mon-lapin-quotidien\/#breadcrumb"},"inLanguage":"en-US","potentialAction":[{"@type":"ReadAction","target":["https:\/\/www.lassociation.fr\/en\/catalogue\/abonnement-a-mon-lapin-quotidien\/"]}]},{"@type":"ImageObject","inLanguage":"en-US","@id":"https:\/\/www.lassociation.fr\/en\/catalogue\/abonnement-a-mon-lapin-quotidien\/#primaryimage","url":"https:\/\/www.lassociation.fr\/backoffice\/wp-content\/uploads\/2019\/01\/abonnement-mlq.jpg","contentUrl":"https:\/\/www.lassociation.fr\/backoffice\/wp-content\/uploads\/2019\/01\/abonnement-mlq.jpg","width":1124,"height":1276},{"@type":"BreadcrumbList","@id":"https:\/\/www.lassociation.fr\/en\/catalogue\/abonnement-a-mon-lapin-quotidien\/#breadcrumb","itemListElement":[{"@type":"ListItem","position":1,"name":"Accueil","item":"https:\/\/www.lassociation.fr\/en\/"},{"@type":"ListItem","position":2,"name":"Catalog","item":"https:\/\/www.lassociation.fr\/en\/catalogue\/"},{"@type":"ListItem","position":3,"name":"Abonnement \u00e0 Mon Lapin Quotidien"}]},{"@type":"WebSite","@id":"https:\/\/www.lassociation.fr\/en\/#website","url":"https:\/\/www.lassociation.fr\/en\/","name":"L\u2019Association","description":"Maison d\u2019\u00e9dition fran\u00e7aise de bande dessin\u00e9e, fond\u00e9e en 1990.","publisher":{"@id":"https:\/\/www.lassociation.fr\/en\/#organization"},"potentialAction":[{"@type":"SearchAction","target":{"@type":"EntryPoint","urlTemplate":"https:\/\/www.lassociation.fr\/en\/?s={search_term_string}"},"query-input":{"@type":"PropertyValueSpecification","valueRequired":true,"valueName":"search_term_string"}}],"inLanguage":"en-US"},{"@type":"Organization","@id":"https:\/\/www.lassociation.fr\/en\/#organization","name":"L\u2019Association","url":"https:\/\/www.lassociation.fr\/en\/","logo":{"@type":"ImageObject","inLanguage":"en-US","@id":"https:\/\/www.lassociation.fr\/en\/#\/schema\/logo\/image\/","url":"https:\/\/www.lassociation.fr\/backoffice\/wp-content\/uploads\/2019\/11\/asso_large.png","contentUrl":"https:\/\/www.lassociation.fr\/backoffice\/wp-content\/uploads\/2019\/11\/asso_large.png","width":1200,"height":630,"caption":"L\u2019Association"},"image":{"@id":"https:\/\/www.lassociation.fr\/en\/#\/schema\/logo\/image\/"},"sameAs":["https:\/\/www.facebook.com\/lhydrelasso\/","https:\/\/x.com\/lassociation","https:\/\/www.instagram.com\/editions_lassociation","https:\/\/fr.wikipedia.org\/wiki\/LAssociation","https:\/\/www.youtube.com\/@editions_lassociation"]}]}},"_links":{"self":[{"href":"https:\/\/www.lassociation.fr\/en\/wp-json\/wp\/v2\/product\/72","targetHints":{"allow":["GET"]}}],"collection":[{"href":"https:\/\/www.lassociation.fr\/en\/wp-json\/wp\/v2\/product"}],"about":[{"href":"https:\/\/www.lassociation.fr\/en\/wp-json\/wp\/v2\/types\/product"}],"wp:featuredmedia":[{"embeddable":true,"href":"https:\/\/www.lassociation.fr\/en\/wp-json\/wp\/v2\/media\/4480"}],"wp:attachment":[{"href":"https:\/\/www.lassociation.fr\/en\/wp-json\/wp\/v2\/media?parent=72"}],"wp:term":[{"taxonomy":"product_cat","embeddable":true,"href":"https:\/\/www.lassociation.fr\/en\/wp-json\/wp\/v2\/product_cat?post=72"},{"taxonomy":"product_tag","embeddable":true,"href":"https:\/\/www.lassociation.fr\/en\/wp-json\/wp\/v2\/product_tag?post=72"}],"curies":[{"name":"wp","href":"https:\/\/api.w.org\/{rel}","templated":true}]}}